{"id":28437,"date":"2023-12-06T16:12:38","date_gmt":"2023-12-06T15:12:38","guid":{"rendered":"https:\/\/www.beachspirit.fr\/bs\/?post_type=product&#038;p=28437"},"modified":"2024-04-19T10:06:12","modified_gmt":"2024-04-19T09:06:12","slug":"bonnet-club-recycles-a-patch-personnalisables-a-partir-de-8-5e","status":"publish","type":"product","link":"https:\/\/www.beachspirit.fr\/bs\/produit\/bonnet-club-recycles-a-patch-personnalisables-a-partir-de-8-5e\/","title":{"rendered":"Bonnet club recycl\u00e9s \u00e0 Patch personnalisables ( \u00e0 partir de 8 \u20ac)"},"content":{"rendered":"<h3><span style=\"color: #ff9900;\">Bonnet club <\/span><span style=\"color: #ff9900;\">recycl\u00e9 <\/span><span style=\"color: #ff9900;\">\u00e0 Patch personnalisable<\/span><\/h3>\n<p>Ces bonnets sont fabriqu\u00e9s en <a href=\"https:\/\/fr.wikipedia.org\/wiki\/Polyester\" target=\"_blank\" rel=\"noopener\">polyester<\/a> 100 % recycl\u00e9 et certifi\u00e9, soit l&rsquo;\u00e9quivalent d&rsquo;environ 2,5 bouteilles en plastique recycl\u00e9es, le B445R est le nouveau bonnet durable qui vient s&rsquo;ajouter \u00e0 la collection populaire de bonnets \u00e0 patch personnalisable Beechfield\u00ae. Ce mod\u00e8le respirant en tricot double \u00e9paisseur a un revers simple avec un patch en serg\u00e9 de coton offrant une large surface (10cm x 4.5cm) pour la personnalisation et la d\u00e9coration.<\/p>\n<p>&nbsp;<\/p>\n<p>mini 10 exemplaires et Tarifs d\u00e9gressifs suivant quantit\u00e9s<\/p>\n<ul>\n<li>Taille unique<\/li>\n<\/ul>\n<p>Existe en<\/p>\n<ul>\n<li>Bleu Marine<\/li>\n<li>Noir<\/li>\n<li>Gris<\/li>\n<\/ul>\n<p>Personnalisation flocage 1 couleur<\/p>\n<ul>\n<li><strong>Surface max<\/strong> 10cm x 4.5 cm)<\/li>\n<li><strong>Logo club<\/strong> \u00e0 nous fournir <strong>avant commande<\/strong> via la rubrique <a href=\"https:\/\/www.beachspirit.fr\/bs\/nous-contacter\/\" target=\"_blank\" rel=\"noopener\">nous contacter<\/a>\u00a0 en format vectoris\u00e9 (.SGG .AI .PDF &#8230;) ou bitmap (.JPEG .PNG) en bonne r\u00e9solution<\/li>\n<li><strong>Nom, num\u00e9ro de voile<\/strong> &#8230;etc \u00e0 pr\u00e9ciser en note de commande<\/li>\n<li><strong>Couleurs de la personnalisation possible<\/strong> : Blanc, Gris Clair, Bleu \u00e9lectrique, orange, rose clair, rouge, vert)<\/li>\n<\/ul>\n<p>&nbsp;<\/p>\n<p>Instructions de Lavage<\/p>\n<div class=\"row row-print--fix\">\n<div class=\"block tabContainerBlock col-12 mb-0\">\n<div class=\"block-content\">\n<div id=\"tab-content-reload\" class=\"tab-content d-none d-md-flex\">\n<div id=\"tab-specs\" class=\"tab-pane mt-1 active\">\n<ul>\n<li>Lavage en machine \u00e0 l&rsquo;eau ti\u00e8de, repassage \u00e0 basse temp\u00e9rature<\/li>\n<\/ul>\n<p>Pour toutes questions <a href=\"https:\/\/www.beachspirit.fr\/bs\/nous-contacter\/\" target=\"_blank\" rel=\"noopener\">contactez nous<\/a><\/p>\n<\/div>\n<\/div>\n<\/div>\n<\/div>\n<p>&nbsp;<\/p>\n<\/div>\n<p>&nbsp;<\/p>\n<div class=\"content-area\">\n<div class=\"row\"><\/div>\n<\/div>\n","protected":false},"excerpt":{"rendered":"<h2><span style=\"color: #ff9900;\">Bonnet club <\/span><span style=\"color: #ff9900;\">recycl\u00e9<\/span><span style=\"color: #ff9900;\"> \u00e0 patch personnalisables<\/span><\/h2>\n<p>Mini 10 exemplaires (descriptif ci dessous)<\/p>\n","protected":false},"featured_media":28444,"comment_status":"open","ping_status":"closed","template":"","meta":[],"product_brand":[],"product_cat":[485,443,407],"product_tag":[],"class_list":{"0":"post-28437","1":"product","2":"type-product","3":"status-publish","4":"has-post-thumbnail","6":"product_cat-bonnets-club-recycles-personnalises","7":"product_cat-boutique-clubs-ecoles-voile-char","8":"product_cat-lot-competition","9":"product_shipping_class-tarif-suivant-poids","11":"first","12":"instock","13":"purchasable","14":"product-type-variable"},"yoast_head":"<!-- This site is optimized with the Yoast SEO plugin v27.4 - https:\/\/yoast.com\/product\/yoast-seo-wordpress\/ -->\n<title>Bonnet club recycl\u00e9s \u00e0 Patch personnalisables ( \u00e0 partir de 8 \u20ac) - BEACH SPIRIT<\/title>\n<meta name=\"description\" content=\"Ce bonnet Fabriqu\u00e9 en polyester 100\u00a0% recycl\u00e9 et certifi\u00e9, soit l&#039;\u00e9quivalent d&#039;environ 2,5\u00a0bouteilles en plastique recycl\u00e9es, le B445R est le nouveau bonnet durable qui vient s&#039;ajouter \u00e0 la collection populaire de bonnets \u00e0 patch personnalisable Beechfield\u00ae. Ce mod\u00e8le respirant en tricot double \u00e9paisseur a un revers simple avec un patch en serg\u00e9 de coton offrant une large surface pour la personnalisation et la d\u00e9coration.\" \/>\n<meta name=\"robots\" content=\"index, follow, max-snippet:-1, max-image-preview:large, max-video-preview:-1\" \/>\n<link rel=\"canonical\" href=\"https:\/\/www.beachspirit.fr\/bs\/produit\/bonnet-club-recycles-a-patch-personnalisables-a-partir-de-8-5e\/\" \/>\n<meta property=\"og:locale\" content=\"fr_FR\" \/>\n<meta property=\"og:type\" content=\"article\" \/>\n<meta property=\"og:title\" content=\"Bonnet club recycl\u00e9s \u00e0 Patch personnalisables ( \u00e0 partir de 8 \u20ac) - BEACH SPIRIT\" \/>\n<meta property=\"og:description\" content=\"Ce bonnet Fabriqu\u00e9 en polyester 100\u00a0% recycl\u00e9 et certifi\u00e9, soit l&#039;\u00e9quivalent d&#039;environ 2,5\u00a0bouteilles en plastique recycl\u00e9es, le B445R est le nouveau bonnet durable qui vient s&#039;ajouter \u00e0 la collection populaire de bonnets \u00e0 patch personnalisable Beechfield\u00ae. Ce mod\u00e8le respirant en tricot double \u00e9paisseur a un revers simple avec un patch en serg\u00e9 de coton offrant une large surface pour la personnalisation et la d\u00e9coration.\" \/>\n<meta property=\"og:url\" content=\"https:\/\/www.beachspirit.fr\/bs\/produit\/bonnet-club-recycles-a-patch-personnalisables-a-partir-de-8-5e\/\" \/>\n<meta property=\"og:site_name\" content=\"BEACH SPIRIT\" \/>\n<meta property=\"article:publisher\" content=\"https:\/\/www.facebook.com\/beachspirit.fr\/\" \/>\n<meta property=\"article:modified_time\" content=\"2024-04-19T09:06:12+00:00\" \/>\n<meta property=\"og:image\" content=\"https:\/\/www.beachspirit.fr\/bs\/wp-content\/uploads\/2023\/12\/b445r_black_MON-CLUB.jpg\" \/>\n\t<meta property=\"og:image:width\" content=\"546\" \/>\n\t<meta property=\"og:image:height\" content=\"665\" \/>\n\t<meta property=\"og:image:type\" content=\"image\/jpeg\" \/>\n<meta name=\"twitter:card\" content=\"summary_large_image\" \/>\n<meta name=\"twitter:label1\" content=\"Dur\u00e9e de lecture estim\u00e9e\" \/>\n\t<meta name=\"twitter:data1\" content=\"2 minutes\" \/>\n<script type=\"application\/ld+json\" class=\"yoast-schema-graph\">{\"@context\":\"https:\\\/\\\/schema.org\",\"@graph\":[{\"@type\":\"WebPage\",\"@id\":\"https:\\\/\\\/www.beachspirit.fr\\\/bs\\\/produit\\\/bonnet-club-recycles-a-patch-personnalisables-a-partir-de-8-5e\\\/\",\"url\":\"https:\\\/\\\/www.beachspirit.fr\\\/bs\\\/produit\\\/bonnet-club-recycles-a-patch-personnalisables-a-partir-de-8-5e\\\/\",\"name\":\"Bonnet club recycl\u00e9s \u00e0 Patch personnalisables ( \u00e0 partir de 8 \u20ac) - BEACH SPIRIT\",\"isPartOf\":{\"@id\":\"https:\\\/\\\/www.beachspirit.fr\\\/bs\\\/#website\"},\"primaryImageOfPage\":{\"@id\":\"https:\\\/\\\/www.beachspirit.fr\\\/bs\\\/produit\\\/bonnet-club-recycles-a-patch-personnalisables-a-partir-de-8-5e\\\/#primaryimage\"},\"image\":{\"@id\":\"https:\\\/\\\/www.beachspirit.fr\\\/bs\\\/produit\\\/bonnet-club-recycles-a-patch-personnalisables-a-partir-de-8-5e\\\/#primaryimage\"},\"thumbnailUrl\":\"https:\\\/\\\/www.beachspirit.fr\\\/bs\\\/wp-content\\\/uploads\\\/2023\\\/12\\\/b445r_black_MON-CLUB.jpg\",\"datePublished\":\"2023-12-06T15:12:38+00:00\",\"dateModified\":\"2024-04-19T09:06:12+00:00\",\"description\":\"Ce bonnet Fabriqu\u00e9 en polyester 100\u00a0% recycl\u00e9 et certifi\u00e9, soit l'\u00e9quivalent d'environ 2,5\u00a0bouteilles en plastique recycl\u00e9es, le B445R est le nouveau bonnet durable qui vient s'ajouter \u00e0 la collection populaire de bonnets \u00e0 patch personnalisable Beechfield\u00ae. Ce mod\u00e8le respirant en tricot double \u00e9paisseur a un revers simple avec un patch en serg\u00e9 de coton offrant une large surface pour la personnalisation et la d\u00e9coration.\",\"breadcrumb\":{\"@id\":\"https:\\\/\\\/www.beachspirit.fr\\\/bs\\\/produit\\\/bonnet-club-recycles-a-patch-personnalisables-a-partir-de-8-5e\\\/#breadcrumb\"},\"inLanguage\":\"fr-FR\",\"potentialAction\":[{\"@type\":\"ReadAction\",\"target\":[\"https:\\\/\\\/www.beachspirit.fr\\\/bs\\\/produit\\\/bonnet-club-recycles-a-patch-personnalisables-a-partir-de-8-5e\\\/\"]}]},{\"@type\":\"ImageObject\",\"inLanguage\":\"fr-FR\",\"@id\":\"https:\\\/\\\/www.beachspirit.fr\\\/bs\\\/produit\\\/bonnet-club-recycles-a-patch-personnalisables-a-partir-de-8-5e\\\/#primaryimage\",\"url\":\"https:\\\/\\\/www.beachspirit.fr\\\/bs\\\/wp-content\\\/uploads\\\/2023\\\/12\\\/b445r_black_MON-CLUB.jpg\",\"contentUrl\":\"https:\\\/\\\/www.beachspirit.fr\\\/bs\\\/wp-content\\\/uploads\\\/2023\\\/12\\\/b445r_black_MON-CLUB.jpg\",\"width\":546,\"height\":665,\"caption\":\"Bonnet recycl\u00e9 \u00e0 patch personnalisable\"},{\"@type\":\"BreadcrumbList\",\"@id\":\"https:\\\/\\\/www.beachspirit.fr\\\/bs\\\/produit\\\/bonnet-club-recycles-a-patch-personnalisables-a-partir-de-8-5e\\\/#breadcrumb\",\"itemListElement\":[{\"@type\":\"ListItem\",\"position\":1,\"name\":\"Accueil\",\"item\":\"https:\\\/\\\/www.beachspirit.fr\\\/bs\\\/\"},{\"@type\":\"ListItem\",\"position\":2,\"name\":\"Boutique\",\"item\":\"https:\\\/\\\/www.beachspirit.fr\\\/bs\\\/boutique\\\/\"},{\"@type\":\"ListItem\",\"position\":3,\"name\":\"Bonnet club recycl\u00e9s \u00e0 Patch personnalisables ( \u00e0 partir de 8 \u20ac)\"}]},{\"@type\":\"WebSite\",\"@id\":\"https:\\\/\\\/www.beachspirit.fr\\\/bs\\\/#website\",\"url\":\"https:\\\/\\\/www.beachspirit.fr\\\/bs\\\/\",\"name\":\"BEACH SPIRIT\",\"description\":\"beach spirit approved\",\"publisher\":{\"@id\":\"https:\\\/\\\/www.beachspirit.fr\\\/bs\\\/#organization\"},\"potentialAction\":[{\"@type\":\"SearchAction\",\"target\":{\"@type\":\"EntryPoint\",\"urlTemplate\":\"https:\\\/\\\/www.beachspirit.fr\\\/bs\\\/?s={search_term_string}\"},\"query-input\":{\"@type\":\"PropertyValueSpecification\",\"valueRequired\":true,\"valueName\":\"search_term_string\"}}],\"inLanguage\":\"fr-FR\"},{\"@type\":\"Organization\",\"@id\":\"https:\\\/\\\/www.beachspirit.fr\\\/bs\\\/#organization\",\"name\":\"BEACH SPIRIT\",\"url\":\"https:\\\/\\\/www.beachspirit.fr\\\/bs\\\/\",\"logo\":{\"@type\":\"ImageObject\",\"inLanguage\":\"fr-FR\",\"@id\":\"https:\\\/\\\/www.beachspirit.fr\\\/bs\\\/#\\\/schema\\\/logo\\\/image\\\/\",\"url\":\"http:\\\/\\\/www.beachspirit.fr\\\/bs\\\/wp-content\\\/uploads\\\/2020\\\/03\\\/logoBS-petit-2.png\",\"contentUrl\":\"http:\\\/\\\/www.beachspirit.fr\\\/bs\\\/wp-content\\\/uploads\\\/2020\\\/03\\\/logoBS-petit-2.png\",\"width\":200,\"height\":117,\"caption\":\"BEACH SPIRIT\"},\"image\":{\"@id\":\"https:\\\/\\\/www.beachspirit.fr\\\/bs\\\/#\\\/schema\\\/logo\\\/image\\\/\"},\"sameAs\":[\"https:\\\/\\\/www.facebook.com\\\/beachspirit.fr\\\/\",\"https:\\\/\\\/www.instagram.com\\\/beachspirit.fr\\\/\"]}]}<\/script>\n<!-- \/ Yoast SEO plugin. -->","yoast_head_json":{"title":"Bonnet club recycl\u00e9s \u00e0 Patch personnalisables ( \u00e0 partir de 8 \u20ac) - BEACH SPIRIT","description":"Ce bonnet Fabriqu\u00e9 en polyester 100\u00a0% recycl\u00e9 et certifi\u00e9, soit l'\u00e9quivalent d'environ 2,5\u00a0bouteilles en plastique recycl\u00e9es, le B445R est le nouveau bonnet durable qui vient s'ajouter \u00e0 la collection populaire de bonnets \u00e0 patch personnalisable Beechfield\u00ae. Ce mod\u00e8le respirant en tricot double \u00e9paisseur a un revers simple avec un patch en serg\u00e9 de coton offrant une large surface pour la personnalisation et la d\u00e9coration.","robots":{"index":"index","follow":"follow","max-snippet":"max-snippet:-1","max-image-preview":"max-image-preview:large","max-video-preview":"max-video-preview:-1"},"canonical":"https:\/\/www.beachspirit.fr\/bs\/produit\/bonnet-club-recycles-a-patch-personnalisables-a-partir-de-8-5e\/","og_locale":"fr_FR","og_type":"article","og_title":"Bonnet club recycl\u00e9s \u00e0 Patch personnalisables ( \u00e0 partir de 8 \u20ac) - BEACH SPIRIT","og_description":"Ce bonnet Fabriqu\u00e9 en polyester 100\u00a0% recycl\u00e9 et certifi\u00e9, soit l'\u00e9quivalent d'environ 2,5\u00a0bouteilles en plastique recycl\u00e9es, le B445R est le nouveau bonnet durable qui vient s'ajouter \u00e0 la collection populaire de bonnets \u00e0 patch personnalisable Beechfield\u00ae. Ce mod\u00e8le respirant en tricot double \u00e9paisseur a un revers simple avec un patch en serg\u00e9 de coton offrant une large surface pour la personnalisation et la d\u00e9coration.","og_url":"https:\/\/www.beachspirit.fr\/bs\/produit\/bonnet-club-recycles-a-patch-personnalisables-a-partir-de-8-5e\/","og_site_name":"BEACH SPIRIT","article_publisher":"https:\/\/www.facebook.com\/beachspirit.fr\/","article_modified_time":"2024-04-19T09:06:12+00:00","og_image":[{"width":546,"height":665,"url":"https:\/\/www.beachspirit.fr\/bs\/wp-content\/uploads\/2023\/12\/b445r_black_MON-CLUB.jpg","type":"image\/jpeg"}],"twitter_card":"summary_large_image","twitter_misc":{"Dur\u00e9e de lecture estim\u00e9e":"2 minutes"},"schema":{"@context":"https:\/\/schema.org","@graph":[{"@type":"WebPage","@id":"https:\/\/www.beachspirit.fr\/bs\/produit\/bonnet-club-recycles-a-patch-personnalisables-a-partir-de-8-5e\/","url":"https:\/\/www.beachspirit.fr\/bs\/produit\/bonnet-club-recycles-a-patch-personnalisables-a-partir-de-8-5e\/","name":"Bonnet club recycl\u00e9s \u00e0 Patch personnalisables ( \u00e0 partir de 8 \u20ac) - BEACH SPIRIT","isPartOf":{"@id":"https:\/\/www.beachspirit.fr\/bs\/#website"},"primaryImageOfPage":{"@id":"https:\/\/www.beachspirit.fr\/bs\/produit\/bonnet-club-recycles-a-patch-personnalisables-a-partir-de-8-5e\/#primaryimage"},"image":{"@id":"https:\/\/www.beachspirit.fr\/bs\/produit\/bonnet-club-recycles-a-patch-personnalisables-a-partir-de-8-5e\/#primaryimage"},"thumbnailUrl":"https:\/\/www.beachspirit.fr\/bs\/wp-content\/uploads\/2023\/12\/b445r_black_MON-CLUB.jpg","datePublished":"2023-12-06T15:12:38+00:00","dateModified":"2024-04-19T09:06:12+00:00","description":"Ce bonnet Fabriqu\u00e9 en polyester 100\u00a0% recycl\u00e9 et certifi\u00e9, soit l'\u00e9quivalent d'environ 2,5\u00a0bouteilles en plastique recycl\u00e9es, le B445R est le nouveau bonnet durable qui vient s'ajouter \u00e0 la collection populaire de bonnets \u00e0 patch personnalisable Beechfield\u00ae. Ce mod\u00e8le respirant en tricot double \u00e9paisseur a un revers simple avec un patch en serg\u00e9 de coton offrant une large surface pour la personnalisation et la d\u00e9coration.","breadcrumb":{"@id":"https:\/\/www.beachspirit.fr\/bs\/produit\/bonnet-club-recycles-a-patch-personnalisables-a-partir-de-8-5e\/#breadcrumb"},"inLanguage":"fr-FR","potentialAction":[{"@type":"ReadAction","target":["https:\/\/www.beachspirit.fr\/bs\/produit\/bonnet-club-recycles-a-patch-personnalisables-a-partir-de-8-5e\/"]}]},{"@type":"ImageObject","inLanguage":"fr-FR","@id":"https:\/\/www.beachspirit.fr\/bs\/produit\/bonnet-club-recycles-a-patch-personnalisables-a-partir-de-8-5e\/#primaryimage","url":"https:\/\/www.beachspirit.fr\/bs\/wp-content\/uploads\/2023\/12\/b445r_black_MON-CLUB.jpg","contentUrl":"https:\/\/www.beachspirit.fr\/bs\/wp-content\/uploads\/2023\/12\/b445r_black_MON-CLUB.jpg","width":546,"height":665,"caption":"Bonnet recycl\u00e9 \u00e0 patch personnalisable"},{"@type":"BreadcrumbList","@id":"https:\/\/www.beachspirit.fr\/bs\/produit\/bonnet-club-recycles-a-patch-personnalisables-a-partir-de-8-5e\/#breadcrumb","itemListElement":[{"@type":"ListItem","position":1,"name":"Accueil","item":"https:\/\/www.beachspirit.fr\/bs\/"},{"@type":"ListItem","position":2,"name":"Boutique","item":"https:\/\/www.beachspirit.fr\/bs\/boutique\/"},{"@type":"ListItem","position":3,"name":"Bonnet club recycl\u00e9s \u00e0 Patch personnalisables ( \u00e0 partir de 8 \u20ac)"}]},{"@type":"WebSite","@id":"https:\/\/www.beachspirit.fr\/bs\/#website","url":"https:\/\/www.beachspirit.fr\/bs\/","name":"BEACH SPIRIT","description":"beach spirit approved","publisher":{"@id":"https:\/\/www.beachspirit.fr\/bs\/#organization"},"potentialAction":[{"@type":"SearchAction","target":{"@type":"EntryPoint","urlTemplate":"https:\/\/www.beachspirit.fr\/bs\/?s={search_term_string}"},"query-input":{"@type":"PropertyValueSpecification","valueRequired":true,"valueName":"search_term_string"}}],"inLanguage":"fr-FR"},{"@type":"Organization","@id":"https:\/\/www.beachspirit.fr\/bs\/#organization","name":"BEACH SPIRIT","url":"https:\/\/www.beachspirit.fr\/bs\/","logo":{"@type":"ImageObject","inLanguage":"fr-FR","@id":"https:\/\/www.beachspirit.fr\/bs\/#\/schema\/logo\/image\/","url":"http:\/\/www.beachspirit.fr\/bs\/wp-content\/uploads\/2020\/03\/logoBS-petit-2.png","contentUrl":"http:\/\/www.beachspirit.fr\/bs\/wp-content\/uploads\/2020\/03\/logoBS-petit-2.png","width":200,"height":117,"caption":"BEACH SPIRIT"},"image":{"@id":"https:\/\/www.beachspirit.fr\/bs\/#\/schema\/logo\/image\/"},"sameAs":["https:\/\/www.facebook.com\/beachspirit.fr\/","https:\/\/www.instagram.com\/beachspirit.fr\/"]}]}},"_links":{"self":[{"href":"https:\/\/www.beachspirit.fr\/bs\/wp-json\/wp\/v2\/product\/28437","targetHints":{"allow":["GET"]}}],"collection":[{"href":"https:\/\/www.beachspirit.fr\/bs\/wp-json\/wp\/v2\/product"}],"about":[{"href":"https:\/\/www.beachspirit.fr\/bs\/wp-json\/wp\/v2\/types\/product"}],"replies":[{"embeddable":true,"href":"https:\/\/www.beachspirit.fr\/bs\/wp-json\/wp\/v2\/comments?post=28437"}],"wp:featuredmedia":[{"embeddable":true,"href":"https:\/\/www.beachspirit.fr\/bs\/wp-json\/wp\/v2\/media\/28444"}],"wp:attachment":[{"href":"https:\/\/www.beachspirit.fr\/bs\/wp-json\/wp\/v2\/media?parent=28437"}],"wp:term":[{"taxonomy":"product_brand","embeddable":true,"href":"https:\/\/www.beachspirit.fr\/bs\/wp-json\/wp\/v2\/product_brand?post=28437"},{"taxonomy":"product_cat","embeddable":true,"href":"https:\/\/www.beachspirit.fr\/bs\/wp-json\/wp\/v2\/product_cat?post=28437"},{"taxonomy":"product_tag","embeddable":true,"href":"https:\/\/www.beachspirit.fr\/bs\/wp-json\/wp\/v2\/product_tag?post=28437"}],"curies":[{"name":"wp","href":"https:\/\/api.w.org\/{rel}","templated":true}]}}