{"id":28523,"date":"2024-02-09T12:20:12","date_gmt":"2024-02-09T11:20:12","guid":{"rendered":"https:\/\/www.beachspirit.fr\/bs\/?post_type=product&#038;p=28523"},"modified":"2024-02-09T17:45:32","modified_gmt":"2024-02-09T16:45:32","slug":"vestes-softshell-avm-80","status":"publish","type":"product","link":"https:\/\/www.beachspirit.fr\/bs\/produit\/vestes-softshell-avm-80\/","title":{"rendered":"Vestes Softshell AVM 80"},"content":{"rendered":"<h3><span style=\"color: #ff6600;\">Vestes Softshell \u00ab\u00a0AVM 80\u00a0\u00bb<\/span><\/h3>\n<h4><span style=\"color: #000000;\"><strong>Vestes softdhell personnalis\u00e9es S\u00e9rie sp\u00e9ciale <\/strong><\/span><a href=\"http:\/\/club-nautique-merlimont.fr\/\" target=\"_blank\" rel=\"noopener\"><span style=\"color: #ff6600;\">\u00ab\u00a0<\/span><\/a><a href=\"http:\/\/www.avm80.club\/\" target=\"_blank\" rel=\"noopener\"><span style=\"color: #ff6600;\"><span style=\"color: #0000ff;\">AVM 80<\/span><\/span><\/a><a href=\"http:\/\/club-nautique-merlimont.fr\/\" target=\"_blank\" rel=\"noopener\"><span style=\"color: #ff6600;\">\u00ab\u00a0<\/span><\/a><\/h4>\n<ul>\n<li><span style=\"color: #000000;\"><strong>Marque<\/strong> : Result Core R231M (hommes) ou R231F (femmes)<\/span><\/li>\n<li><span style=\"color: #000000;\"><strong>Mati\u00e8re :<\/strong>Fil m\u00e9canique 280 g\/m\u00b2 \u00e0 2 couches comprenant Couche ext\u00e9rieure\u00a0: 100% Polyester. Couche int\u00e9rieure\u00a0: Micro-polaire 100% Polyester<\/span><\/li>\n<li><span style=\"color: #000000;\"><strong>Grammage :<\/strong> 280 g\/m\u00b2<\/span><\/li>\n<li><span style=\"color: #000000;\"><strong>Tailles Hommes :\u00a0 <\/strong><b>S<\/b>\u00a048\u00a0<b>M<\/b>\u00a050\u00a0<b>L<\/b>\u00a054\u00a0<b>XL<\/b>\u00a056\u00a0<b>2XL<\/b>\u00a058\u00a0<b>3XL<\/b>\u00a060\u00a0<b>4XL<\/b> 62<\/span><\/li>\n<li><span style=\"color: #000000;\"><strong>Tailles Femmes :\u00a0<\/strong> <b>XS<\/b>\u00a034\u00a0<b>S<\/b>\u00a036\u00a0<b>M<\/b>\u00a038\u00a0<b>L<\/b>\u00a040\u00a0<b>XL<\/b>\u00a042\u00a0<b>2XL<\/b>\u00a044<\/span><\/li>\n<li><span style=\"color: #000000;\"><strong>Couleur<\/strong> : Bleu marine<\/span><\/li>\n<\/ul>\n<p><strong>Sp\u00e9cifications<\/strong> : Coutures d\u00e9coratives au-dessus. Fermeture \u00e9clair avant pleine longueur. Poches avant avec fermeture \u00e9clair. Protection pour le menton. Tissu extensible facile \u00e0 imprimer avec fil fris\u00e9 et sans \u00e9lasthanne. Micro-polaire int\u00e9rieure pour plus de chaleur. Manchette li\u00e9e \u00e0 \u00e9lastique Coupe cintr\u00e9e. Peut \u00eatre imprim\u00e9, s\u00e9rigraphi\u00e9 ou brod\u00e9. Certifi\u00e9 Oeko-Tex.<\/p>\n<div><strong>Instructions de Lavage :<\/strong>40 degr\u00e9s, ne pas blanchir, ne pas s\u00e9cher en machine, ne pas repasser, ne pas nettoyer \u00e0 sec<\/div>\n<div><\/div>\n<div>\n<p><span style=\"color: #000000;\"><strong>Marquage<\/strong><\/span><\/p>\n<p><span style=\"color: #000000;\"><strong>Poitrine<\/strong> :<\/span><\/p>\n<ul>\n<li><span style=\"color: #000000;\">logo \u00a0club sur le c\u0153ur\u00a0<\/span><\/li>\n<li>Possibilit\u00e9 de rajouter votre nom et (ou) n\u00b0 de voile (\u00e0 pr\u00e9ciser en \u00ab\u00a0note de commande\u00a0\u00bb<\/li>\n<\/ul>\n<p><span style=\"color: #000000;\"><strong>Livraisons :<\/strong><\/span><\/p>\n<p>Les livraisons sont faites 2 fois par mois<\/p>\n<p>Les commandes pass\u00e9es avant le 7 du mois sont livr\u00e9es le 15, les commandes pass\u00e9s avant le 22 sont livr\u00e9es en fin du mois (sous r\u00e9serve des stocks disponibles)<\/p>\n<p><span style=\"color: #000000;\"><strong>Vous pouvez b\u00e9n\u00e9ficier d&rsquo;une livraison gratuite au CLUB<\/strong> (cochez\u00a0 livraison sur site de comp\u00e9tition en fin de commande) comme indiqu\u00e9 ci dessous :<\/span><\/p>\n<div><span style=\"color: #000000;\">Si vous d\u00e9sirez <strong>une livraison par colissimo \u00e0 votre adresse<\/strong>, celle ci est payante. En ce cas cochez \u00ab\u00a0livraison par colissimo\u00a0\u00bb en fin de commande.<\/span><\/div>\n<\/div>\n<div><\/div>\n<div><\/div>\n<div><span style=\"color: #000000;\">Une question ?<\/span> <a href=\"https:\/\/www.beachspirit.fr\/bs\/nous-contacter\/\" target=\"_blank\" rel=\"noopener\">contactez nous<\/a><\/div>\n<p>&nbsp;<\/p>\n<p>&nbsp;<\/p>\n","protected":false},"excerpt":{"rendered":"<h2><span style=\"color: #ff6600;\">Vestes Softshell \u00ab\u00a0AVM 80\u00a0\u00bb<\/span><\/h2>\n<p><span style=\"color: #000000;\">Descriptif ci dessous<\/span><\/p>\n","protected":false},"featured_media":28517,"comment_status":"open","ping_status":"closed","template":"","meta":[],"product_brand":[],"product_cat":[580],"product_tag":[],"class_list":{"0":"post-28523","1":"product","2":"type-product","3":"status-publish","4":"has-post-thumbnail","6":"product_cat-avm-80","7":"product_shipping_class-tarif-suivant-poids","9":"first","10":"instock","11":"purchasable","12":"product-type-variable"},"yoast_head":"<!-- This site is optimized with the Yoast SEO plugin v27.4 - https:\/\/yoast.com\/product\/yoast-seo-wordpress\/ -->\n<title>Vestes Softshell AVM 80 - BEACH SPIRIT<\/title>\n<meta name=\"description\" content=\"Vestes softshell personnalis\u00e9es S\u00e9rie sp\u00e9ciale &quot;AVM 80&quot;\" \/>\n<meta name=\"robots\" content=\"index, follow, max-snippet:-1, max-image-preview:large, max-video-preview:-1\" \/>\n<link rel=\"canonical\" href=\"https:\/\/www.beachspirit.fr\/bs\/produit\/vestes-softshell-avm-80\/\" \/>\n<meta property=\"og:locale\" content=\"fr_FR\" \/>\n<meta property=\"og:type\" content=\"article\" \/>\n<meta property=\"og:title\" content=\"Vestes Softshell AVM 80 - BEACH SPIRIT\" \/>\n<meta property=\"og:description\" content=\"Vestes softshell personnalis\u00e9es S\u00e9rie sp\u00e9ciale &quot;AVM 80&quot;\" \/>\n<meta property=\"og:url\" content=\"https:\/\/www.beachspirit.fr\/bs\/produit\/vestes-softshell-avm-80\/\" \/>\n<meta property=\"og:site_name\" content=\"BEACH SPIRIT\" \/>\n<meta property=\"article:publisher\" content=\"https:\/\/www.facebook.com\/beachspirit.fr\/\" \/>\n<meta property=\"article:modified_time\" content=\"2024-02-09T16:45:32+00:00\" \/>\n<meta property=\"og:image\" content=\"https:\/\/www.beachspirit.fr\/bs\/wp-content\/uploads\/2024\/02\/SOFTSHELL-R231M-BLEU-LOGO.png\" \/>\n\t<meta property=\"og:image:width\" content=\"1701\" \/>\n\t<meta property=\"og:image:height\" content=\"2071\" \/>\n\t<meta property=\"og:image:type\" content=\"image\/png\" \/>\n<meta name=\"twitter:card\" content=\"summary_large_image\" \/>\n<meta name=\"twitter:label1\" content=\"Dur\u00e9e de lecture estim\u00e9e\" \/>\n\t<meta name=\"twitter:data1\" content=\"2 minutes\" \/>\n<script type=\"application\/ld+json\" class=\"yoast-schema-graph\">{\"@context\":\"https:\\\/\\\/schema.org\",\"@graph\":[{\"@type\":\"WebPage\",\"@id\":\"https:\\\/\\\/www.beachspirit.fr\\\/bs\\\/produit\\\/vestes-softshell-avm-80\\\/\",\"url\":\"https:\\\/\\\/www.beachspirit.fr\\\/bs\\\/produit\\\/vestes-softshell-avm-80\\\/\",\"name\":\"Vestes Softshell AVM 80 - BEACH SPIRIT\",\"isPartOf\":{\"@id\":\"https:\\\/\\\/www.beachspirit.fr\\\/bs\\\/#website\"},\"primaryImageOfPage\":{\"@id\":\"https:\\\/\\\/www.beachspirit.fr\\\/bs\\\/produit\\\/vestes-softshell-avm-80\\\/#primaryimage\"},\"image\":{\"@id\":\"https:\\\/\\\/www.beachspirit.fr\\\/bs\\\/produit\\\/vestes-softshell-avm-80\\\/#primaryimage\"},\"thumbnailUrl\":\"https:\\\/\\\/www.beachspirit.fr\\\/bs\\\/wp-content\\\/uploads\\\/2024\\\/02\\\/SOFTSHELL-R231M-BLEU-LOGO.png\",\"datePublished\":\"2024-02-09T11:20:12+00:00\",\"dateModified\":\"2024-02-09T16:45:32+00:00\",\"description\":\"Vestes softshell personnalis\u00e9es S\u00e9rie sp\u00e9ciale \\\"AVM 80\\\"\",\"breadcrumb\":{\"@id\":\"https:\\\/\\\/www.beachspirit.fr\\\/bs\\\/produit\\\/vestes-softshell-avm-80\\\/#breadcrumb\"},\"inLanguage\":\"fr-FR\",\"potentialAction\":[{\"@type\":\"ReadAction\",\"target\":[\"https:\\\/\\\/www.beachspirit.fr\\\/bs\\\/produit\\\/vestes-softshell-avm-80\\\/\"]}]},{\"@type\":\"ImageObject\",\"inLanguage\":\"fr-FR\",\"@id\":\"https:\\\/\\\/www.beachspirit.fr\\\/bs\\\/produit\\\/vestes-softshell-avm-80\\\/#primaryimage\",\"url\":\"https:\\\/\\\/www.beachspirit.fr\\\/bs\\\/wp-content\\\/uploads\\\/2024\\\/02\\\/SOFTSHELL-R231M-BLEU-LOGO.png\",\"contentUrl\":\"https:\\\/\\\/www.beachspirit.fr\\\/bs\\\/wp-content\\\/uploads\\\/2024\\\/02\\\/SOFTSHELL-R231M-BLEU-LOGO.png\",\"width\":1701,\"height\":2071,\"caption\":\"veste softshell serie sp\u00e9ciale articles avm 80\"},{\"@type\":\"BreadcrumbList\",\"@id\":\"https:\\\/\\\/www.beachspirit.fr\\\/bs\\\/produit\\\/vestes-softshell-avm-80\\\/#breadcrumb\",\"itemListElement\":[{\"@type\":\"ListItem\",\"position\":1,\"name\":\"Accueil\",\"item\":\"https:\\\/\\\/www.beachspirit.fr\\\/bs\\\/\"},{\"@type\":\"ListItem\",\"position\":2,\"name\":\"Boutique\",\"item\":\"https:\\\/\\\/www.beachspirit.fr\\\/bs\\\/boutique\\\/\"},{\"@type\":\"ListItem\",\"position\":3,\"name\":\"Vestes Softshell AVM 80\"}]},{\"@type\":\"WebSite\",\"@id\":\"https:\\\/\\\/www.beachspirit.fr\\\/bs\\\/#website\",\"url\":\"https:\\\/\\\/www.beachspirit.fr\\\/bs\\\/\",\"name\":\"BEACH SPIRIT\",\"description\":\"beach spirit approved\",\"publisher\":{\"@id\":\"https:\\\/\\\/www.beachspirit.fr\\\/bs\\\/#organization\"},\"potentialAction\":[{\"@type\":\"SearchAction\",\"target\":{\"@type\":\"EntryPoint\",\"urlTemplate\":\"https:\\\/\\\/www.beachspirit.fr\\\/bs\\\/?s={search_term_string}\"},\"query-input\":{\"@type\":\"PropertyValueSpecification\",\"valueRequired\":true,\"valueName\":\"search_term_string\"}}],\"inLanguage\":\"fr-FR\"},{\"@type\":\"Organization\",\"@id\":\"https:\\\/\\\/www.beachspirit.fr\\\/bs\\\/#organization\",\"name\":\"BEACH SPIRIT\",\"url\":\"https:\\\/\\\/www.beachspirit.fr\\\/bs\\\/\",\"logo\":{\"@type\":\"ImageObject\",\"inLanguage\":\"fr-FR\",\"@id\":\"https:\\\/\\\/www.beachspirit.fr\\\/bs\\\/#\\\/schema\\\/logo\\\/image\\\/\",\"url\":\"http:\\\/\\\/www.beachspirit.fr\\\/bs\\\/wp-content\\\/uploads\\\/2020\\\/03\\\/logoBS-petit-2.png\",\"contentUrl\":\"http:\\\/\\\/www.beachspirit.fr\\\/bs\\\/wp-content\\\/uploads\\\/2020\\\/03\\\/logoBS-petit-2.png\",\"width\":200,\"height\":117,\"caption\":\"BEACH SPIRIT\"},\"image\":{\"@id\":\"https:\\\/\\\/www.beachspirit.fr\\\/bs\\\/#\\\/schema\\\/logo\\\/image\\\/\"},\"sameAs\":[\"https:\\\/\\\/www.facebook.com\\\/beachspirit.fr\\\/\",\"https:\\\/\\\/www.instagram.com\\\/beachspirit.fr\\\/\"]}]}<\/script>\n<!-- \/ Yoast SEO plugin. -->","yoast_head_json":{"title":"Vestes Softshell AVM 80 - BEACH SPIRIT","description":"Vestes softshell personnalis\u00e9es S\u00e9rie sp\u00e9ciale \"AVM 80\"","robots":{"index":"index","follow":"follow","max-snippet":"max-snippet:-1","max-image-preview":"max-image-preview:large","max-video-preview":"max-video-preview:-1"},"canonical":"https:\/\/www.beachspirit.fr\/bs\/produit\/vestes-softshell-avm-80\/","og_locale":"fr_FR","og_type":"article","og_title":"Vestes Softshell AVM 80 - BEACH SPIRIT","og_description":"Vestes softshell personnalis\u00e9es S\u00e9rie sp\u00e9ciale \"AVM 80\"","og_url":"https:\/\/www.beachspirit.fr\/bs\/produit\/vestes-softshell-avm-80\/","og_site_name":"BEACH SPIRIT","article_publisher":"https:\/\/www.facebook.com\/beachspirit.fr\/","article_modified_time":"2024-02-09T16:45:32+00:00","og_image":[{"width":1701,"height":2071,"url":"https:\/\/www.beachspirit.fr\/bs\/wp-content\/uploads\/2024\/02\/SOFTSHELL-R231M-BLEU-LOGO.png","type":"image\/png"}],"twitter_card":"summary_large_image","twitter_misc":{"Dur\u00e9e de lecture estim\u00e9e":"2 minutes"},"schema":{"@context":"https:\/\/schema.org","@graph":[{"@type":"WebPage","@id":"https:\/\/www.beachspirit.fr\/bs\/produit\/vestes-softshell-avm-80\/","url":"https:\/\/www.beachspirit.fr\/bs\/produit\/vestes-softshell-avm-80\/","name":"Vestes Softshell AVM 80 - BEACH SPIRIT","isPartOf":{"@id":"https:\/\/www.beachspirit.fr\/bs\/#website"},"primaryImageOfPage":{"@id":"https:\/\/www.beachspirit.fr\/bs\/produit\/vestes-softshell-avm-80\/#primaryimage"},"image":{"@id":"https:\/\/www.beachspirit.fr\/bs\/produit\/vestes-softshell-avm-80\/#primaryimage"},"thumbnailUrl":"https:\/\/www.beachspirit.fr\/bs\/wp-content\/uploads\/2024\/02\/SOFTSHELL-R231M-BLEU-LOGO.png","datePublished":"2024-02-09T11:20:12+00:00","dateModified":"2024-02-09T16:45:32+00:00","description":"Vestes softshell personnalis\u00e9es S\u00e9rie sp\u00e9ciale \"AVM 80\"","breadcrumb":{"@id":"https:\/\/www.beachspirit.fr\/bs\/produit\/vestes-softshell-avm-80\/#breadcrumb"},"inLanguage":"fr-FR","potentialAction":[{"@type":"ReadAction","target":["https:\/\/www.beachspirit.fr\/bs\/produit\/vestes-softshell-avm-80\/"]}]},{"@type":"ImageObject","inLanguage":"fr-FR","@id":"https:\/\/www.beachspirit.fr\/bs\/produit\/vestes-softshell-avm-80\/#primaryimage","url":"https:\/\/www.beachspirit.fr\/bs\/wp-content\/uploads\/2024\/02\/SOFTSHELL-R231M-BLEU-LOGO.png","contentUrl":"https:\/\/www.beachspirit.fr\/bs\/wp-content\/uploads\/2024\/02\/SOFTSHELL-R231M-BLEU-LOGO.png","width":1701,"height":2071,"caption":"veste softshell serie sp\u00e9ciale articles avm 80"},{"@type":"BreadcrumbList","@id":"https:\/\/www.beachspirit.fr\/bs\/produit\/vestes-softshell-avm-80\/#breadcrumb","itemListElement":[{"@type":"ListItem","position":1,"name":"Accueil","item":"https:\/\/www.beachspirit.fr\/bs\/"},{"@type":"ListItem","position":2,"name":"Boutique","item":"https:\/\/www.beachspirit.fr\/bs\/boutique\/"},{"@type":"ListItem","position":3,"name":"Vestes Softshell AVM 80"}]},{"@type":"WebSite","@id":"https:\/\/www.beachspirit.fr\/bs\/#website","url":"https:\/\/www.beachspirit.fr\/bs\/","name":"BEACH SPIRIT","description":"beach spirit approved","publisher":{"@id":"https:\/\/www.beachspirit.fr\/bs\/#organization"},"potentialAction":[{"@type":"SearchAction","target":{"@type":"EntryPoint","urlTemplate":"https:\/\/www.beachspirit.fr\/bs\/?s={search_term_string}"},"query-input":{"@type":"PropertyValueSpecification","valueRequired":true,"valueName":"search_term_string"}}],"inLanguage":"fr-FR"},{"@type":"Organization","@id":"https:\/\/www.beachspirit.fr\/bs\/#organization","name":"BEACH SPIRIT","url":"https:\/\/www.beachspirit.fr\/bs\/","logo":{"@type":"ImageObject","inLanguage":"fr-FR","@id":"https:\/\/www.beachspirit.fr\/bs\/#\/schema\/logo\/image\/","url":"http:\/\/www.beachspirit.fr\/bs\/wp-content\/uploads\/2020\/03\/logoBS-petit-2.png","contentUrl":"http:\/\/www.beachspirit.fr\/bs\/wp-content\/uploads\/2020\/03\/logoBS-petit-2.png","width":200,"height":117,"caption":"BEACH SPIRIT"},"image":{"@id":"https:\/\/www.beachspirit.fr\/bs\/#\/schema\/logo\/image\/"},"sameAs":["https:\/\/www.facebook.com\/beachspirit.fr\/","https:\/\/www.instagram.com\/beachspirit.fr\/"]}]}},"_links":{"self":[{"href":"https:\/\/www.beachspirit.fr\/bs\/wp-json\/wp\/v2\/product\/28523","targetHints":{"allow":["GET"]}}],"collection":[{"href":"https:\/\/www.beachspirit.fr\/bs\/wp-json\/wp\/v2\/product"}],"about":[{"href":"https:\/\/www.beachspirit.fr\/bs\/wp-json\/wp\/v2\/types\/product"}],"replies":[{"embeddable":true,"href":"https:\/\/www.beachspirit.fr\/bs\/wp-json\/wp\/v2\/comments?post=28523"}],"wp:featuredmedia":[{"embeddable":true,"href":"https:\/\/www.beachspirit.fr\/bs\/wp-json\/wp\/v2\/media\/28517"}],"wp:attachment":[{"href":"https:\/\/www.beachspirit.fr\/bs\/wp-json\/wp\/v2\/media?parent=28523"}],"wp:term":[{"taxonomy":"product_brand","embeddable":true,"href":"https:\/\/www.beachspirit.fr\/bs\/wp-json\/wp\/v2\/product_brand?post=28523"},{"taxonomy":"product_cat","embeddable":true,"href":"https:\/\/www.beachspirit.fr\/bs\/wp-json\/wp\/v2\/product_cat?post=28523"},{"taxonomy":"product_tag","embeddable":true,"href":"https:\/\/www.beachspirit.fr\/bs\/wp-json\/wp\/v2\/product_tag?post=28523"}],"curies":[{"name":"wp","href":"https:\/\/api.w.org\/{rel}","templated":true}]}}