{"id":28525,"date":"2024-02-09T12:54:34","date_gmt":"2024-02-09T11:54:34","guid":{"rendered":"https:\/\/www.beachspirit.fr\/bs\/?post_type=product&#038;p=28525"},"modified":"2024-02-09T17:55:37","modified_gmt":"2024-02-09T16:55:37","slug":"polos-avm-80-copie","status":"publish","type":"product","link":"https:\/\/www.beachspirit.fr\/bs\/produit\/polos-avm-80-copie\/","title":{"rendered":"Polos AVM 80"},"content":{"rendered":"<h3><span style=\"color: #ff6600;\">Polos personnalis\u00e9s\u00a0 \u00ab\u00a0AVM 80\u00a0\u00bb<\/span><\/h3>\n<h4><span style=\"color: #000000;\"><strong>Polos personnalis\u00e9s S\u00e9rie sp\u00e9ciale <\/strong><\/span><a href=\"http:\/\/club-nautique-merlimont.fr\/\" target=\"_blank\" rel=\"noopener\"><span style=\"color: #ff6600;\">\u00ab\u00a0<\/span><\/a><a href=\"http:\/\/www.avm80.club\/\" target=\"_blank\" rel=\"noopener\"><span style=\"color: #ff6600;\"><span style=\"color: #0000ff;\">AVM 80<\/span><\/span><\/a><a href=\"http:\/\/club-nautique-merlimont.fr\/\" target=\"_blank\" rel=\"noopener\"><span style=\"color: #ff6600;\">\u00ab\u00a0<\/span><\/a><\/h4>\n<ul>\n<li><span style=\"color: #000000;\"><strong>Marque<\/strong> ASQUITH&amp;Fox AQ011<\/span><\/li>\n<li><span style=\"color: #000000;\"><strong>Mati\u00e8re<\/strong> 100% Coton peign\u00e9 \u00e0 fil de cha\u00eene continu (ringspun)<\/span><\/li>\n<li><span style=\"color: #000000;\"><strong>Grammage<\/strong> 200 g\/m\u00b2<\/span><\/li>\n<li><span style=\"color: #000000;\"><strong>Tailles : <b>S<\/b>\u00a038\u00a0<b>M<\/b>\u00a040\u00a0<b>L<\/b>\u00a042\u00a0<b>XL<\/b>\u00a044\u00a0<b>2XL<\/b>\u00a046\u00a0<b>3XL<\/b>\u00a048<\/strong><\/span><\/li>\n<li><span style=\"color: #000000;\"><strong>Couleur<\/strong> : Bleu marine<\/span><\/li>\n<\/ul>\n<p>Polo de coupe classique \u00e0\u00a0 passepoil contrast\u00e9 sur le col et les poignets. Patte de boutonnage \u00e0\u00a0 2 boutons. Manches courtes. Fentes lat\u00e9rales. Col et poignets en tricot. Lavable en machine. Certifi\u00e9 WRAP. Certifi\u00e9 BSCI. Certifi\u00e9 SEDEX.<\/p>\n<div><span style=\"color: #000000;\"><strong>Instructions de Lavage\u00a0 :<\/strong> Lavage en machine \u00e0 30\u00b0, v\u00eatement retourn\u00e9 pour pr\u00e9server le marquage. Ne pas blanchir. S\u00e9chage en machine \u00e0 basse temp\u00e9rature. Repassage \u00e0 faible temp\u00e9rature. Ne pas nettoyer \u00e0 sec<\/span><\/div>\n<div><\/div>\n<div>\n<p><span style=\"color: #000000;\"><strong>Marquage<\/strong><\/span><\/p>\n<p><span style=\"color: #000000;\"><strong>Poitrine<\/strong> :<\/span><\/p>\n<ul>\n<li><span style=\"color: #000000;\">logo \u00a0club sur le c\u0153ur\u00a0<\/span><\/li>\n<li>Possibilit\u00e9 de rajouter votre nom et (ou) n\u00b0 de voile (\u00e0 pr\u00e9ciser en \u00ab\u00a0note de commande\u00a0\u00bb<\/li>\n<\/ul>\n<p><span style=\"color: #000000;\"><strong>Livraisons :<\/strong><\/span><\/p>\n<p>Les livraisons sont faites 2 fois par mois<\/p>\n<p>Les commandes pass\u00e9es avant le 7 du mois sont livr\u00e9es le 15, les commandes pass\u00e9s avant le 22 sont livr\u00e9es en fin du mois (sous r\u00e9serve des stocks disponibles)<\/p>\n<p><span style=\"color: #000000;\"><strong>Vous pouvez b\u00e9n\u00e9ficier d&rsquo;une livraison gratuite au CLUB<\/strong> (cochez\u00a0 livraison sur site de comp\u00e9tition en fin de commande) comme indiqu\u00e9 ci dessous :<\/span><\/p>\n<div><span style=\"color: #000000;\">Si vous d\u00e9sirez <strong>une livraison par colissimo \u00e0 votre adresse<\/strong>, celle ci est payante. En ce cas cochez \u00ab\u00a0livraison par colissimo\u00a0\u00bb en fin de commande.<\/span><\/div>\n<\/div>\n<div><\/div>\n<div><\/div>\n<div><span style=\"color: #000000;\">Une question ?<\/span> <a href=\"https:\/\/www.beachspirit.fr\/bs\/nous-contacter\/\" target=\"_blank\" rel=\"noopener\">contactez nous<\/a><\/div>\n<p>&nbsp;<\/p>\n<p>&nbsp;<\/p>\n","protected":false},"excerpt":{"rendered":"<h2><span style=\"color: #ff6600;\">Polos personnalis\u00e9s <\/span><span style=\"color: #ff6600;\">\u00ab\u00a0AVM 80\u00a0\u00bb<\/span><\/h2>\n<p><span style=\"color: #000000;\">Descriptif ci dessous<\/span><\/p>\n","protected":false},"featured_media":28527,"comment_status":"open","ping_status":"closed","template":"","meta":[],"product_brand":[],"product_cat":[580],"product_tag":[],"class_list":{"0":"post-28525","1":"product","2":"type-product","3":"status-publish","4":"has-post-thumbnail","6":"product_cat-avm-80","7":"product_shipping_class-tarif-suivant-poids","9":"first","10":"instock","11":"purchasable","12":"product-type-variable"},"yoast_head":"<!-- This site is optimized with the Yoast SEO plugin v27.4 - https:\/\/yoast.com\/product\/yoast-seo-wordpress\/ -->\n<title>Polos AVM 80 - BEACH SPIRIT<\/title>\n<meta name=\"description\" content=\"polos personnalis\u00e9s S\u00e9rie sp\u00e9ciale &quot;AVM 80&quot;\" \/>\n<meta name=\"robots\" content=\"index, follow, max-snippet:-1, max-image-preview:large, max-video-preview:-1\" \/>\n<link rel=\"canonical\" href=\"https:\/\/www.beachspirit.fr\/bs\/produit\/polos-avm-80-copie\/\" \/>\n<meta property=\"og:locale\" content=\"fr_FR\" \/>\n<meta property=\"og:type\" content=\"article\" \/>\n<meta property=\"og:title\" content=\"Polos AVM 80 - BEACH SPIRIT\" \/>\n<meta property=\"og:description\" content=\"polos personnalis\u00e9s S\u00e9rie sp\u00e9ciale &quot;AVM 80&quot;\" \/>\n<meta property=\"og:url\" content=\"https:\/\/www.beachspirit.fr\/bs\/produit\/polos-avm-80-copie\/\" \/>\n<meta property=\"og:site_name\" content=\"BEACH SPIRIT\" \/>\n<meta property=\"article:publisher\" content=\"https:\/\/www.facebook.com\/beachspirit.fr\/\" \/>\n<meta property=\"article:modified_time\" content=\"2024-02-09T16:55:37+00:00\" \/>\n<meta property=\"og:image\" content=\"https:\/\/www.beachspirit.fr\/bs\/wp-content\/uploads\/2024\/02\/polo-avm-80-BLEU-MARINE.jpg.png\" \/>\n\t<meta property=\"og:image:width\" content=\"1701\" \/>\n\t<meta property=\"og:image:height\" content=\"2071\" \/>\n\t<meta property=\"og:image:type\" content=\"image\/png\" \/>\n<meta name=\"twitter:card\" content=\"summary_large_image\" \/>\n<meta name=\"twitter:label1\" content=\"Dur\u00e9e de lecture estim\u00e9e\" \/>\n\t<meta name=\"twitter:data1\" content=\"2 minutes\" \/>\n<script type=\"application\/ld+json\" class=\"yoast-schema-graph\">{\"@context\":\"https:\\\/\\\/schema.org\",\"@graph\":[{\"@type\":\"WebPage\",\"@id\":\"https:\\\/\\\/www.beachspirit.fr\\\/bs\\\/produit\\\/polos-avm-80-copie\\\/\",\"url\":\"https:\\\/\\\/www.beachspirit.fr\\\/bs\\\/produit\\\/polos-avm-80-copie\\\/\",\"name\":\"Polos AVM 80 - BEACH SPIRIT\",\"isPartOf\":{\"@id\":\"https:\\\/\\\/www.beachspirit.fr\\\/bs\\\/#website\"},\"primaryImageOfPage\":{\"@id\":\"https:\\\/\\\/www.beachspirit.fr\\\/bs\\\/produit\\\/polos-avm-80-copie\\\/#primaryimage\"},\"image\":{\"@id\":\"https:\\\/\\\/www.beachspirit.fr\\\/bs\\\/produit\\\/polos-avm-80-copie\\\/#primaryimage\"},\"thumbnailUrl\":\"https:\\\/\\\/www.beachspirit.fr\\\/bs\\\/wp-content\\\/uploads\\\/2024\\\/02\\\/polo-avm-80-BLEU-MARINE.jpg.png\",\"datePublished\":\"2024-02-09T11:54:34+00:00\",\"dateModified\":\"2024-02-09T16:55:37+00:00\",\"description\":\"polos personnalis\u00e9s S\u00e9rie sp\u00e9ciale \\\"AVM 80\\\"\",\"breadcrumb\":{\"@id\":\"https:\\\/\\\/www.beachspirit.fr\\\/bs\\\/produit\\\/polos-avm-80-copie\\\/#breadcrumb\"},\"inLanguage\":\"fr-FR\",\"potentialAction\":[{\"@type\":\"ReadAction\",\"target\":[\"https:\\\/\\\/www.beachspirit.fr\\\/bs\\\/produit\\\/polos-avm-80-copie\\\/\"]}]},{\"@type\":\"ImageObject\",\"inLanguage\":\"fr-FR\",\"@id\":\"https:\\\/\\\/www.beachspirit.fr\\\/bs\\\/produit\\\/polos-avm-80-copie\\\/#primaryimage\",\"url\":\"https:\\\/\\\/www.beachspirit.fr\\\/bs\\\/wp-content\\\/uploads\\\/2024\\\/02\\\/polo-avm-80-BLEU-MARINE.jpg.png\",\"contentUrl\":\"https:\\\/\\\/www.beachspirit.fr\\\/bs\\\/wp-content\\\/uploads\\\/2024\\\/02\\\/polo-avm-80-BLEU-MARINE.jpg.png\",\"width\":1701,\"height\":2071,\"caption\":\"polos s\u00e9rie sp\u00e9ciale articles AVM 80\"},{\"@type\":\"BreadcrumbList\",\"@id\":\"https:\\\/\\\/www.beachspirit.fr\\\/bs\\\/produit\\\/polos-avm-80-copie\\\/#breadcrumb\",\"itemListElement\":[{\"@type\":\"ListItem\",\"position\":1,\"name\":\"Accueil\",\"item\":\"https:\\\/\\\/www.beachspirit.fr\\\/bs\\\/\"},{\"@type\":\"ListItem\",\"position\":2,\"name\":\"Boutique\",\"item\":\"https:\\\/\\\/www.beachspirit.fr\\\/bs\\\/boutique\\\/\"},{\"@type\":\"ListItem\",\"position\":3,\"name\":\"Polos AVM 80\"}]},{\"@type\":\"WebSite\",\"@id\":\"https:\\\/\\\/www.beachspirit.fr\\\/bs\\\/#website\",\"url\":\"https:\\\/\\\/www.beachspirit.fr\\\/bs\\\/\",\"name\":\"BEACH SPIRIT\",\"description\":\"beach spirit approved\",\"publisher\":{\"@id\":\"https:\\\/\\\/www.beachspirit.fr\\\/bs\\\/#organization\"},\"potentialAction\":[{\"@type\":\"SearchAction\",\"target\":{\"@type\":\"EntryPoint\",\"urlTemplate\":\"https:\\\/\\\/www.beachspirit.fr\\\/bs\\\/?s={search_term_string}\"},\"query-input\":{\"@type\":\"PropertyValueSpecification\",\"valueRequired\":true,\"valueName\":\"search_term_string\"}}],\"inLanguage\":\"fr-FR\"},{\"@type\":\"Organization\",\"@id\":\"https:\\\/\\\/www.beachspirit.fr\\\/bs\\\/#organization\",\"name\":\"BEACH SPIRIT\",\"url\":\"https:\\\/\\\/www.beachspirit.fr\\\/bs\\\/\",\"logo\":{\"@type\":\"ImageObject\",\"inLanguage\":\"fr-FR\",\"@id\":\"https:\\\/\\\/www.beachspirit.fr\\\/bs\\\/#\\\/schema\\\/logo\\\/image\\\/\",\"url\":\"http:\\\/\\\/www.beachspirit.fr\\\/bs\\\/wp-content\\\/uploads\\\/2020\\\/03\\\/logoBS-petit-2.png\",\"contentUrl\":\"http:\\\/\\\/www.beachspirit.fr\\\/bs\\\/wp-content\\\/uploads\\\/2020\\\/03\\\/logoBS-petit-2.png\",\"width\":200,\"height\":117,\"caption\":\"BEACH SPIRIT\"},\"image\":{\"@id\":\"https:\\\/\\\/www.beachspirit.fr\\\/bs\\\/#\\\/schema\\\/logo\\\/image\\\/\"},\"sameAs\":[\"https:\\\/\\\/www.facebook.com\\\/beachspirit.fr\\\/\",\"https:\\\/\\\/www.instagram.com\\\/beachspirit.fr\\\/\"]}]}<\/script>\n<!-- \/ Yoast SEO plugin. -->","yoast_head_json":{"title":"Polos AVM 80 - BEACH SPIRIT","description":"polos personnalis\u00e9s S\u00e9rie sp\u00e9ciale \"AVM 80\"","robots":{"index":"index","follow":"follow","max-snippet":"max-snippet:-1","max-image-preview":"max-image-preview:large","max-video-preview":"max-video-preview:-1"},"canonical":"https:\/\/www.beachspirit.fr\/bs\/produit\/polos-avm-80-copie\/","og_locale":"fr_FR","og_type":"article","og_title":"Polos AVM 80 - BEACH SPIRIT","og_description":"polos personnalis\u00e9s S\u00e9rie sp\u00e9ciale \"AVM 80\"","og_url":"https:\/\/www.beachspirit.fr\/bs\/produit\/polos-avm-80-copie\/","og_site_name":"BEACH SPIRIT","article_publisher":"https:\/\/www.facebook.com\/beachspirit.fr\/","article_modified_time":"2024-02-09T16:55:37+00:00","og_image":[{"width":1701,"height":2071,"url":"https:\/\/www.beachspirit.fr\/bs\/wp-content\/uploads\/2024\/02\/polo-avm-80-BLEU-MARINE.jpg.png","type":"image\/png"}],"twitter_card":"summary_large_image","twitter_misc":{"Dur\u00e9e de lecture estim\u00e9e":"2 minutes"},"schema":{"@context":"https:\/\/schema.org","@graph":[{"@type":"WebPage","@id":"https:\/\/www.beachspirit.fr\/bs\/produit\/polos-avm-80-copie\/","url":"https:\/\/www.beachspirit.fr\/bs\/produit\/polos-avm-80-copie\/","name":"Polos AVM 80 - BEACH SPIRIT","isPartOf":{"@id":"https:\/\/www.beachspirit.fr\/bs\/#website"},"primaryImageOfPage":{"@id":"https:\/\/www.beachspirit.fr\/bs\/produit\/polos-avm-80-copie\/#primaryimage"},"image":{"@id":"https:\/\/www.beachspirit.fr\/bs\/produit\/polos-avm-80-copie\/#primaryimage"},"thumbnailUrl":"https:\/\/www.beachspirit.fr\/bs\/wp-content\/uploads\/2024\/02\/polo-avm-80-BLEU-MARINE.jpg.png","datePublished":"2024-02-09T11:54:34+00:00","dateModified":"2024-02-09T16:55:37+00:00","description":"polos personnalis\u00e9s S\u00e9rie sp\u00e9ciale \"AVM 80\"","breadcrumb":{"@id":"https:\/\/www.beachspirit.fr\/bs\/produit\/polos-avm-80-copie\/#breadcrumb"},"inLanguage":"fr-FR","potentialAction":[{"@type":"ReadAction","target":["https:\/\/www.beachspirit.fr\/bs\/produit\/polos-avm-80-copie\/"]}]},{"@type":"ImageObject","inLanguage":"fr-FR","@id":"https:\/\/www.beachspirit.fr\/bs\/produit\/polos-avm-80-copie\/#primaryimage","url":"https:\/\/www.beachspirit.fr\/bs\/wp-content\/uploads\/2024\/02\/polo-avm-80-BLEU-MARINE.jpg.png","contentUrl":"https:\/\/www.beachspirit.fr\/bs\/wp-content\/uploads\/2024\/02\/polo-avm-80-BLEU-MARINE.jpg.png","width":1701,"height":2071,"caption":"polos s\u00e9rie sp\u00e9ciale articles AVM 80"},{"@type":"BreadcrumbList","@id":"https:\/\/www.beachspirit.fr\/bs\/produit\/polos-avm-80-copie\/#breadcrumb","itemListElement":[{"@type":"ListItem","position":1,"name":"Accueil","item":"https:\/\/www.beachspirit.fr\/bs\/"},{"@type":"ListItem","position":2,"name":"Boutique","item":"https:\/\/www.beachspirit.fr\/bs\/boutique\/"},{"@type":"ListItem","position":3,"name":"Polos AVM 80"}]},{"@type":"WebSite","@id":"https:\/\/www.beachspirit.fr\/bs\/#website","url":"https:\/\/www.beachspirit.fr\/bs\/","name":"BEACH SPIRIT","description":"beach spirit approved","publisher":{"@id":"https:\/\/www.beachspirit.fr\/bs\/#organization"},"potentialAction":[{"@type":"SearchAction","target":{"@type":"EntryPoint","urlTemplate":"https:\/\/www.beachspirit.fr\/bs\/?s={search_term_string}"},"query-input":{"@type":"PropertyValueSpecification","valueRequired":true,"valueName":"search_term_string"}}],"inLanguage":"fr-FR"},{"@type":"Organization","@id":"https:\/\/www.beachspirit.fr\/bs\/#organization","name":"BEACH SPIRIT","url":"https:\/\/www.beachspirit.fr\/bs\/","logo":{"@type":"ImageObject","inLanguage":"fr-FR","@id":"https:\/\/www.beachspirit.fr\/bs\/#\/schema\/logo\/image\/","url":"http:\/\/www.beachspirit.fr\/bs\/wp-content\/uploads\/2020\/03\/logoBS-petit-2.png","contentUrl":"http:\/\/www.beachspirit.fr\/bs\/wp-content\/uploads\/2020\/03\/logoBS-petit-2.png","width":200,"height":117,"caption":"BEACH SPIRIT"},"image":{"@id":"https:\/\/www.beachspirit.fr\/bs\/#\/schema\/logo\/image\/"},"sameAs":["https:\/\/www.facebook.com\/beachspirit.fr\/","https:\/\/www.instagram.com\/beachspirit.fr\/"]}]}},"_links":{"self":[{"href":"https:\/\/www.beachspirit.fr\/bs\/wp-json\/wp\/v2\/product\/28525","targetHints":{"allow":["GET"]}}],"collection":[{"href":"https:\/\/www.beachspirit.fr\/bs\/wp-json\/wp\/v2\/product"}],"about":[{"href":"https:\/\/www.beachspirit.fr\/bs\/wp-json\/wp\/v2\/types\/product"}],"replies":[{"embeddable":true,"href":"https:\/\/www.beachspirit.fr\/bs\/wp-json\/wp\/v2\/comments?post=28525"}],"wp:featuredmedia":[{"embeddable":true,"href":"https:\/\/www.beachspirit.fr\/bs\/wp-json\/wp\/v2\/media\/28527"}],"wp:attachment":[{"href":"https:\/\/www.beachspirit.fr\/bs\/wp-json\/wp\/v2\/media?parent=28525"}],"wp:term":[{"taxonomy":"product_brand","embeddable":true,"href":"https:\/\/www.beachspirit.fr\/bs\/wp-json\/wp\/v2\/product_brand?post=28525"},{"taxonomy":"product_cat","embeddable":true,"href":"https:\/\/www.beachspirit.fr\/bs\/wp-json\/wp\/v2\/product_cat?post=28525"},{"taxonomy":"product_tag","embeddable":true,"href":"https:\/\/www.beachspirit.fr\/bs\/wp-json\/wp\/v2\/product_tag?post=28525"}],"curies":[{"name":"wp","href":"https:\/\/api.w.org\/{rel}","templated":true}]}}