{"id":28530,"date":"2024-02-09T13:35:49","date_gmt":"2024-02-09T12:35:49","guid":{"rendered":"https:\/\/www.beachspirit.fr\/bs\/?post_type=product&#038;p=28530"},"modified":"2024-02-09T17:52:10","modified_gmt":"2024-02-09T16:52:10","slug":"casquette-avm-80","status":"publish","type":"product","link":"https:\/\/www.beachspirit.fr\/bs\/produit\/casquette-avm-80\/","title":{"rendered":"Casquette \u00ab\u00a0AVM 80\u00a0\u00bb"},"content":{"rendered":"<h3><span style=\"color: #ff6600;\">Casquette \u00ab\u00a0AVM 80\u00a0\u00bb<\/span><\/h3>\n<h4><span style=\"color: #ffff99;\"><strong><span style=\"color: #000000;\">Casquettes\u00a0 S\u00e9rie sp\u00e9ciale<\/span><a href=\"http:\/\/www.avm80.club\/\" target=\"_blank\" rel=\"noopener\"> \u00ab\u00a0AVM 80\u00a0\u00bb<\/a><\/strong><\/span><\/h4>\n<ul>\n<li><span style=\"color: #000000;\"><strong>Marque<\/strong> Beechfield BC 015<\/span><\/li>\n<li><span style=\"color: #000000;\"><strong>Mati\u00e8re<\/strong> : 100% Coton.serg\u00e9<\/span><\/li>\n<li><span style=\"color: #000000;\"><strong>Grammage : <\/strong>\u00a0 75 g<\/span><\/li>\n<li><span style=\"color: #000000;\"><strong>Tailles<\/strong> : <b>Taille unique (ajustable)<\/b><\/span><\/li>\n<li><span style=\"color: #000000;\"><strong>Couleur<\/strong> : Bleu Marine<\/span><\/li>\n<\/ul>\n<div>\n<p><span style=\"color: #000000;\">Casquette 5 panneaux Ultimate. Dispositif de r\u00e9glage de taille Rip-Strip&#x2122;. Certifi\u00e9 Reach.<\/span><\/p>\n<div><span style=\"color: #000000;\"><strong>Instructions de Lavage :<\/strong> Nettoyage \u00e0 l&rsquo;\u00e9ponge uniquement<\/span><\/div>\n<p>&nbsp;<\/p>\n<\/div>\n<div><\/div>\n<p><span style=\"color: #000000;\"><strong>Marquage<\/strong><\/span><\/p>\n<p><span style=\"color: #000000;\"><b>front<\/b>:<\/span><\/p>\n<ul>\n<li><span style=\"color: #000000;\">l<strong>ogo club<\/strong>\u00a0<\/span><\/li>\n<\/ul>\n<div>\n<p><span style=\"color: #000000;\"><strong>Livraisons :<\/strong><\/span><\/p>\n<p>Les livraisons sont faites 2 fois par mois<\/p>\n<p>Les commandes pass\u00e9es avant le 7 du mois sont livr\u00e9es le 15, les commandes pass\u00e9s avant le 22 sont livr\u00e9es en fin du mois (sous r\u00e9serve des stocks disponibles)<\/p>\n<p><span style=\"color: #000000;\"><strong>Vous pouvez b\u00e9n\u00e9ficier d&rsquo;une livraison gratuite au CLUB<\/strong> (cochez\u00a0 livraison sur site de comp\u00e9tition en fin de commande) comme indiqu\u00e9 ci dessous :<\/span><\/p>\n<div><span style=\"color: #000000;\">Si vous d\u00e9sirez <strong>une livraison par colissimo \u00e0 votre adresse<\/strong>, celle ci est payante. En ce cas cochez \u00ab\u00a0livraison par colissimo\u00a0\u00bb en fin de commande.<\/span><\/div>\n<\/div>\n<div><\/div>\n<div><\/div>\n<div><span style=\"color: #000000;\">Une question ?<\/span> <a href=\"https:\/\/www.beachspirit.fr\/bs\/nous-contacter\/\" target=\"_blank\" rel=\"noopener\">contactez nous<\/a><\/div>\n<p>&nbsp;<\/p>\n<p>&nbsp;<\/p>\n","protected":false},"excerpt":{"rendered":"<h2><span style=\"color: #ff6600;\">Casquette \u00ab\u00a0AVM 80\u00a0\u00bb<\/span><\/h2>\n<p><span style=\"color: #000000;\">Descriptif ci dessous<\/span><\/p>\n","protected":false},"featured_media":28512,"comment_status":"open","ping_status":"closed","template":"","meta":[],"product_brand":[],"product_cat":[580],"product_tag":[],"class_list":{"0":"post-28530","1":"product","2":"type-product","3":"status-publish","4":"has-post-thumbnail","6":"product_cat-avm-80","7":"product_shipping_class-tarif-suivant-poids","9":"first","10":"instock","11":"purchasable","12":"product-type-simple"},"yoast_head":"<!-- This site is optimized with the Yoast SEO plugin v27.4 - https:\/\/yoast.com\/product\/yoast-seo-wordpress\/ -->\n<title>Casquette &quot;AVM 80&quot; - BEACH SPIRIT<\/title>\n<meta name=\"description\" content=\"Casquettes\u00a0S\u00e9rie sp\u00e9ciale &quot;AVM 80&quot;\" \/>\n<meta name=\"robots\" content=\"index, follow, max-snippet:-1, max-image-preview:large, max-video-preview:-1\" \/>\n<link rel=\"canonical\" href=\"https:\/\/www.beachspirit.fr\/bs\/produit\/casquette-avm-80\/\" \/>\n<meta property=\"og:locale\" content=\"fr_FR\" \/>\n<meta property=\"og:type\" content=\"article\" \/>\n<meta property=\"og:title\" content=\"Casquette &quot;AVM 80&quot; - BEACH SPIRIT\" \/>\n<meta property=\"og:description\" content=\"Casquettes\u00a0S\u00e9rie sp\u00e9ciale &quot;AVM 80&quot;\" \/>\n<meta property=\"og:url\" content=\"https:\/\/www.beachspirit.fr\/bs\/produit\/casquette-avm-80\/\" \/>\n<meta property=\"og:site_name\" content=\"BEACH SPIRIT\" \/>\n<meta property=\"article:publisher\" content=\"https:\/\/www.facebook.com\/beachspirit.fr\/\" \/>\n<meta property=\"article:modified_time\" content=\"2024-02-09T16:52:10+00:00\" \/>\n<meta property=\"og:image\" content=\"https:\/\/www.beachspirit.fr\/bs\/wp-content\/uploads\/2024\/02\/casquette-avm-80.jpg\" \/>\n\t<meta property=\"og:image:width\" content=\"546\" \/>\n\t<meta property=\"og:image:height\" content=\"665\" \/>\n\t<meta property=\"og:image:type\" content=\"image\/jpeg\" \/>\n<meta name=\"twitter:card\" content=\"summary_large_image\" \/>\n<meta name=\"twitter:label1\" content=\"Dur\u00e9e de lecture estim\u00e9e\" \/>\n\t<meta name=\"twitter:data1\" content=\"1 minute\" \/>\n<script type=\"application\/ld+json\" class=\"yoast-schema-graph\">{\"@context\":\"https:\\\/\\\/schema.org\",\"@graph\":[{\"@type\":\"WebPage\",\"@id\":\"https:\\\/\\\/www.beachspirit.fr\\\/bs\\\/produit\\\/casquette-avm-80\\\/\",\"url\":\"https:\\\/\\\/www.beachspirit.fr\\\/bs\\\/produit\\\/casquette-avm-80\\\/\",\"name\":\"Casquette \\\"AVM 80\\\" - BEACH SPIRIT\",\"isPartOf\":{\"@id\":\"https:\\\/\\\/www.beachspirit.fr\\\/bs\\\/#website\"},\"primaryImageOfPage\":{\"@id\":\"https:\\\/\\\/www.beachspirit.fr\\\/bs\\\/produit\\\/casquette-avm-80\\\/#primaryimage\"},\"image\":{\"@id\":\"https:\\\/\\\/www.beachspirit.fr\\\/bs\\\/produit\\\/casquette-avm-80\\\/#primaryimage\"},\"thumbnailUrl\":\"https:\\\/\\\/www.beachspirit.fr\\\/bs\\\/wp-content\\\/uploads\\\/2024\\\/02\\\/casquette-avm-80.jpg\",\"datePublished\":\"2024-02-09T12:35:49+00:00\",\"dateModified\":\"2024-02-09T16:52:10+00:00\",\"description\":\"Casquettes\u00a0S\u00e9rie sp\u00e9ciale \\\"AVM 80\\\"\",\"breadcrumb\":{\"@id\":\"https:\\\/\\\/www.beachspirit.fr\\\/bs\\\/produit\\\/casquette-avm-80\\\/#breadcrumb\"},\"inLanguage\":\"fr-FR\",\"potentialAction\":[{\"@type\":\"ReadAction\",\"target\":[\"https:\\\/\\\/www.beachspirit.fr\\\/bs\\\/produit\\\/casquette-avm-80\\\/\"]}]},{\"@type\":\"ImageObject\",\"inLanguage\":\"fr-FR\",\"@id\":\"https:\\\/\\\/www.beachspirit.fr\\\/bs\\\/produit\\\/casquette-avm-80\\\/#primaryimage\",\"url\":\"https:\\\/\\\/www.beachspirit.fr\\\/bs\\\/wp-content\\\/uploads\\\/2024\\\/02\\\/casquette-avm-80.jpg\",\"contentUrl\":\"https:\\\/\\\/www.beachspirit.fr\\\/bs\\\/wp-content\\\/uploads\\\/2024\\\/02\\\/casquette-avm-80.jpg\",\"width\":546,\"height\":665,\"caption\":\"Casquette AVM 80\"},{\"@type\":\"BreadcrumbList\",\"@id\":\"https:\\\/\\\/www.beachspirit.fr\\\/bs\\\/produit\\\/casquette-avm-80\\\/#breadcrumb\",\"itemListElement\":[{\"@type\":\"ListItem\",\"position\":1,\"name\":\"Accueil\",\"item\":\"https:\\\/\\\/www.beachspirit.fr\\\/bs\\\/\"},{\"@type\":\"ListItem\",\"position\":2,\"name\":\"Boutique\",\"item\":\"https:\\\/\\\/www.beachspirit.fr\\\/bs\\\/boutique\\\/\"},{\"@type\":\"ListItem\",\"position\":3,\"name\":\"Casquette &#8220;AVM 80&#8221;\"}]},{\"@type\":\"WebSite\",\"@id\":\"https:\\\/\\\/www.beachspirit.fr\\\/bs\\\/#website\",\"url\":\"https:\\\/\\\/www.beachspirit.fr\\\/bs\\\/\",\"name\":\"BEACH SPIRIT\",\"description\":\"beach spirit approved\",\"publisher\":{\"@id\":\"https:\\\/\\\/www.beachspirit.fr\\\/bs\\\/#organization\"},\"potentialAction\":[{\"@type\":\"SearchAction\",\"target\":{\"@type\":\"EntryPoint\",\"urlTemplate\":\"https:\\\/\\\/www.beachspirit.fr\\\/bs\\\/?s={search_term_string}\"},\"query-input\":{\"@type\":\"PropertyValueSpecification\",\"valueRequired\":true,\"valueName\":\"search_term_string\"}}],\"inLanguage\":\"fr-FR\"},{\"@type\":\"Organization\",\"@id\":\"https:\\\/\\\/www.beachspirit.fr\\\/bs\\\/#organization\",\"name\":\"BEACH SPIRIT\",\"url\":\"https:\\\/\\\/www.beachspirit.fr\\\/bs\\\/\",\"logo\":{\"@type\":\"ImageObject\",\"inLanguage\":\"fr-FR\",\"@id\":\"https:\\\/\\\/www.beachspirit.fr\\\/bs\\\/#\\\/schema\\\/logo\\\/image\\\/\",\"url\":\"http:\\\/\\\/www.beachspirit.fr\\\/bs\\\/wp-content\\\/uploads\\\/2020\\\/03\\\/logoBS-petit-2.png\",\"contentUrl\":\"http:\\\/\\\/www.beachspirit.fr\\\/bs\\\/wp-content\\\/uploads\\\/2020\\\/03\\\/logoBS-petit-2.png\",\"width\":200,\"height\":117,\"caption\":\"BEACH SPIRIT\"},\"image\":{\"@id\":\"https:\\\/\\\/www.beachspirit.fr\\\/bs\\\/#\\\/schema\\\/logo\\\/image\\\/\"},\"sameAs\":[\"https:\\\/\\\/www.facebook.com\\\/beachspirit.fr\\\/\",\"https:\\\/\\\/www.instagram.com\\\/beachspirit.fr\\\/\"]}]}<\/script>\n<!-- \/ Yoast SEO plugin. -->","yoast_head_json":{"title":"Casquette \"AVM 80\" - BEACH SPIRIT","description":"Casquettes\u00a0S\u00e9rie sp\u00e9ciale \"AVM 80\"","robots":{"index":"index","follow":"follow","max-snippet":"max-snippet:-1","max-image-preview":"max-image-preview:large","max-video-preview":"max-video-preview:-1"},"canonical":"https:\/\/www.beachspirit.fr\/bs\/produit\/casquette-avm-80\/","og_locale":"fr_FR","og_type":"article","og_title":"Casquette \"AVM 80\" - BEACH SPIRIT","og_description":"Casquettes\u00a0S\u00e9rie sp\u00e9ciale \"AVM 80\"","og_url":"https:\/\/www.beachspirit.fr\/bs\/produit\/casquette-avm-80\/","og_site_name":"BEACH SPIRIT","article_publisher":"https:\/\/www.facebook.com\/beachspirit.fr\/","article_modified_time":"2024-02-09T16:52:10+00:00","og_image":[{"width":546,"height":665,"url":"https:\/\/www.beachspirit.fr\/bs\/wp-content\/uploads\/2024\/02\/casquette-avm-80.jpg","type":"image\/jpeg"}],"twitter_card":"summary_large_image","twitter_misc":{"Dur\u00e9e de lecture estim\u00e9e":"1 minute"},"schema":{"@context":"https:\/\/schema.org","@graph":[{"@type":"WebPage","@id":"https:\/\/www.beachspirit.fr\/bs\/produit\/casquette-avm-80\/","url":"https:\/\/www.beachspirit.fr\/bs\/produit\/casquette-avm-80\/","name":"Casquette \"AVM 80\" - BEACH SPIRIT","isPartOf":{"@id":"https:\/\/www.beachspirit.fr\/bs\/#website"},"primaryImageOfPage":{"@id":"https:\/\/www.beachspirit.fr\/bs\/produit\/casquette-avm-80\/#primaryimage"},"image":{"@id":"https:\/\/www.beachspirit.fr\/bs\/produit\/casquette-avm-80\/#primaryimage"},"thumbnailUrl":"https:\/\/www.beachspirit.fr\/bs\/wp-content\/uploads\/2024\/02\/casquette-avm-80.jpg","datePublished":"2024-02-09T12:35:49+00:00","dateModified":"2024-02-09T16:52:10+00:00","description":"Casquettes\u00a0S\u00e9rie sp\u00e9ciale \"AVM 80\"","breadcrumb":{"@id":"https:\/\/www.beachspirit.fr\/bs\/produit\/casquette-avm-80\/#breadcrumb"},"inLanguage":"fr-FR","potentialAction":[{"@type":"ReadAction","target":["https:\/\/www.beachspirit.fr\/bs\/produit\/casquette-avm-80\/"]}]},{"@type":"ImageObject","inLanguage":"fr-FR","@id":"https:\/\/www.beachspirit.fr\/bs\/produit\/casquette-avm-80\/#primaryimage","url":"https:\/\/www.beachspirit.fr\/bs\/wp-content\/uploads\/2024\/02\/casquette-avm-80.jpg","contentUrl":"https:\/\/www.beachspirit.fr\/bs\/wp-content\/uploads\/2024\/02\/casquette-avm-80.jpg","width":546,"height":665,"caption":"Casquette AVM 80"},{"@type":"BreadcrumbList","@id":"https:\/\/www.beachspirit.fr\/bs\/produit\/casquette-avm-80\/#breadcrumb","itemListElement":[{"@type":"ListItem","position":1,"name":"Accueil","item":"https:\/\/www.beachspirit.fr\/bs\/"},{"@type":"ListItem","position":2,"name":"Boutique","item":"https:\/\/www.beachspirit.fr\/bs\/boutique\/"},{"@type":"ListItem","position":3,"name":"Casquette &#8220;AVM 80&#8221;"}]},{"@type":"WebSite","@id":"https:\/\/www.beachspirit.fr\/bs\/#website","url":"https:\/\/www.beachspirit.fr\/bs\/","name":"BEACH SPIRIT","description":"beach spirit approved","publisher":{"@id":"https:\/\/www.beachspirit.fr\/bs\/#organization"},"potentialAction":[{"@type":"SearchAction","target":{"@type":"EntryPoint","urlTemplate":"https:\/\/www.beachspirit.fr\/bs\/?s={search_term_string}"},"query-input":{"@type":"PropertyValueSpecification","valueRequired":true,"valueName":"search_term_string"}}],"inLanguage":"fr-FR"},{"@type":"Organization","@id":"https:\/\/www.beachspirit.fr\/bs\/#organization","name":"BEACH SPIRIT","url":"https:\/\/www.beachspirit.fr\/bs\/","logo":{"@type":"ImageObject","inLanguage":"fr-FR","@id":"https:\/\/www.beachspirit.fr\/bs\/#\/schema\/logo\/image\/","url":"http:\/\/www.beachspirit.fr\/bs\/wp-content\/uploads\/2020\/03\/logoBS-petit-2.png","contentUrl":"http:\/\/www.beachspirit.fr\/bs\/wp-content\/uploads\/2020\/03\/logoBS-petit-2.png","width":200,"height":117,"caption":"BEACH SPIRIT"},"image":{"@id":"https:\/\/www.beachspirit.fr\/bs\/#\/schema\/logo\/image\/"},"sameAs":["https:\/\/www.facebook.com\/beachspirit.fr\/","https:\/\/www.instagram.com\/beachspirit.fr\/"]}]}},"_links":{"self":[{"href":"https:\/\/www.beachspirit.fr\/bs\/wp-json\/wp\/v2\/product\/28530","targetHints":{"allow":["GET"]}}],"collection":[{"href":"https:\/\/www.beachspirit.fr\/bs\/wp-json\/wp\/v2\/product"}],"about":[{"href":"https:\/\/www.beachspirit.fr\/bs\/wp-json\/wp\/v2\/types\/product"}],"replies":[{"embeddable":true,"href":"https:\/\/www.beachspirit.fr\/bs\/wp-json\/wp\/v2\/comments?post=28530"}],"wp:featuredmedia":[{"embeddable":true,"href":"https:\/\/www.beachspirit.fr\/bs\/wp-json\/wp\/v2\/media\/28512"}],"wp:attachment":[{"href":"https:\/\/www.beachspirit.fr\/bs\/wp-json\/wp\/v2\/media?parent=28530"}],"wp:term":[{"taxonomy":"product_brand","embeddable":true,"href":"https:\/\/www.beachspirit.fr\/bs\/wp-json\/wp\/v2\/product_brand?post=28530"},{"taxonomy":"product_cat","embeddable":true,"href":"https:\/\/www.beachspirit.fr\/bs\/wp-json\/wp\/v2\/product_cat?post=28530"},{"taxonomy":"product_tag","embeddable":true,"href":"https:\/\/www.beachspirit.fr\/bs\/wp-json\/wp\/v2\/product_tag?post=28530"}],"curies":[{"name":"wp","href":"https:\/\/api.w.org\/{rel}","templated":true}]}}