{"id":28691,"date":"2024-04-11T13:09:07","date_gmt":"2024-04-11T12:09:07","guid":{"rendered":"https:\/\/www.beachspirit.fr\/bs\/?post_type=product&#038;p=28691"},"modified":"2024-06-04T06:21:51","modified_gmt":"2024-06-04T05:21:51","slug":"masses-pour-equilibrage-des-roues","status":"publish","type":"product","link":"https:\/\/www.beachspirit.fr\/bs\/produit\/masses-pour-equilibrage-des-roues\/","title":{"rendered":"Masses pour \u00e9quilibrage des roues"},"content":{"rendered":"<h3><span style=\"color: #ff6600;\">Masses pour \u00e9quilibrage des roues<\/span><\/h3>\n<p>Comme pour tout v\u00e9hicule, en char \u00e0 voile il est pr\u00e9f\u00e9rable d&rsquo;avoir des roues \u00e9quilibr\u00e9es.<\/p>\n<p>Ces barrettes autocollantes de Masses pour l&rsquo;<a href=\"https:\/\/fr.wikipedia.org\/wiki\/Balourd#:~:text=des%20deux%20pr%C3%A9c%C3%A9dents.-,%C3%89quilibrage,de%20guidage%20et%20des%20pneumatiques.\" target=\"_blank\" rel=\"noopener\">\u00e9quilibrage<\/a> des roues \u00e0 fixer sur la jante sont id\u00e9ales car scindables par 5 ou 10g et tr\u00e8s facilement fixables sur la jante grace \u00e0 leur face autocollante.<\/p>\n<ul>\n<li>Marque : Schrader<\/li>\n<li>Mati\u00e8re : Plomb + collant double face<\/li>\n<li>Poids : 60g (4 x 10g + 4 x 5g) scindable<\/li>\n<li>Epaisseur : 4,8 mm<\/li>\n<li>largeur : 15 mm<\/li>\n<li>longueur totale : 108,5 mm<\/li>\n<li>couleur : grise<\/li>\n<\/ul>\n<ul>\n<li style=\"list-style-type: none;\"><\/li>\n<\/ul>\n<p>Pour toute question <a href=\"https:\/\/www.beachspirit.fr\/bs\/nous-contacter\/\" target=\"_blank\" rel=\"noopener\">contactez nous<\/a><\/p>\n<p>&nbsp;<\/p>\n","protected":false},"excerpt":{"rendered":"<p>Masses pour \u00e9quilibrage des roues Comme pour tout v\u00e9hicule, en char \u00e0 voile il est pr\u00e9f\u00e9rable d&rsquo;avoir des roues \u00e9quilibr\u00e9es. Ces barrettes autocollantes de Masses pour l&rsquo;\u00e9quilibrage des roues \u00e0 fixer sur la jante sont id\u00e9ales car scindables par 5 <a href=\"https:\/\/www.beachspirit.fr\/bs\/produit\/masses-pour-equilibrage-des-roues\/\"> Read more&#8230;<\/a><\/p>\n","protected":false},"featured_media":28692,"comment_status":"closed","ping_status":"closed","template":"","meta":[],"product_brand":[],"product_cat":[545,546,547,549,548,361,562],"product_tag":[],"class_list":{"0":"post-28691","1":"product","2":"type-product","3":"status-publish","4":"has-post-thumbnail","6":"product_cat-blokart","7":"product_cat-char-a-voile-classes-2-et-3","8":"product_cat-chars-a-voile-classes-5-promo-standart-mini-loisir","9":"product_cat-articles-techniques-pour-kite-buggy","10":"product_cat-articles-techniques-speed-sail","11":"product_cat-articles-techniques-voile-char-a-voile","12":"product_cat-roues-pneus-chambres-a-air","13":"product_shipping_class-tarif-suivant-poids","15":"first","16":"instock","17":"purchasable","18":"product-type-simple"},"yoast_head":"<!-- This site is optimized with the Yoast SEO plugin v27.5 - https:\/\/yoast.com\/product\/yoast-seo-wordpress\/ -->\n<title>Masses pour \u00e9quilibrage des roues - BEACH SPIRIT<\/title>\n<meta name=\"description\" content=\"Comme pour tout v\u00e9hicule, en char \u00e0 voile il est pr\u00e9f\u00e9rable d&#039;avoir des roues \u00e9quilibr\u00e9es. Ces barrettes autocollantes de Masses pour l&#039;\u00e9quilibrage des roues \u00e0 fixer sur la jante sont id\u00e9ales car scindables par 5 ou 10g et tr\u00e8s facilement fixables sur la jante grace \u00e0 leur face autocollante.\" \/>\n<meta name=\"robots\" content=\"index, follow, max-snippet:-1, max-image-preview:large, max-video-preview:-1\" \/>\n<link rel=\"canonical\" href=\"https:\/\/www.beachspirit.fr\/bs\/produit\/masses-pour-equilibrage-des-roues\/\" \/>\n<meta property=\"og:locale\" content=\"fr_FR\" \/>\n<meta property=\"og:type\" content=\"article\" \/>\n<meta property=\"og:title\" content=\"Masses pour \u00e9quilibrage des roues - BEACH SPIRIT\" \/>\n<meta property=\"og:description\" content=\"Comme pour tout v\u00e9hicule, en char \u00e0 voile il est pr\u00e9f\u00e9rable d&#039;avoir des roues \u00e9quilibr\u00e9es. Ces barrettes autocollantes de Masses pour l&#039;\u00e9quilibrage des roues \u00e0 fixer sur la jante sont id\u00e9ales car scindables par 5 ou 10g et tr\u00e8s facilement fixables sur la jante grace \u00e0 leur face autocollante.\" \/>\n<meta property=\"og:url\" content=\"https:\/\/www.beachspirit.fr\/bs\/produit\/masses-pour-equilibrage-des-roues\/\" \/>\n<meta property=\"og:site_name\" content=\"BEACH SPIRIT\" \/>\n<meta property=\"article:publisher\" content=\"https:\/\/www.facebook.com\/beachspirit.fr\/\" \/>\n<meta property=\"article:modified_time\" content=\"2024-06-04T05:21:51+00:00\" \/>\n<meta property=\"og:image\" content=\"https:\/\/www.beachspirit.fr\/bs\/wp-content\/uploads\/2024\/04\/barette_masses_grises_adhesive.jpg\" \/>\n\t<meta property=\"og:image:width\" content=\"265\" \/>\n\t<meta property=\"og:image:height\" content=\"265\" \/>\n\t<meta property=\"og:image:type\" content=\"image\/jpeg\" \/>\n<meta name=\"twitter:card\" content=\"summary_large_image\" \/>\n<meta name=\"twitter:label1\" content=\"Dur\u00e9e de lecture estim\u00e9e\" \/>\n\t<meta name=\"twitter:data1\" content=\"1 minute\" \/>\n<script type=\"application\/ld+json\" class=\"yoast-schema-graph\">{\"@context\":\"https:\\\/\\\/schema.org\",\"@graph\":[{\"@type\":\"WebPage\",\"@id\":\"https:\\\/\\\/www.beachspirit.fr\\\/bs\\\/produit\\\/masses-pour-equilibrage-des-roues\\\/\",\"url\":\"https:\\\/\\\/www.beachspirit.fr\\\/bs\\\/produit\\\/masses-pour-equilibrage-des-roues\\\/\",\"name\":\"Masses pour \u00e9quilibrage des roues - BEACH SPIRIT\",\"isPartOf\":{\"@id\":\"https:\\\/\\\/www.beachspirit.fr\\\/bs\\\/#website\"},\"primaryImageOfPage\":{\"@id\":\"https:\\\/\\\/www.beachspirit.fr\\\/bs\\\/produit\\\/masses-pour-equilibrage-des-roues\\\/#primaryimage\"},\"image\":{\"@id\":\"https:\\\/\\\/www.beachspirit.fr\\\/bs\\\/produit\\\/masses-pour-equilibrage-des-roues\\\/#primaryimage\"},\"thumbnailUrl\":\"https:\\\/\\\/www.beachspirit.fr\\\/bs\\\/wp-content\\\/uploads\\\/2024\\\/04\\\/barette_masses_grises_adhesive.jpg\",\"datePublished\":\"2024-04-11T12:09:07+00:00\",\"dateModified\":\"2024-06-04T05:21:51+00:00\",\"description\":\"Comme pour tout v\u00e9hicule, en char \u00e0 voile il est pr\u00e9f\u00e9rable d'avoir des roues \u00e9quilibr\u00e9es. Ces barrettes autocollantes de Masses pour l'\u00e9quilibrage des roues \u00e0 fixer sur la jante sont id\u00e9ales car scindables par 5 ou 10g et tr\u00e8s facilement fixables sur la jante grace \u00e0 leur face autocollante.\",\"breadcrumb\":{\"@id\":\"https:\\\/\\\/www.beachspirit.fr\\\/bs\\\/produit\\\/masses-pour-equilibrage-des-roues\\\/#breadcrumb\"},\"inLanguage\":\"fr-FR\",\"potentialAction\":[{\"@type\":\"ReadAction\",\"target\":[\"https:\\\/\\\/www.beachspirit.fr\\\/bs\\\/produit\\\/masses-pour-equilibrage-des-roues\\\/\"]}]},{\"@type\":\"ImageObject\",\"inLanguage\":\"fr-FR\",\"@id\":\"https:\\\/\\\/www.beachspirit.fr\\\/bs\\\/produit\\\/masses-pour-equilibrage-des-roues\\\/#primaryimage\",\"url\":\"https:\\\/\\\/www.beachspirit.fr\\\/bs\\\/wp-content\\\/uploads\\\/2024\\\/04\\\/barette_masses_grises_adhesive.jpg\",\"contentUrl\":\"https:\\\/\\\/www.beachspirit.fr\\\/bs\\\/wp-content\\\/uploads\\\/2024\\\/04\\\/barette_masses_grises_adhesive.jpg\",\"width\":265,\"height\":265,\"caption\":\"masses \u00e9quilibrage roues\"},{\"@type\":\"BreadcrumbList\",\"@id\":\"https:\\\/\\\/www.beachspirit.fr\\\/bs\\\/produit\\\/masses-pour-equilibrage-des-roues\\\/#breadcrumb\",\"itemListElement\":[{\"@type\":\"ListItem\",\"position\":1,\"name\":\"Accueil\",\"item\":\"https:\\\/\\\/www.beachspirit.fr\\\/bs\\\/\"},{\"@type\":\"ListItem\",\"position\":2,\"name\":\"Boutique\",\"item\":\"https:\\\/\\\/www.beachspirit.fr\\\/bs\\\/boutique\\\/\"},{\"@type\":\"ListItem\",\"position\":3,\"name\":\"Masses pour \u00e9quilibrage des roues\"}]},{\"@type\":\"WebSite\",\"@id\":\"https:\\\/\\\/www.beachspirit.fr\\\/bs\\\/#website\",\"url\":\"https:\\\/\\\/www.beachspirit.fr\\\/bs\\\/\",\"name\":\"BEACH SPIRIT\",\"description\":\"beach spirit approved\",\"publisher\":{\"@id\":\"https:\\\/\\\/www.beachspirit.fr\\\/bs\\\/#organization\"},\"potentialAction\":[{\"@type\":\"SearchAction\",\"target\":{\"@type\":\"EntryPoint\",\"urlTemplate\":\"https:\\\/\\\/www.beachspirit.fr\\\/bs\\\/?s={search_term_string}\"},\"query-input\":{\"@type\":\"PropertyValueSpecification\",\"valueRequired\":true,\"valueName\":\"search_term_string\"}}],\"inLanguage\":\"fr-FR\"},{\"@type\":\"Organization\",\"@id\":\"https:\\\/\\\/www.beachspirit.fr\\\/bs\\\/#organization\",\"name\":\"BEACH SPIRIT\",\"url\":\"https:\\\/\\\/www.beachspirit.fr\\\/bs\\\/\",\"logo\":{\"@type\":\"ImageObject\",\"inLanguage\":\"fr-FR\",\"@id\":\"https:\\\/\\\/www.beachspirit.fr\\\/bs\\\/#\\\/schema\\\/logo\\\/image\\\/\",\"url\":\"http:\\\/\\\/www.beachspirit.fr\\\/bs\\\/wp-content\\\/uploads\\\/2020\\\/03\\\/logoBS-petit-2.png\",\"contentUrl\":\"http:\\\/\\\/www.beachspirit.fr\\\/bs\\\/wp-content\\\/uploads\\\/2020\\\/03\\\/logoBS-petit-2.png\",\"width\":200,\"height\":117,\"caption\":\"BEACH SPIRIT\"},\"image\":{\"@id\":\"https:\\\/\\\/www.beachspirit.fr\\\/bs\\\/#\\\/schema\\\/logo\\\/image\\\/\"},\"sameAs\":[\"https:\\\/\\\/www.facebook.com\\\/beachspirit.fr\\\/\",\"https:\\\/\\\/www.instagram.com\\\/beachspirit.fr\\\/\"]}]}<\/script>\n<!-- \/ Yoast SEO plugin. -->","yoast_head_json":{"title":"Masses pour \u00e9quilibrage des roues - BEACH SPIRIT","description":"Comme pour tout v\u00e9hicule, en char \u00e0 voile il est pr\u00e9f\u00e9rable d'avoir des roues \u00e9quilibr\u00e9es. Ces barrettes autocollantes de Masses pour l'\u00e9quilibrage des roues \u00e0 fixer sur la jante sont id\u00e9ales car scindables par 5 ou 10g et tr\u00e8s facilement fixables sur la jante grace \u00e0 leur face autocollante.","robots":{"index":"index","follow":"follow","max-snippet":"max-snippet:-1","max-image-preview":"max-image-preview:large","max-video-preview":"max-video-preview:-1"},"canonical":"https:\/\/www.beachspirit.fr\/bs\/produit\/masses-pour-equilibrage-des-roues\/","og_locale":"fr_FR","og_type":"article","og_title":"Masses pour \u00e9quilibrage des roues - BEACH SPIRIT","og_description":"Comme pour tout v\u00e9hicule, en char \u00e0 voile il est pr\u00e9f\u00e9rable d'avoir des roues \u00e9quilibr\u00e9es. Ces barrettes autocollantes de Masses pour l'\u00e9quilibrage des roues \u00e0 fixer sur la jante sont id\u00e9ales car scindables par 5 ou 10g et tr\u00e8s facilement fixables sur la jante grace \u00e0 leur face autocollante.","og_url":"https:\/\/www.beachspirit.fr\/bs\/produit\/masses-pour-equilibrage-des-roues\/","og_site_name":"BEACH SPIRIT","article_publisher":"https:\/\/www.facebook.com\/beachspirit.fr\/","article_modified_time":"2024-06-04T05:21:51+00:00","og_image":[{"width":265,"height":265,"url":"https:\/\/www.beachspirit.fr\/bs\/wp-content\/uploads\/2024\/04\/barette_masses_grises_adhesive.jpg","type":"image\/jpeg"}],"twitter_card":"summary_large_image","twitter_misc":{"Dur\u00e9e de lecture estim\u00e9e":"1 minute"},"schema":{"@context":"https:\/\/schema.org","@graph":[{"@type":"WebPage","@id":"https:\/\/www.beachspirit.fr\/bs\/produit\/masses-pour-equilibrage-des-roues\/","url":"https:\/\/www.beachspirit.fr\/bs\/produit\/masses-pour-equilibrage-des-roues\/","name":"Masses pour \u00e9quilibrage des roues - BEACH SPIRIT","isPartOf":{"@id":"https:\/\/www.beachspirit.fr\/bs\/#website"},"primaryImageOfPage":{"@id":"https:\/\/www.beachspirit.fr\/bs\/produit\/masses-pour-equilibrage-des-roues\/#primaryimage"},"image":{"@id":"https:\/\/www.beachspirit.fr\/bs\/produit\/masses-pour-equilibrage-des-roues\/#primaryimage"},"thumbnailUrl":"https:\/\/www.beachspirit.fr\/bs\/wp-content\/uploads\/2024\/04\/barette_masses_grises_adhesive.jpg","datePublished":"2024-04-11T12:09:07+00:00","dateModified":"2024-06-04T05:21:51+00:00","description":"Comme pour tout v\u00e9hicule, en char \u00e0 voile il est pr\u00e9f\u00e9rable d'avoir des roues \u00e9quilibr\u00e9es. Ces barrettes autocollantes de Masses pour l'\u00e9quilibrage des roues \u00e0 fixer sur la jante sont id\u00e9ales car scindables par 5 ou 10g et tr\u00e8s facilement fixables sur la jante grace \u00e0 leur face autocollante.","breadcrumb":{"@id":"https:\/\/www.beachspirit.fr\/bs\/produit\/masses-pour-equilibrage-des-roues\/#breadcrumb"},"inLanguage":"fr-FR","potentialAction":[{"@type":"ReadAction","target":["https:\/\/www.beachspirit.fr\/bs\/produit\/masses-pour-equilibrage-des-roues\/"]}]},{"@type":"ImageObject","inLanguage":"fr-FR","@id":"https:\/\/www.beachspirit.fr\/bs\/produit\/masses-pour-equilibrage-des-roues\/#primaryimage","url":"https:\/\/www.beachspirit.fr\/bs\/wp-content\/uploads\/2024\/04\/barette_masses_grises_adhesive.jpg","contentUrl":"https:\/\/www.beachspirit.fr\/bs\/wp-content\/uploads\/2024\/04\/barette_masses_grises_adhesive.jpg","width":265,"height":265,"caption":"masses \u00e9quilibrage roues"},{"@type":"BreadcrumbList","@id":"https:\/\/www.beachspirit.fr\/bs\/produit\/masses-pour-equilibrage-des-roues\/#breadcrumb","itemListElement":[{"@type":"ListItem","position":1,"name":"Accueil","item":"https:\/\/www.beachspirit.fr\/bs\/"},{"@type":"ListItem","position":2,"name":"Boutique","item":"https:\/\/www.beachspirit.fr\/bs\/boutique\/"},{"@type":"ListItem","position":3,"name":"Masses pour \u00e9quilibrage des roues"}]},{"@type":"WebSite","@id":"https:\/\/www.beachspirit.fr\/bs\/#website","url":"https:\/\/www.beachspirit.fr\/bs\/","name":"BEACH SPIRIT","description":"beach spirit approved","publisher":{"@id":"https:\/\/www.beachspirit.fr\/bs\/#organization"},"potentialAction":[{"@type":"SearchAction","target":{"@type":"EntryPoint","urlTemplate":"https:\/\/www.beachspirit.fr\/bs\/?s={search_term_string}"},"query-input":{"@type":"PropertyValueSpecification","valueRequired":true,"valueName":"search_term_string"}}],"inLanguage":"fr-FR"},{"@type":"Organization","@id":"https:\/\/www.beachspirit.fr\/bs\/#organization","name":"BEACH SPIRIT","url":"https:\/\/www.beachspirit.fr\/bs\/","logo":{"@type":"ImageObject","inLanguage":"fr-FR","@id":"https:\/\/www.beachspirit.fr\/bs\/#\/schema\/logo\/image\/","url":"http:\/\/www.beachspirit.fr\/bs\/wp-content\/uploads\/2020\/03\/logoBS-petit-2.png","contentUrl":"http:\/\/www.beachspirit.fr\/bs\/wp-content\/uploads\/2020\/03\/logoBS-petit-2.png","width":200,"height":117,"caption":"BEACH SPIRIT"},"image":{"@id":"https:\/\/www.beachspirit.fr\/bs\/#\/schema\/logo\/image\/"},"sameAs":["https:\/\/www.facebook.com\/beachspirit.fr\/","https:\/\/www.instagram.com\/beachspirit.fr\/"]}]}},"_links":{"self":[{"href":"https:\/\/www.beachspirit.fr\/bs\/wp-json\/wp\/v2\/product\/28691","targetHints":{"allow":["GET"]}}],"collection":[{"href":"https:\/\/www.beachspirit.fr\/bs\/wp-json\/wp\/v2\/product"}],"about":[{"href":"https:\/\/www.beachspirit.fr\/bs\/wp-json\/wp\/v2\/types\/product"}],"replies":[{"embeddable":true,"href":"https:\/\/www.beachspirit.fr\/bs\/wp-json\/wp\/v2\/comments?post=28691"}],"wp:featuredmedia":[{"embeddable":true,"href":"https:\/\/www.beachspirit.fr\/bs\/wp-json\/wp\/v2\/media\/28692"}],"wp:attachment":[{"href":"https:\/\/www.beachspirit.fr\/bs\/wp-json\/wp\/v2\/media?parent=28691"}],"wp:term":[{"taxonomy":"product_brand","embeddable":true,"href":"https:\/\/www.beachspirit.fr\/bs\/wp-json\/wp\/v2\/product_brand?post=28691"},{"taxonomy":"product_cat","embeddable":true,"href":"https:\/\/www.beachspirit.fr\/bs\/wp-json\/wp\/v2\/product_cat?post=28691"},{"taxonomy":"product_tag","embeddable":true,"href":"https:\/\/www.beachspirit.fr\/bs\/wp-json\/wp\/v2\/product_tag?post=28691"}],"curies":[{"name":"wp","href":"https:\/\/api.w.org\/{rel}","templated":true}]}}