{"id":28815,"date":"2024-07-17T07:47:01","date_gmt":"2024-07-17T06:47:01","guid":{"rendered":"https:\/\/www.beachspirit.fr\/bs\/?post_type=product&#038;p=28815"},"modified":"2024-07-17T08:36:12","modified_gmt":"2024-07-17T07:36:12","slug":"bonnets-landsail-gt","status":"publish","type":"product","link":"https:\/\/www.beachspirit.fr\/bs\/produit\/bonnets-landsail-gt\/","title":{"rendered":"Bonnets LANDSAIL GT"},"content":{"rendered":"<h3><span style=\"color: #ff6600;\">Bonnets LANDSAIL GT<\/span><\/h3>\n<p>Soutenez le projet <a href=\"https:\/\/www.facebook.com\/profile.php?id=61553828982982\" target=\"_blank\" rel=\"noopener\">LANDSAIL GT<\/a> de circuit de comp\u00e9tions internationales sur char monotype en achetant le bonnet officiel<\/p>\n<h4><strong>Bonnets\u00a0 S\u00e9rie sp\u00e9ciale landsail GT<\/strong><\/h4>\n<ul>\n<li><strong>Marque<\/strong> Beechfield B445<\/li>\n<li><strong>Mati\u00e8re<\/strong> :Mati\u00e8re100%<\/li>\n<li><strong>Taille<\/strong> :Taille unique<\/li>\n<li><strong>Couleur<\/strong> : Bleu Marine, bleu royal,\u00a0 noir, gris clair chin\u00e9, rouge, rose,<\/li>\n<\/ul>\n<div>\n<p>Contient 100 % de Polyester recycl\u00e9 certifi\u00e9 GRS, certifi\u00e9 par Control Union CU811033, Polyester recycl\u00e9 en 100 % rPET, soit l&rsquo;\u00e9quivalent d&rsquo;environ 2.5 bouteilles post-consommation, Doubl\u00e9, Patch d\u00e9coratif en serg\u00e9 de coton.<\/p>\n<div>\n<div><strong>Instructions de Lavage :<\/strong> Lavage en machine \u00e0 l&rsquo;eau ti\u00e8de,<\/div>\n<div><\/div>\n<\/div>\n<\/div>\n<p><strong>Marquage<\/strong><\/p>\n<p><b>front<\/b>: (sur patch)<\/p>\n<ul>\n<li>l<strong>ogo club<\/strong><\/li>\n<li>Nom ou N\u00b0 de voile (\u00e0 indiquer en \u00ab\u00a0note de commande\u00a0\u00bb)<\/li>\n<\/ul>\n<div>\n<p><span style=\"color: #000000;\"><strong>Livraisons :<\/strong><\/span><\/p>\n<ul>\n<li><span style=\"color: #000000;\">livraison par colissimo \u00e0 votre adresse\u00a0<\/span><\/li>\n<li>livraison sur une comp\u00e9tition lors d&rsquo;un d\u00e9placement<\/li>\n<\/ul>\n<div><span style=\"color: #000000;\">Une question ?<\/span> <a href=\"https:\/\/www.beachspirit.fr\/bs\/nous-contacter\/\" target=\"_blank\" rel=\"noopener\">contactez nous<\/a><\/div>\n<\/div>\n<p>&nbsp;<\/p>\n<p>&nbsp;<\/p>\n","protected":false},"excerpt":{"rendered":"<h2><span style=\"color: #ff6600;\">Bonnets LANDSAIL GT<\/span><\/h2>\n<p><span style=\"color: #000000;\">Descriptif ci dessous<\/span><\/p>\n","protected":false},"featured_media":28817,"comment_status":"open","ping_status":"closed","template":"","meta":[],"product_brand":[],"product_cat":[584,573],"product_tag":[],"class_list":{"0":"post-28815","1":"product","2":"type-product","3":"status-publish","4":"has-post-thumbnail","6":"product_cat-landsail-gt","7":"product_cat-boutique-club-sportwear-articles-vetements-technique","8":"product_shipping_class-tarif-suivant-poids","10":"first","11":"instock","12":"purchasable","13":"product-type-variable"},"yoast_head":"<!-- This site is optimized with the Yoast SEO plugin v27.5 - https:\/\/yoast.com\/product\/yoast-seo-wordpress\/ -->\n<title>Bonnets LANDSAIL GT - BEACH SPIRIT<\/title>\n<meta name=\"description\" content=\"Soutenez le projet LANDSAIL GT de circuit de comp\u00e9tions internationales sur char monotype en achetant le bonnet officiel\" \/>\n<meta name=\"robots\" content=\"index, follow, max-snippet:-1, max-image-preview:large, max-video-preview:-1\" \/>\n<link rel=\"canonical\" href=\"https:\/\/www.beachspirit.fr\/bs\/produit\/bonnets-landsail-gt\/\" \/>\n<meta property=\"og:locale\" content=\"fr_FR\" \/>\n<meta property=\"og:type\" content=\"article\" \/>\n<meta property=\"og:title\" content=\"Bonnets LANDSAIL GT - BEACH SPIRIT\" \/>\n<meta property=\"og:description\" content=\"Soutenez le projet LANDSAIL GT de circuit de comp\u00e9tions internationales sur char monotype en achetant le bonnet officiel\" \/>\n<meta property=\"og:url\" content=\"https:\/\/www.beachspirit.fr\/bs\/produit\/bonnets-landsail-gt\/\" \/>\n<meta property=\"og:site_name\" content=\"BEACH SPIRIT\" \/>\n<meta property=\"article:publisher\" content=\"https:\/\/www.facebook.com\/beachspirit.fr\/\" \/>\n<meta property=\"article:modified_time\" content=\"2024-07-17T07:36:12+00:00\" \/>\n<meta property=\"og:image\" content=\"https:\/\/www.beachspirit.fr\/bs\/wp-content\/uploads\/2024\/07\/BONNET-BLACK.jpg\" \/>\n\t<meta property=\"og:image:width\" content=\"546\" \/>\n\t<meta property=\"og:image:height\" content=\"665\" \/>\n\t<meta property=\"og:image:type\" content=\"image\/jpeg\" \/>\n<meta name=\"twitter:card\" content=\"summary_large_image\" \/>\n<meta name=\"twitter:label1\" content=\"Dur\u00e9e de lecture estim\u00e9e\" \/>\n\t<meta name=\"twitter:data1\" content=\"1 minute\" \/>\n<script type=\"application\/ld+json\" class=\"yoast-schema-graph\">{\"@context\":\"https:\\\/\\\/schema.org\",\"@graph\":[{\"@type\":\"WebPage\",\"@id\":\"https:\\\/\\\/www.beachspirit.fr\\\/bs\\\/produit\\\/bonnets-landsail-gt\\\/\",\"url\":\"https:\\\/\\\/www.beachspirit.fr\\\/bs\\\/produit\\\/bonnets-landsail-gt\\\/\",\"name\":\"Bonnets LANDSAIL GT - BEACH SPIRIT\",\"isPartOf\":{\"@id\":\"https:\\\/\\\/www.beachspirit.fr\\\/bs\\\/#website\"},\"primaryImageOfPage\":{\"@id\":\"https:\\\/\\\/www.beachspirit.fr\\\/bs\\\/produit\\\/bonnets-landsail-gt\\\/#primaryimage\"},\"image\":{\"@id\":\"https:\\\/\\\/www.beachspirit.fr\\\/bs\\\/produit\\\/bonnets-landsail-gt\\\/#primaryimage\"},\"thumbnailUrl\":\"https:\\\/\\\/www.beachspirit.fr\\\/bs\\\/wp-content\\\/uploads\\\/2024\\\/07\\\/BONNET-BLACK.jpg\",\"datePublished\":\"2024-07-17T06:47:01+00:00\",\"dateModified\":\"2024-07-17T07:36:12+00:00\",\"description\":\"Soutenez le projet LANDSAIL GT de circuit de comp\u00e9tions internationales sur char monotype en achetant le bonnet officiel\",\"breadcrumb\":{\"@id\":\"https:\\\/\\\/www.beachspirit.fr\\\/bs\\\/produit\\\/bonnets-landsail-gt\\\/#breadcrumb\"},\"inLanguage\":\"fr-FR\",\"potentialAction\":[{\"@type\":\"ReadAction\",\"target\":[\"https:\\\/\\\/www.beachspirit.fr\\\/bs\\\/produit\\\/bonnets-landsail-gt\\\/\"]}]},{\"@type\":\"ImageObject\",\"inLanguage\":\"fr-FR\",\"@id\":\"https:\\\/\\\/www.beachspirit.fr\\\/bs\\\/produit\\\/bonnets-landsail-gt\\\/#primaryimage\",\"url\":\"https:\\\/\\\/www.beachspirit.fr\\\/bs\\\/wp-content\\\/uploads\\\/2024\\\/07\\\/BONNET-BLACK.jpg\",\"contentUrl\":\"https:\\\/\\\/www.beachspirit.fr\\\/bs\\\/wp-content\\\/uploads\\\/2024\\\/07\\\/BONNET-BLACK.jpg\",\"width\":546,\"height\":665,\"caption\":\"Bonnet landsail gt\"},{\"@type\":\"BreadcrumbList\",\"@id\":\"https:\\\/\\\/www.beachspirit.fr\\\/bs\\\/produit\\\/bonnets-landsail-gt\\\/#breadcrumb\",\"itemListElement\":[{\"@type\":\"ListItem\",\"position\":1,\"name\":\"Accueil\",\"item\":\"https:\\\/\\\/www.beachspirit.fr\\\/bs\\\/\"},{\"@type\":\"ListItem\",\"position\":2,\"name\":\"Boutique\",\"item\":\"https:\\\/\\\/www.beachspirit.fr\\\/bs\\\/boutique\\\/\"},{\"@type\":\"ListItem\",\"position\":3,\"name\":\"Bonnets LANDSAIL GT\"}]},{\"@type\":\"WebSite\",\"@id\":\"https:\\\/\\\/www.beachspirit.fr\\\/bs\\\/#website\",\"url\":\"https:\\\/\\\/www.beachspirit.fr\\\/bs\\\/\",\"name\":\"BEACH SPIRIT\",\"description\":\"beach spirit approved\",\"publisher\":{\"@id\":\"https:\\\/\\\/www.beachspirit.fr\\\/bs\\\/#organization\"},\"potentialAction\":[{\"@type\":\"SearchAction\",\"target\":{\"@type\":\"EntryPoint\",\"urlTemplate\":\"https:\\\/\\\/www.beachspirit.fr\\\/bs\\\/?s={search_term_string}\"},\"query-input\":{\"@type\":\"PropertyValueSpecification\",\"valueRequired\":true,\"valueName\":\"search_term_string\"}}],\"inLanguage\":\"fr-FR\"},{\"@type\":\"Organization\",\"@id\":\"https:\\\/\\\/www.beachspirit.fr\\\/bs\\\/#organization\",\"name\":\"BEACH SPIRIT\",\"url\":\"https:\\\/\\\/www.beachspirit.fr\\\/bs\\\/\",\"logo\":{\"@type\":\"ImageObject\",\"inLanguage\":\"fr-FR\",\"@id\":\"https:\\\/\\\/www.beachspirit.fr\\\/bs\\\/#\\\/schema\\\/logo\\\/image\\\/\",\"url\":\"http:\\\/\\\/www.beachspirit.fr\\\/bs\\\/wp-content\\\/uploads\\\/2020\\\/03\\\/logoBS-petit-2.png\",\"contentUrl\":\"http:\\\/\\\/www.beachspirit.fr\\\/bs\\\/wp-content\\\/uploads\\\/2020\\\/03\\\/logoBS-petit-2.png\",\"width\":200,\"height\":117,\"caption\":\"BEACH SPIRIT\"},\"image\":{\"@id\":\"https:\\\/\\\/www.beachspirit.fr\\\/bs\\\/#\\\/schema\\\/logo\\\/image\\\/\"},\"sameAs\":[\"https:\\\/\\\/www.facebook.com\\\/beachspirit.fr\\\/\",\"https:\\\/\\\/www.instagram.com\\\/beachspirit.fr\\\/\"]}]}<\/script>\n<!-- \/ Yoast SEO plugin. -->","yoast_head_json":{"title":"Bonnets LANDSAIL GT - BEACH SPIRIT","description":"Soutenez le projet LANDSAIL GT de circuit de comp\u00e9tions internationales sur char monotype en achetant le bonnet officiel","robots":{"index":"index","follow":"follow","max-snippet":"max-snippet:-1","max-image-preview":"max-image-preview:large","max-video-preview":"max-video-preview:-1"},"canonical":"https:\/\/www.beachspirit.fr\/bs\/produit\/bonnets-landsail-gt\/","og_locale":"fr_FR","og_type":"article","og_title":"Bonnets LANDSAIL GT - BEACH SPIRIT","og_description":"Soutenez le projet LANDSAIL GT de circuit de comp\u00e9tions internationales sur char monotype en achetant le bonnet officiel","og_url":"https:\/\/www.beachspirit.fr\/bs\/produit\/bonnets-landsail-gt\/","og_site_name":"BEACH SPIRIT","article_publisher":"https:\/\/www.facebook.com\/beachspirit.fr\/","article_modified_time":"2024-07-17T07:36:12+00:00","og_image":[{"width":546,"height":665,"url":"https:\/\/www.beachspirit.fr\/bs\/wp-content\/uploads\/2024\/07\/BONNET-BLACK.jpg","type":"image\/jpeg"}],"twitter_card":"summary_large_image","twitter_misc":{"Dur\u00e9e de lecture estim\u00e9e":"1 minute"},"schema":{"@context":"https:\/\/schema.org","@graph":[{"@type":"WebPage","@id":"https:\/\/www.beachspirit.fr\/bs\/produit\/bonnets-landsail-gt\/","url":"https:\/\/www.beachspirit.fr\/bs\/produit\/bonnets-landsail-gt\/","name":"Bonnets LANDSAIL GT - BEACH SPIRIT","isPartOf":{"@id":"https:\/\/www.beachspirit.fr\/bs\/#website"},"primaryImageOfPage":{"@id":"https:\/\/www.beachspirit.fr\/bs\/produit\/bonnets-landsail-gt\/#primaryimage"},"image":{"@id":"https:\/\/www.beachspirit.fr\/bs\/produit\/bonnets-landsail-gt\/#primaryimage"},"thumbnailUrl":"https:\/\/www.beachspirit.fr\/bs\/wp-content\/uploads\/2024\/07\/BONNET-BLACK.jpg","datePublished":"2024-07-17T06:47:01+00:00","dateModified":"2024-07-17T07:36:12+00:00","description":"Soutenez le projet LANDSAIL GT de circuit de comp\u00e9tions internationales sur char monotype en achetant le bonnet officiel","breadcrumb":{"@id":"https:\/\/www.beachspirit.fr\/bs\/produit\/bonnets-landsail-gt\/#breadcrumb"},"inLanguage":"fr-FR","potentialAction":[{"@type":"ReadAction","target":["https:\/\/www.beachspirit.fr\/bs\/produit\/bonnets-landsail-gt\/"]}]},{"@type":"ImageObject","inLanguage":"fr-FR","@id":"https:\/\/www.beachspirit.fr\/bs\/produit\/bonnets-landsail-gt\/#primaryimage","url":"https:\/\/www.beachspirit.fr\/bs\/wp-content\/uploads\/2024\/07\/BONNET-BLACK.jpg","contentUrl":"https:\/\/www.beachspirit.fr\/bs\/wp-content\/uploads\/2024\/07\/BONNET-BLACK.jpg","width":546,"height":665,"caption":"Bonnet landsail gt"},{"@type":"BreadcrumbList","@id":"https:\/\/www.beachspirit.fr\/bs\/produit\/bonnets-landsail-gt\/#breadcrumb","itemListElement":[{"@type":"ListItem","position":1,"name":"Accueil","item":"https:\/\/www.beachspirit.fr\/bs\/"},{"@type":"ListItem","position":2,"name":"Boutique","item":"https:\/\/www.beachspirit.fr\/bs\/boutique\/"},{"@type":"ListItem","position":3,"name":"Bonnets LANDSAIL GT"}]},{"@type":"WebSite","@id":"https:\/\/www.beachspirit.fr\/bs\/#website","url":"https:\/\/www.beachspirit.fr\/bs\/","name":"BEACH SPIRIT","description":"beach spirit approved","publisher":{"@id":"https:\/\/www.beachspirit.fr\/bs\/#organization"},"potentialAction":[{"@type":"SearchAction","target":{"@type":"EntryPoint","urlTemplate":"https:\/\/www.beachspirit.fr\/bs\/?s={search_term_string}"},"query-input":{"@type":"PropertyValueSpecification","valueRequired":true,"valueName":"search_term_string"}}],"inLanguage":"fr-FR"},{"@type":"Organization","@id":"https:\/\/www.beachspirit.fr\/bs\/#organization","name":"BEACH SPIRIT","url":"https:\/\/www.beachspirit.fr\/bs\/","logo":{"@type":"ImageObject","inLanguage":"fr-FR","@id":"https:\/\/www.beachspirit.fr\/bs\/#\/schema\/logo\/image\/","url":"http:\/\/www.beachspirit.fr\/bs\/wp-content\/uploads\/2020\/03\/logoBS-petit-2.png","contentUrl":"http:\/\/www.beachspirit.fr\/bs\/wp-content\/uploads\/2020\/03\/logoBS-petit-2.png","width":200,"height":117,"caption":"BEACH SPIRIT"},"image":{"@id":"https:\/\/www.beachspirit.fr\/bs\/#\/schema\/logo\/image\/"},"sameAs":["https:\/\/www.facebook.com\/beachspirit.fr\/","https:\/\/www.instagram.com\/beachspirit.fr\/"]}]}},"_links":{"self":[{"href":"https:\/\/www.beachspirit.fr\/bs\/wp-json\/wp\/v2\/product\/28815","targetHints":{"allow":["GET"]}}],"collection":[{"href":"https:\/\/www.beachspirit.fr\/bs\/wp-json\/wp\/v2\/product"}],"about":[{"href":"https:\/\/www.beachspirit.fr\/bs\/wp-json\/wp\/v2\/types\/product"}],"replies":[{"embeddable":true,"href":"https:\/\/www.beachspirit.fr\/bs\/wp-json\/wp\/v2\/comments?post=28815"}],"wp:featuredmedia":[{"embeddable":true,"href":"https:\/\/www.beachspirit.fr\/bs\/wp-json\/wp\/v2\/media\/28817"}],"wp:attachment":[{"href":"https:\/\/www.beachspirit.fr\/bs\/wp-json\/wp\/v2\/media?parent=28815"}],"wp:term":[{"taxonomy":"product_brand","embeddable":true,"href":"https:\/\/www.beachspirit.fr\/bs\/wp-json\/wp\/v2\/product_brand?post=28815"},{"taxonomy":"product_cat","embeddable":true,"href":"https:\/\/www.beachspirit.fr\/bs\/wp-json\/wp\/v2\/product_cat?post=28815"},{"taxonomy":"product_tag","embeddable":true,"href":"https:\/\/www.beachspirit.fr\/bs\/wp-json\/wp\/v2\/product_tag?post=28815"}],"curies":[{"name":"wp","href":"https:\/\/api.w.org\/{rel}","templated":true}]}}