{"id":29090,"date":"2024-12-07T18:04:29","date_gmt":"2024-12-07T17:04:29","guid":{"rendered":"https:\/\/www.beachspirit.fr\/bs\/?post_type=product&#038;p=29090"},"modified":"2025-11-21T16:40:58","modified_gmt":"2025-11-21T15:40:58","slug":"chaussettes-chouffles-de-noel","status":"publish","type":"product","link":"https:\/\/www.beachspirit.fr\/bs\/produit\/chaussettes-chouffles-de-noel\/","title":{"rendered":"chaussettes \u00ab\u00a0chouffles de No\u00ebl\u00a0\u00bb"},"content":{"rendered":"<h3><span style=\"color: #ff6600;\">chaussettes \u00ab\u00a0chouffles de No\u00ebl\u00a0\u00bb<\/span><\/h3>\n<p>Les chaussettes \u00ab\u00a0Chouffles\u00a0\u00bb handmade de no\u00ebl<\/p>\n<p>Article indispensable des aficionados de la tong 4 saisons<\/p>\n<p>ces chaussettes autrement nomm\u00e9e chouffles sont de v\u00e9ritables mouffles pour vos pieds adapt\u00e9es \u00e0 vos tongs pr\u00e9f\u00e9r\u00e9es<\/p>\n<p>s\u00e9rie limit\u00e9e (en taille unique) de 5 paires sp\u00e9cial no\u00ebl<\/p>\n<p>Une exclusivit\u00e9 beach spirit !!<\/p>\n","protected":false},"excerpt":{"rendered":"<h2><span style=\"color: #ff6600;\">chaussettes \u00ab\u00a0chouffles de No\u00ebl\u00a0\u00bb<\/span><\/h2>\n","protected":false},"featured_media":29091,"comment_status":"closed","ping_status":"closed","template":"","meta":[],"product_brand":[],"product_cat":[427,19],"product_tag":[],"class_list":{"0":"post-29090","1":"product","2":"type-product","3":"status-publish","4":"has-post-thumbnail","6":"product_cat-bonnets-fait-main-articles-handmade","7":"product_cat-bonnets-casquettes-accessoires","8":"product_shipping_class-tarif-suivant-poids","10":"first","11":"instock","12":"purchasable","13":"product-type-variable"},"yoast_head":"<!-- This site is optimized with the Yoast SEO plugin v27.5 - https:\/\/yoast.com\/product\/yoast-seo-wordpress\/ -->\n<title>chaussettes &quot;chouffles de No\u00ebl&quot; - BEACH SPIRIT<\/title>\n<meta name=\"description\" content=\"Les chaussettes &quot;Chouffles&quot; handmadeArticle indispensable des aficionados de la tong 4 saisonsces chaussettes autrement nomm\u00e9e chouffles sont de v\u00e9ritables mouffles pour vos pieds adapt\u00e9es \u00e0 vos tongs pr\u00e9f\u00e9r\u00e9ess\u00e9rie limit\u00e9e (en taille unique) de 5 paires sp\u00e9cial no\u00eblUne exclusivit\u00e9 beach spirit !!\" \/>\n<meta name=\"robots\" content=\"index, follow, max-snippet:-1, max-image-preview:large, max-video-preview:-1\" \/>\n<link rel=\"canonical\" href=\"https:\/\/www.beachspirit.fr\/bs\/produit\/chaussettes-chouffles-de-noel\/\" \/>\n<meta property=\"og:locale\" content=\"fr_FR\" \/>\n<meta property=\"og:type\" content=\"article\" \/>\n<meta property=\"og:title\" content=\"chaussettes &quot;chouffles de No\u00ebl&quot; - BEACH SPIRIT\" \/>\n<meta property=\"og:description\" content=\"Les chaussettes &quot;Chouffles&quot; handmadeArticle indispensable des aficionados de la tong 4 saisonsces chaussettes autrement nomm\u00e9e chouffles sont de v\u00e9ritables mouffles pour vos pieds adapt\u00e9es \u00e0 vos tongs pr\u00e9f\u00e9r\u00e9ess\u00e9rie limit\u00e9e (en taille unique) de 5 paires sp\u00e9cial no\u00eblUne exclusivit\u00e9 beach spirit !!\" \/>\n<meta property=\"og:url\" content=\"https:\/\/www.beachspirit.fr\/bs\/produit\/chaussettes-chouffles-de-noel\/\" \/>\n<meta property=\"og:site_name\" content=\"BEACH SPIRIT\" \/>\n<meta property=\"article:publisher\" content=\"https:\/\/www.facebook.com\/beachspirit.fr\/\" \/>\n<meta property=\"article:modified_time\" content=\"2025-11-21T15:40:58+00:00\" \/>\n<meta property=\"og:image\" content=\"https:\/\/www.beachspirit.fr\/bs\/wp-content\/uploads\/2024\/12\/462637719_549574957987435_4990421552413252405_n.jpg\" \/>\n\t<meta property=\"og:image:width\" content=\"1280\" \/>\n\t<meta property=\"og:image:height\" content=\"1706\" \/>\n\t<meta property=\"og:image:type\" content=\"image\/jpeg\" \/>\n<meta name=\"twitter:card\" content=\"summary_large_image\" \/>\n<meta name=\"twitter:label1\" content=\"Dur\u00e9e de lecture estim\u00e9e\" \/>\n\t<meta name=\"twitter:data1\" content=\"1 minute\" \/>\n<script type=\"application\/ld+json\" class=\"yoast-schema-graph\">{\"@context\":\"https:\\\/\\\/schema.org\",\"@graph\":[{\"@type\":\"WebPage\",\"@id\":\"https:\\\/\\\/www.beachspirit.fr\\\/bs\\\/produit\\\/chaussettes-chouffles-de-noel\\\/\",\"url\":\"https:\\\/\\\/www.beachspirit.fr\\\/bs\\\/produit\\\/chaussettes-chouffles-de-noel\\\/\",\"name\":\"chaussettes \\\"chouffles de No\u00ebl\\\" - BEACH SPIRIT\",\"isPartOf\":{\"@id\":\"https:\\\/\\\/www.beachspirit.fr\\\/bs\\\/#website\"},\"primaryImageOfPage\":{\"@id\":\"https:\\\/\\\/www.beachspirit.fr\\\/bs\\\/produit\\\/chaussettes-chouffles-de-noel\\\/#primaryimage\"},\"image\":{\"@id\":\"https:\\\/\\\/www.beachspirit.fr\\\/bs\\\/produit\\\/chaussettes-chouffles-de-noel\\\/#primaryimage\"},\"thumbnailUrl\":\"https:\\\/\\\/www.beachspirit.fr\\\/bs\\\/wp-content\\\/uploads\\\/2024\\\/12\\\/462637719_549574957987435_4990421552413252405_n.jpg\",\"datePublished\":\"2024-12-07T17:04:29+00:00\",\"dateModified\":\"2025-11-21T15:40:58+00:00\",\"description\":\"Les chaussettes \\\"Chouffles\\\" handmadeArticle indispensable des aficionados de la tong 4 saisonsces chaussettes autrement nomm\u00e9e chouffles sont de v\u00e9ritables mouffles pour vos pieds adapt\u00e9es \u00e0 vos tongs pr\u00e9f\u00e9r\u00e9ess\u00e9rie limit\u00e9e (en taille unique) de 5 paires sp\u00e9cial no\u00eblUne exclusivit\u00e9 beach spirit !!\",\"breadcrumb\":{\"@id\":\"https:\\\/\\\/www.beachspirit.fr\\\/bs\\\/produit\\\/chaussettes-chouffles-de-noel\\\/#breadcrumb\"},\"inLanguage\":\"fr-FR\",\"potentialAction\":[{\"@type\":\"ReadAction\",\"target\":[\"https:\\\/\\\/www.beachspirit.fr\\\/bs\\\/produit\\\/chaussettes-chouffles-de-noel\\\/\"]}]},{\"@type\":\"ImageObject\",\"inLanguage\":\"fr-FR\",\"@id\":\"https:\\\/\\\/www.beachspirit.fr\\\/bs\\\/produit\\\/chaussettes-chouffles-de-noel\\\/#primaryimage\",\"url\":\"https:\\\/\\\/www.beachspirit.fr\\\/bs\\\/wp-content\\\/uploads\\\/2024\\\/12\\\/462637719_549574957987435_4990421552413252405_n.jpg\",\"contentUrl\":\"https:\\\/\\\/www.beachspirit.fr\\\/bs\\\/wp-content\\\/uploads\\\/2024\\\/12\\\/462637719_549574957987435_4990421552413252405_n.jpg\",\"width\":1280,\"height\":1706,\"caption\":\"chaussettes chouffles handmade no\u00ebl\"},{\"@type\":\"BreadcrumbList\",\"@id\":\"https:\\\/\\\/www.beachspirit.fr\\\/bs\\\/produit\\\/chaussettes-chouffles-de-noel\\\/#breadcrumb\",\"itemListElement\":[{\"@type\":\"ListItem\",\"position\":1,\"name\":\"Accueil\",\"item\":\"https:\\\/\\\/www.beachspirit.fr\\\/bs\\\/\"},{\"@type\":\"ListItem\",\"position\":2,\"name\":\"Boutique\",\"item\":\"https:\\\/\\\/www.beachspirit.fr\\\/bs\\\/boutique\\\/\"},{\"@type\":\"ListItem\",\"position\":3,\"name\":\"chaussettes \u00ab\u00a0chouffles de No\u00ebl\u00a0\u00bb\"}]},{\"@type\":\"WebSite\",\"@id\":\"https:\\\/\\\/www.beachspirit.fr\\\/bs\\\/#website\",\"url\":\"https:\\\/\\\/www.beachspirit.fr\\\/bs\\\/\",\"name\":\"BEACH SPIRIT\",\"description\":\"beach spirit approved\",\"publisher\":{\"@id\":\"https:\\\/\\\/www.beachspirit.fr\\\/bs\\\/#organization\"},\"potentialAction\":[{\"@type\":\"SearchAction\",\"target\":{\"@type\":\"EntryPoint\",\"urlTemplate\":\"https:\\\/\\\/www.beachspirit.fr\\\/bs\\\/?s={search_term_string}\"},\"query-input\":{\"@type\":\"PropertyValueSpecification\",\"valueRequired\":true,\"valueName\":\"search_term_string\"}}],\"inLanguage\":\"fr-FR\"},{\"@type\":\"Organization\",\"@id\":\"https:\\\/\\\/www.beachspirit.fr\\\/bs\\\/#organization\",\"name\":\"BEACH SPIRIT\",\"url\":\"https:\\\/\\\/www.beachspirit.fr\\\/bs\\\/\",\"logo\":{\"@type\":\"ImageObject\",\"inLanguage\":\"fr-FR\",\"@id\":\"https:\\\/\\\/www.beachspirit.fr\\\/bs\\\/#\\\/schema\\\/logo\\\/image\\\/\",\"url\":\"http:\\\/\\\/www.beachspirit.fr\\\/bs\\\/wp-content\\\/uploads\\\/2020\\\/03\\\/logoBS-petit-2.png\",\"contentUrl\":\"http:\\\/\\\/www.beachspirit.fr\\\/bs\\\/wp-content\\\/uploads\\\/2020\\\/03\\\/logoBS-petit-2.png\",\"width\":200,\"height\":117,\"caption\":\"BEACH SPIRIT\"},\"image\":{\"@id\":\"https:\\\/\\\/www.beachspirit.fr\\\/bs\\\/#\\\/schema\\\/logo\\\/image\\\/\"},\"sameAs\":[\"https:\\\/\\\/www.facebook.com\\\/beachspirit.fr\\\/\",\"https:\\\/\\\/www.instagram.com\\\/beachspirit.fr\\\/\"]}]}<\/script>\n<!-- \/ Yoast SEO plugin. -->","yoast_head_json":{"title":"chaussettes \"chouffles de No\u00ebl\" - BEACH SPIRIT","description":"Les chaussettes \"Chouffles\" handmadeArticle indispensable des aficionados de la tong 4 saisonsces chaussettes autrement nomm\u00e9e chouffles sont de v\u00e9ritables mouffles pour vos pieds adapt\u00e9es \u00e0 vos tongs pr\u00e9f\u00e9r\u00e9ess\u00e9rie limit\u00e9e (en taille unique) de 5 paires sp\u00e9cial no\u00eblUne exclusivit\u00e9 beach spirit !!","robots":{"index":"index","follow":"follow","max-snippet":"max-snippet:-1","max-image-preview":"max-image-preview:large","max-video-preview":"max-video-preview:-1"},"canonical":"https:\/\/www.beachspirit.fr\/bs\/produit\/chaussettes-chouffles-de-noel\/","og_locale":"fr_FR","og_type":"article","og_title":"chaussettes \"chouffles de No\u00ebl\" - BEACH SPIRIT","og_description":"Les chaussettes \"Chouffles\" handmadeArticle indispensable des aficionados de la tong 4 saisonsces chaussettes autrement nomm\u00e9e chouffles sont de v\u00e9ritables mouffles pour vos pieds adapt\u00e9es \u00e0 vos tongs pr\u00e9f\u00e9r\u00e9ess\u00e9rie limit\u00e9e (en taille unique) de 5 paires sp\u00e9cial no\u00eblUne exclusivit\u00e9 beach spirit !!","og_url":"https:\/\/www.beachspirit.fr\/bs\/produit\/chaussettes-chouffles-de-noel\/","og_site_name":"BEACH SPIRIT","article_publisher":"https:\/\/www.facebook.com\/beachspirit.fr\/","article_modified_time":"2025-11-21T15:40:58+00:00","og_image":[{"width":1280,"height":1706,"url":"https:\/\/www.beachspirit.fr\/bs\/wp-content\/uploads\/2024\/12\/462637719_549574957987435_4990421552413252405_n.jpg","type":"image\/jpeg"}],"twitter_card":"summary_large_image","twitter_misc":{"Dur\u00e9e de lecture estim\u00e9e":"1 minute"},"schema":{"@context":"https:\/\/schema.org","@graph":[{"@type":"WebPage","@id":"https:\/\/www.beachspirit.fr\/bs\/produit\/chaussettes-chouffles-de-noel\/","url":"https:\/\/www.beachspirit.fr\/bs\/produit\/chaussettes-chouffles-de-noel\/","name":"chaussettes \"chouffles de No\u00ebl\" - BEACH SPIRIT","isPartOf":{"@id":"https:\/\/www.beachspirit.fr\/bs\/#website"},"primaryImageOfPage":{"@id":"https:\/\/www.beachspirit.fr\/bs\/produit\/chaussettes-chouffles-de-noel\/#primaryimage"},"image":{"@id":"https:\/\/www.beachspirit.fr\/bs\/produit\/chaussettes-chouffles-de-noel\/#primaryimage"},"thumbnailUrl":"https:\/\/www.beachspirit.fr\/bs\/wp-content\/uploads\/2024\/12\/462637719_549574957987435_4990421552413252405_n.jpg","datePublished":"2024-12-07T17:04:29+00:00","dateModified":"2025-11-21T15:40:58+00:00","description":"Les chaussettes \"Chouffles\" handmadeArticle indispensable des aficionados de la tong 4 saisonsces chaussettes autrement nomm\u00e9e chouffles sont de v\u00e9ritables mouffles pour vos pieds adapt\u00e9es \u00e0 vos tongs pr\u00e9f\u00e9r\u00e9ess\u00e9rie limit\u00e9e (en taille unique) de 5 paires sp\u00e9cial no\u00eblUne exclusivit\u00e9 beach spirit !!","breadcrumb":{"@id":"https:\/\/www.beachspirit.fr\/bs\/produit\/chaussettes-chouffles-de-noel\/#breadcrumb"},"inLanguage":"fr-FR","potentialAction":[{"@type":"ReadAction","target":["https:\/\/www.beachspirit.fr\/bs\/produit\/chaussettes-chouffles-de-noel\/"]}]},{"@type":"ImageObject","inLanguage":"fr-FR","@id":"https:\/\/www.beachspirit.fr\/bs\/produit\/chaussettes-chouffles-de-noel\/#primaryimage","url":"https:\/\/www.beachspirit.fr\/bs\/wp-content\/uploads\/2024\/12\/462637719_549574957987435_4990421552413252405_n.jpg","contentUrl":"https:\/\/www.beachspirit.fr\/bs\/wp-content\/uploads\/2024\/12\/462637719_549574957987435_4990421552413252405_n.jpg","width":1280,"height":1706,"caption":"chaussettes chouffles handmade no\u00ebl"},{"@type":"BreadcrumbList","@id":"https:\/\/www.beachspirit.fr\/bs\/produit\/chaussettes-chouffles-de-noel\/#breadcrumb","itemListElement":[{"@type":"ListItem","position":1,"name":"Accueil","item":"https:\/\/www.beachspirit.fr\/bs\/"},{"@type":"ListItem","position":2,"name":"Boutique","item":"https:\/\/www.beachspirit.fr\/bs\/boutique\/"},{"@type":"ListItem","position":3,"name":"chaussettes \u00ab\u00a0chouffles de No\u00ebl\u00a0\u00bb"}]},{"@type":"WebSite","@id":"https:\/\/www.beachspirit.fr\/bs\/#website","url":"https:\/\/www.beachspirit.fr\/bs\/","name":"BEACH SPIRIT","description":"beach spirit approved","publisher":{"@id":"https:\/\/www.beachspirit.fr\/bs\/#organization"},"potentialAction":[{"@type":"SearchAction","target":{"@type":"EntryPoint","urlTemplate":"https:\/\/www.beachspirit.fr\/bs\/?s={search_term_string}"},"query-input":{"@type":"PropertyValueSpecification","valueRequired":true,"valueName":"search_term_string"}}],"inLanguage":"fr-FR"},{"@type":"Organization","@id":"https:\/\/www.beachspirit.fr\/bs\/#organization","name":"BEACH SPIRIT","url":"https:\/\/www.beachspirit.fr\/bs\/","logo":{"@type":"ImageObject","inLanguage":"fr-FR","@id":"https:\/\/www.beachspirit.fr\/bs\/#\/schema\/logo\/image\/","url":"http:\/\/www.beachspirit.fr\/bs\/wp-content\/uploads\/2020\/03\/logoBS-petit-2.png","contentUrl":"http:\/\/www.beachspirit.fr\/bs\/wp-content\/uploads\/2020\/03\/logoBS-petit-2.png","width":200,"height":117,"caption":"BEACH SPIRIT"},"image":{"@id":"https:\/\/www.beachspirit.fr\/bs\/#\/schema\/logo\/image\/"},"sameAs":["https:\/\/www.facebook.com\/beachspirit.fr\/","https:\/\/www.instagram.com\/beachspirit.fr\/"]}]}},"_links":{"self":[{"href":"https:\/\/www.beachspirit.fr\/bs\/wp-json\/wp\/v2\/product\/29090","targetHints":{"allow":["GET"]}}],"collection":[{"href":"https:\/\/www.beachspirit.fr\/bs\/wp-json\/wp\/v2\/product"}],"about":[{"href":"https:\/\/www.beachspirit.fr\/bs\/wp-json\/wp\/v2\/types\/product"}],"replies":[{"embeddable":true,"href":"https:\/\/www.beachspirit.fr\/bs\/wp-json\/wp\/v2\/comments?post=29090"}],"wp:featuredmedia":[{"embeddable":true,"href":"https:\/\/www.beachspirit.fr\/bs\/wp-json\/wp\/v2\/media\/29091"}],"wp:attachment":[{"href":"https:\/\/www.beachspirit.fr\/bs\/wp-json\/wp\/v2\/media?parent=29090"}],"wp:term":[{"taxonomy":"product_brand","embeddable":true,"href":"https:\/\/www.beachspirit.fr\/bs\/wp-json\/wp\/v2\/product_brand?post=29090"},{"taxonomy":"product_cat","embeddable":true,"href":"https:\/\/www.beachspirit.fr\/bs\/wp-json\/wp\/v2\/product_cat?post=29090"},{"taxonomy":"product_tag","embeddable":true,"href":"https:\/\/www.beachspirit.fr\/bs\/wp-json\/wp\/v2\/product_tag?post=29090"}],"curies":[{"name":"wp","href":"https:\/\/api.w.org\/{rel}","templated":true}]}}