{"id":29383,"date":"2025-02-06T11:31:49","date_gmt":"2025-02-06T10:31:49","guid":{"rendered":"https:\/\/www.beachspirit.fr\/bs\/?post_type=product&#038;p=29383"},"modified":"2025-02-06T11:54:19","modified_gmt":"2025-02-06T10:54:19","slug":"poulies-simple-a-billes-viadana-blokart-bateau-char-voile","status":"publish","type":"product","link":"https:\/\/www.beachspirit.fr\/bs\/produit\/poulies-simple-a-billes-viadana-blokart-bateau-char-voile\/","title":{"rendered":"Poulies simple \u00e0 billes viadana 28 mm V11.60"},"content":{"rendered":"<h3><span style=\"color: #ff6600;\">Poulie simple \u00e0 billes blokart, char et bateau viadana 28mm<\/span><\/h3>\n<p>poulie simple \u00e0 billes de fabrication italienne, r\u00e9a de 28mm et joues pleines d&rsquo;un excellent rapport qualit\u00e9 prix cette poulie Viadana test\u00e9e et approuv\u00e9e en comp\u00e9tition est Id\u00e9ale pour blokart, le bateau et les chars \u00e0 voile.<\/p>\n<p><strong>En blokart elle convient parfaitement comme poulie de point d&rsquo;\u00e9coute et poulie de pulley whip<\/strong> \u00e0 la place de la poulie Ronstan d&rsquo;origine<\/p>\n<p>A attacher avec un bout ou une manille \u00d8 4 ou 5mm (torse ou ronde suivant fixation)<\/p>\n<p>Rea \u00d8 28mm<\/p>\n<p>longueur hors tout 51mm<\/p>\n<p>\u00d8 \u00e9coute max 8mm<\/p>\n<p>&nbsp;<\/p>\n<p>Vous cherchez un produit sp\u00e9cifique :<\/p>\n<p><a href=\"http:\/\/www.viadana.it\/wp-content\/uploads\/2014\/04\/viadana_bassa.pdf\" target=\"_blank\" rel=\"noopener noreferrer\">http:\/\/www.viadana.it\/wp-content\/uploads\/2014\/04\/viadana_bassa.pdf <\/a>et n&rsquo;h\u00e9sitez pas \u00e0 nous <a href=\"https:\/\/www.beachspirit.fr\/bs\/nous-contacter\/\" target=\"_blank\" rel=\"noopener noreferrer\">contacter<\/a><\/p>\n","protected":false},"excerpt":{"rendered":"<h3><span style=\"color: #ff6600;\">Poulie simple <\/span><span style=\"color: #ff6600;\">28 mm <\/span><span style=\"color: #ff6600;\">\u00e0 billes viadana\u00a0<\/span><\/h3>\n<p>&nbsp;<\/p>\n","protected":false},"featured_media":29384,"comment_status":"open","ping_status":"closed","template":"","meta":[],"product_brand":[],"product_cat":[18,545,547,361],"product_tag":[],"class_list":{"0":"post-29383","1":"product","2":"type-product","3":"status-publish","4":"has-post-thumbnail","6":"product_cat-accastillage-poulies-voile-char-a-voile-bateau","7":"product_cat-blokart","8":"product_cat-chars-a-voile-classes-5-promo-standart-mini-loisir","9":"product_cat-articles-techniques-voile-char-a-voile","10":"product_shipping_class-tarif-suivant-poids","12":"first","13":"instock","14":"purchasable","15":"product-type-simple"},"yoast_head":"<!-- This site is optimized with the Yoast SEO plugin v27.4 - https:\/\/yoast.com\/product\/yoast-seo-wordpress\/ -->\n<title>Poulies simple \u00e0 billes viadana 28 mm V11.60 - BEACH SPIRIT<\/title>\n<meta name=\"description\" content=\"Poulie simple \u00e0 billes 28mm viadana. cette poulie peu ch\u00e8re et de qualit\u00e9 est parfaite pour le point d&#039;ecoute et le pulley whip des blokart, le bateau et le char \u00e0 voile\" \/>\n<meta name=\"robots\" content=\"index, follow, max-snippet:-1, max-image-preview:large, max-video-preview:-1\" \/>\n<link rel=\"canonical\" href=\"https:\/\/www.beachspirit.fr\/bs\/produit\/poulies-simple-a-billes-viadana-blokart-bateau-char-voile\/\" \/>\n<meta property=\"og:locale\" content=\"fr_FR\" \/>\n<meta property=\"og:type\" content=\"article\" \/>\n<meta property=\"og:title\" content=\"Poulies simple \u00e0 billes viadana 28 mm V11.60 - BEACH SPIRIT\" \/>\n<meta property=\"og:description\" content=\"Poulie simple \u00e0 billes 28mm viadana. cette poulie peu ch\u00e8re et de qualit\u00e9 est parfaite pour le point d&#039;ecoute et le pulley whip des blokart, le bateau et le char \u00e0 voile\" \/>\n<meta property=\"og:url\" content=\"https:\/\/www.beachspirit.fr\/bs\/produit\/poulies-simple-a-billes-viadana-blokart-bateau-char-voile\/\" \/>\n<meta property=\"og:site_name\" content=\"BEACH SPIRIT\" \/>\n<meta property=\"article:publisher\" content=\"https:\/\/www.facebook.com\/beachspirit.fr\/\" \/>\n<meta property=\"article:modified_time\" content=\"2025-02-06T10:54:19+00:00\" \/>\n<meta property=\"og:image\" content=\"https:\/\/www.beachspirit.fr\/bs\/wp-content\/uploads\/2025\/02\/Capture-11.60.jpg\" \/>\n\t<meta property=\"og:image:width\" content=\"207\" \/>\n\t<meta property=\"og:image:height\" content=\"227\" \/>\n\t<meta property=\"og:image:type\" content=\"image\/jpeg\" \/>\n<meta name=\"twitter:card\" content=\"summary_large_image\" \/>\n<meta name=\"twitter:label1\" content=\"Dur\u00e9e de lecture estim\u00e9e\" \/>\n\t<meta name=\"twitter:data1\" content=\"1 minute\" \/>\n<script type=\"application\/ld+json\" class=\"yoast-schema-graph\">{\"@context\":\"https:\\\/\\\/schema.org\",\"@graph\":[{\"@type\":\"WebPage\",\"@id\":\"https:\\\/\\\/www.beachspirit.fr\\\/bs\\\/produit\\\/poulies-simple-a-billes-viadana-blokart-bateau-char-voile\\\/\",\"url\":\"https:\\\/\\\/www.beachspirit.fr\\\/bs\\\/produit\\\/poulies-simple-a-billes-viadana-blokart-bateau-char-voile\\\/\",\"name\":\"Poulies simple \u00e0 billes viadana 28 mm V11.60 - BEACH SPIRIT\",\"isPartOf\":{\"@id\":\"https:\\\/\\\/www.beachspirit.fr\\\/bs\\\/#website\"},\"primaryImageOfPage\":{\"@id\":\"https:\\\/\\\/www.beachspirit.fr\\\/bs\\\/produit\\\/poulies-simple-a-billes-viadana-blokart-bateau-char-voile\\\/#primaryimage\"},\"image\":{\"@id\":\"https:\\\/\\\/www.beachspirit.fr\\\/bs\\\/produit\\\/poulies-simple-a-billes-viadana-blokart-bateau-char-voile\\\/#primaryimage\"},\"thumbnailUrl\":\"https:\\\/\\\/www.beachspirit.fr\\\/bs\\\/wp-content\\\/uploads\\\/2025\\\/02\\\/Capture-11.60.jpg\",\"datePublished\":\"2025-02-06T10:31:49+00:00\",\"dateModified\":\"2025-02-06T10:54:19+00:00\",\"description\":\"Poulie simple \u00e0 billes 28mm viadana. cette poulie peu ch\u00e8re et de qualit\u00e9 est parfaite pour le point d'ecoute et le pulley whip des blokart, le bateau et le char \u00e0 voile\",\"breadcrumb\":{\"@id\":\"https:\\\/\\\/www.beachspirit.fr\\\/bs\\\/produit\\\/poulies-simple-a-billes-viadana-blokart-bateau-char-voile\\\/#breadcrumb\"},\"inLanguage\":\"fr-FR\",\"potentialAction\":[{\"@type\":\"ReadAction\",\"target\":[\"https:\\\/\\\/www.beachspirit.fr\\\/bs\\\/produit\\\/poulies-simple-a-billes-viadana-blokart-bateau-char-voile\\\/\"]}]},{\"@type\":\"ImageObject\",\"inLanguage\":\"fr-FR\",\"@id\":\"https:\\\/\\\/www.beachspirit.fr\\\/bs\\\/produit\\\/poulies-simple-a-billes-viadana-blokart-bateau-char-voile\\\/#primaryimage\",\"url\":\"https:\\\/\\\/www.beachspirit.fr\\\/bs\\\/wp-content\\\/uploads\\\/2025\\\/02\\\/Capture-11.60.jpg\",\"contentUrl\":\"https:\\\/\\\/www.beachspirit.fr\\\/bs\\\/wp-content\\\/uploads\\\/2025\\\/02\\\/Capture-11.60.jpg\",\"width\":207,\"height\":227,\"caption\":\"poulie blokart bateau char \u00e0 voile viadana\"},{\"@type\":\"BreadcrumbList\",\"@id\":\"https:\\\/\\\/www.beachspirit.fr\\\/bs\\\/produit\\\/poulies-simple-a-billes-viadana-blokart-bateau-char-voile\\\/#breadcrumb\",\"itemListElement\":[{\"@type\":\"ListItem\",\"position\":1,\"name\":\"Accueil\",\"item\":\"https:\\\/\\\/www.beachspirit.fr\\\/bs\\\/\"},{\"@type\":\"ListItem\",\"position\":2,\"name\":\"Boutique\",\"item\":\"https:\\\/\\\/www.beachspirit.fr\\\/bs\\\/boutique\\\/\"},{\"@type\":\"ListItem\",\"position\":3,\"name\":\"Poulies simple \u00e0 billes viadana 28 mm V11.60\"}]},{\"@type\":\"WebSite\",\"@id\":\"https:\\\/\\\/www.beachspirit.fr\\\/bs\\\/#website\",\"url\":\"https:\\\/\\\/www.beachspirit.fr\\\/bs\\\/\",\"name\":\"BEACH SPIRIT\",\"description\":\"beach spirit approved\",\"publisher\":{\"@id\":\"https:\\\/\\\/www.beachspirit.fr\\\/bs\\\/#organization\"},\"potentialAction\":[{\"@type\":\"SearchAction\",\"target\":{\"@type\":\"EntryPoint\",\"urlTemplate\":\"https:\\\/\\\/www.beachspirit.fr\\\/bs\\\/?s={search_term_string}\"},\"query-input\":{\"@type\":\"PropertyValueSpecification\",\"valueRequired\":true,\"valueName\":\"search_term_string\"}}],\"inLanguage\":\"fr-FR\"},{\"@type\":\"Organization\",\"@id\":\"https:\\\/\\\/www.beachspirit.fr\\\/bs\\\/#organization\",\"name\":\"BEACH SPIRIT\",\"url\":\"https:\\\/\\\/www.beachspirit.fr\\\/bs\\\/\",\"logo\":{\"@type\":\"ImageObject\",\"inLanguage\":\"fr-FR\",\"@id\":\"https:\\\/\\\/www.beachspirit.fr\\\/bs\\\/#\\\/schema\\\/logo\\\/image\\\/\",\"url\":\"http:\\\/\\\/www.beachspirit.fr\\\/bs\\\/wp-content\\\/uploads\\\/2020\\\/03\\\/logoBS-petit-2.png\",\"contentUrl\":\"http:\\\/\\\/www.beachspirit.fr\\\/bs\\\/wp-content\\\/uploads\\\/2020\\\/03\\\/logoBS-petit-2.png\",\"width\":200,\"height\":117,\"caption\":\"BEACH SPIRIT\"},\"image\":{\"@id\":\"https:\\\/\\\/www.beachspirit.fr\\\/bs\\\/#\\\/schema\\\/logo\\\/image\\\/\"},\"sameAs\":[\"https:\\\/\\\/www.facebook.com\\\/beachspirit.fr\\\/\",\"https:\\\/\\\/www.instagram.com\\\/beachspirit.fr\\\/\"]}]}<\/script>\n<!-- \/ Yoast SEO plugin. -->","yoast_head_json":{"title":"Poulies simple \u00e0 billes viadana 28 mm V11.60 - BEACH SPIRIT","description":"Poulie simple \u00e0 billes 28mm viadana. cette poulie peu ch\u00e8re et de qualit\u00e9 est parfaite pour le point d'ecoute et le pulley whip des blokart, le bateau et le char \u00e0 voile","robots":{"index":"index","follow":"follow","max-snippet":"max-snippet:-1","max-image-preview":"max-image-preview:large","max-video-preview":"max-video-preview:-1"},"canonical":"https:\/\/www.beachspirit.fr\/bs\/produit\/poulies-simple-a-billes-viadana-blokart-bateau-char-voile\/","og_locale":"fr_FR","og_type":"article","og_title":"Poulies simple \u00e0 billes viadana 28 mm V11.60 - BEACH SPIRIT","og_description":"Poulie simple \u00e0 billes 28mm viadana. cette poulie peu ch\u00e8re et de qualit\u00e9 est parfaite pour le point d'ecoute et le pulley whip des blokart, le bateau et le char \u00e0 voile","og_url":"https:\/\/www.beachspirit.fr\/bs\/produit\/poulies-simple-a-billes-viadana-blokart-bateau-char-voile\/","og_site_name":"BEACH SPIRIT","article_publisher":"https:\/\/www.facebook.com\/beachspirit.fr\/","article_modified_time":"2025-02-06T10:54:19+00:00","og_image":[{"width":207,"height":227,"url":"https:\/\/www.beachspirit.fr\/bs\/wp-content\/uploads\/2025\/02\/Capture-11.60.jpg","type":"image\/jpeg"}],"twitter_card":"summary_large_image","twitter_misc":{"Dur\u00e9e de lecture estim\u00e9e":"1 minute"},"schema":{"@context":"https:\/\/schema.org","@graph":[{"@type":"WebPage","@id":"https:\/\/www.beachspirit.fr\/bs\/produit\/poulies-simple-a-billes-viadana-blokart-bateau-char-voile\/","url":"https:\/\/www.beachspirit.fr\/bs\/produit\/poulies-simple-a-billes-viadana-blokart-bateau-char-voile\/","name":"Poulies simple \u00e0 billes viadana 28 mm V11.60 - BEACH SPIRIT","isPartOf":{"@id":"https:\/\/www.beachspirit.fr\/bs\/#website"},"primaryImageOfPage":{"@id":"https:\/\/www.beachspirit.fr\/bs\/produit\/poulies-simple-a-billes-viadana-blokart-bateau-char-voile\/#primaryimage"},"image":{"@id":"https:\/\/www.beachspirit.fr\/bs\/produit\/poulies-simple-a-billes-viadana-blokart-bateau-char-voile\/#primaryimage"},"thumbnailUrl":"https:\/\/www.beachspirit.fr\/bs\/wp-content\/uploads\/2025\/02\/Capture-11.60.jpg","datePublished":"2025-02-06T10:31:49+00:00","dateModified":"2025-02-06T10:54:19+00:00","description":"Poulie simple \u00e0 billes 28mm viadana. cette poulie peu ch\u00e8re et de qualit\u00e9 est parfaite pour le point d'ecoute et le pulley whip des blokart, le bateau et le char \u00e0 voile","breadcrumb":{"@id":"https:\/\/www.beachspirit.fr\/bs\/produit\/poulies-simple-a-billes-viadana-blokart-bateau-char-voile\/#breadcrumb"},"inLanguage":"fr-FR","potentialAction":[{"@type":"ReadAction","target":["https:\/\/www.beachspirit.fr\/bs\/produit\/poulies-simple-a-billes-viadana-blokart-bateau-char-voile\/"]}]},{"@type":"ImageObject","inLanguage":"fr-FR","@id":"https:\/\/www.beachspirit.fr\/bs\/produit\/poulies-simple-a-billes-viadana-blokart-bateau-char-voile\/#primaryimage","url":"https:\/\/www.beachspirit.fr\/bs\/wp-content\/uploads\/2025\/02\/Capture-11.60.jpg","contentUrl":"https:\/\/www.beachspirit.fr\/bs\/wp-content\/uploads\/2025\/02\/Capture-11.60.jpg","width":207,"height":227,"caption":"poulie blokart bateau char \u00e0 voile viadana"},{"@type":"BreadcrumbList","@id":"https:\/\/www.beachspirit.fr\/bs\/produit\/poulies-simple-a-billes-viadana-blokart-bateau-char-voile\/#breadcrumb","itemListElement":[{"@type":"ListItem","position":1,"name":"Accueil","item":"https:\/\/www.beachspirit.fr\/bs\/"},{"@type":"ListItem","position":2,"name":"Boutique","item":"https:\/\/www.beachspirit.fr\/bs\/boutique\/"},{"@type":"ListItem","position":3,"name":"Poulies simple \u00e0 billes viadana 28 mm V11.60"}]},{"@type":"WebSite","@id":"https:\/\/www.beachspirit.fr\/bs\/#website","url":"https:\/\/www.beachspirit.fr\/bs\/","name":"BEACH SPIRIT","description":"beach spirit approved","publisher":{"@id":"https:\/\/www.beachspirit.fr\/bs\/#organization"},"potentialAction":[{"@type":"SearchAction","target":{"@type":"EntryPoint","urlTemplate":"https:\/\/www.beachspirit.fr\/bs\/?s={search_term_string}"},"query-input":{"@type":"PropertyValueSpecification","valueRequired":true,"valueName":"search_term_string"}}],"inLanguage":"fr-FR"},{"@type":"Organization","@id":"https:\/\/www.beachspirit.fr\/bs\/#organization","name":"BEACH SPIRIT","url":"https:\/\/www.beachspirit.fr\/bs\/","logo":{"@type":"ImageObject","inLanguage":"fr-FR","@id":"https:\/\/www.beachspirit.fr\/bs\/#\/schema\/logo\/image\/","url":"http:\/\/www.beachspirit.fr\/bs\/wp-content\/uploads\/2020\/03\/logoBS-petit-2.png","contentUrl":"http:\/\/www.beachspirit.fr\/bs\/wp-content\/uploads\/2020\/03\/logoBS-petit-2.png","width":200,"height":117,"caption":"BEACH SPIRIT"},"image":{"@id":"https:\/\/www.beachspirit.fr\/bs\/#\/schema\/logo\/image\/"},"sameAs":["https:\/\/www.facebook.com\/beachspirit.fr\/","https:\/\/www.instagram.com\/beachspirit.fr\/"]}]}},"_links":{"self":[{"href":"https:\/\/www.beachspirit.fr\/bs\/wp-json\/wp\/v2\/product\/29383","targetHints":{"allow":["GET"]}}],"collection":[{"href":"https:\/\/www.beachspirit.fr\/bs\/wp-json\/wp\/v2\/product"}],"about":[{"href":"https:\/\/www.beachspirit.fr\/bs\/wp-json\/wp\/v2\/types\/product"}],"replies":[{"embeddable":true,"href":"https:\/\/www.beachspirit.fr\/bs\/wp-json\/wp\/v2\/comments?post=29383"}],"wp:featuredmedia":[{"embeddable":true,"href":"https:\/\/www.beachspirit.fr\/bs\/wp-json\/wp\/v2\/media\/29384"}],"wp:attachment":[{"href":"https:\/\/www.beachspirit.fr\/bs\/wp-json\/wp\/v2\/media?parent=29383"}],"wp:term":[{"taxonomy":"product_brand","embeddable":true,"href":"https:\/\/www.beachspirit.fr\/bs\/wp-json\/wp\/v2\/product_brand?post=29383"},{"taxonomy":"product_cat","embeddable":true,"href":"https:\/\/www.beachspirit.fr\/bs\/wp-json\/wp\/v2\/product_cat?post=29383"},{"taxonomy":"product_tag","embeddable":true,"href":"https:\/\/www.beachspirit.fr\/bs\/wp-json\/wp\/v2\/product_tag?post=29383"}],"curies":[{"name":"wp","href":"https:\/\/api.w.org\/{rel}","templated":true}]}}