{"id":29511,"date":"2025-07-29T17:25:54","date_gmt":"2025-07-29T16:25:54","guid":{"rendered":"https:\/\/www.beachspirit.fr\/bs\/?post_type=product&#038;p=29511"},"modified":"2025-10-31T12:56:07","modified_gmt":"2025-10-31T11:56:07","slug":"veste-softshell-club-nautique-merlimont","status":"publish","type":"product","link":"https:\/\/www.beachspirit.fr\/bs\/produit\/veste-softshell-club-nautique-merlimont\/","title":{"rendered":"Veste softshell \u00ab\u00a0Club Nautique Merlimont\u00a0\u00bb"},"content":{"rendered":"<h3><span style=\"color: #ff6600;\">Veste softshell \u00ab\u00a0<a href=\"https:\/\/club-nautique-merlimont.fr\/\" target=\"_blank\" rel=\"noopener\">Club Nautique Merlimont<\/a>\u00ab\u00a0<\/span><\/h3>\n<p><strong>Marque<\/strong> : Regatta Professional<\/p>\n<p><strong>mod\u00e8le<\/strong> : RG 194<\/p>\n<dl class=\"dl-inline mb-1\">\n<dt class=\"text-muted\"><strong>Mati\u00e8re<\/strong> :\u00a0Softshell XPT imperm\u00e9able et respirant qui conserve la chaleur dans le dos<\/dt>\n<dt class=\"text-muted\"><strong>Grammage<\/strong> :\u00a0300 g\/m\u00b2<\/dt>\n<dt class=\"text-muted\">Tailles :\u00a0<b>XS*<\/b>\u00a046\u00a0<b>S<\/b>\u00a048\u00a0<b>M<\/b>\u00a050\u00a0<b>L<\/b>\u00a052\/54\u00a0<b>XL<\/b>\u00a056\u00a0<b>2XL<\/b>\u00a058\/60\u00a0<b>3XL<\/b><\/dt>\n<dt><strong>Sp\u00e9cifications<\/strong> : Softshell XPT imperm\u00e9able et respirant qui conserve la chaleur dans le dos. 3\u00a0couches de textile. Tissu r\u00e9sistant au vent. Traitement d\u00e9perlant durable. Fermeture \u00c9clair int\u00e9rieure. 2\u00a0poches basses \u00e0 fermeture \u00c9clair et 1\u00a0poche sur la poitrine. Cordon r\u00e9glable absorbeur de chocs.<\/dt>\n<\/dl>\n<p>La veste Octagon en softshell logot\u00e9e \u00ab\u00a0Club Nautique Merlimont\u00a0\u00bbest \u00e9l\u00e9gante, styl\u00e9e et compacte. Le softshell avec renfort thermique offre une \u00e9lasticit\u00e9 naturelle pour plus de souplesse et une membrane \u00e0 3 couches pour une vraie respirabilit\u00e9. La finition imperm\u00e9able et coupe-vent vous prot\u00e8ge contre les intemp\u00e9ries et le tissu 300 g\/m\u00b2 apporte un poids rassurant. Elle est tr\u00e8s pratique gr\u00e2ce \u00e0 ses deux poches zipp\u00e9es.<\/p>\n<div>\n<div><strong>Marquage<\/strong><\/div>\n<\/div>\n<p><strong>Poitrine<\/strong> : logo \u00ab Club Nautique Merlimont \u00bb sur le c\u0153ur<\/p>\n<p>&nbsp;<\/p>\n<p>Coiuleur : Bleu Marine<\/p>\n<p><strong>Livraisons :<\/strong><\/p>\n<p>Vous pouvez b\u00e9n\u00e9ficier d\u2019une livraison gratuite au RSYC (cochez\u00a0 livraison sur site de comp\u00e9tition en fin de commande) comme indiqu\u00e9 ci dessous :<\/p>\n<div>Si vous d\u00e9sirez une livraison par colissimo \u00e0 votre adresse, celle ci est payante. En ce cas cochez \u00ab\u00a0livraison par colissimo\u00a0\u00bb en fin de commande.<\/div>\n<div><\/div>\n<div>\n<div>Les commandes prises avant le 7 du mois sont livr\u00e9es la 3eme semaine du mois<\/div>\n<div>les commandes prises avant le 16 du mois sont livr\u00e9es la derni\u00e8re semaine du mois<\/div>\n<\/div>\n<div><\/div>\n<div>Une question :\u00a0<a href=\"https:\/\/www.beachspirit.fr\/bs\/nous-contacter\/\" target=\"_blank\" rel=\"noopener\">contactez nous<\/a><\/div>\n","protected":false},"excerpt":{"rendered":"<h2><span style=\"color: #ff6600;\">Veste softshell \u00ab\u00a0Club Nautique Merlimont\u00a0\u00bb<\/span><\/h2>\n<p>Descriptif ci -dessous<\/p>\n","protected":false},"featured_media":29512,"comment_status":"open","ping_status":"closed","template":"","meta":[],"product_brand":[],"product_cat":[575,573],"product_tag":[],"class_list":{"0":"post-29511","1":"product","2":"type-product","3":"status-publish","4":"has-post-thumbnail","6":"product_cat-articles-club-nautique-merlimont","7":"product_cat-boutique-club-sportwear-articles-vetements-technique","8":"product_shipping_class-tarif-suivant-poids","10":"first","11":"instock","12":"purchasable","13":"product-type-simple"},"yoast_head":"<!-- This site is optimized with the Yoast SEO plugin v27.5 - https:\/\/yoast.com\/product\/yoast-seo-wordpress\/ -->\n<title>Veste softshell &quot;Club Nautique Merlimont&quot; - BEACH SPIRIT<\/title>\n<meta name=\"description\" content=\"La veste Octagon en softshell logot\u00e9e &quot;Club Nautique Merlimont&quot;est \u00e9l\u00e9gante, styl\u00e9e et compacte. Le softshell avec renfort thermique offre une \u00e9lasticit\u00e9 naturelle pour plus de souplesse et une membrane \u00e0 3 couches pour une vraie respirabilit\u00e9. La finition imperm\u00e9able et coupe-vent vous prot\u00e8ge contre les intemp\u00e9ries et le tissu 300 g\/m\u00b2 apporte un poids rassurant. Elle est tr\u00e8s pratique gr\u00e2ce \u00e0 ses deux poches zipp\u00e9es.\" \/>\n<meta name=\"robots\" content=\"index, follow, max-snippet:-1, max-image-preview:large, max-video-preview:-1\" \/>\n<link rel=\"canonical\" href=\"https:\/\/www.beachspirit.fr\/bs\/produit\/veste-softshell-club-nautique-merlimont\/\" \/>\n<meta property=\"og:locale\" content=\"fr_FR\" \/>\n<meta property=\"og:type\" content=\"article\" \/>\n<meta property=\"og:title\" content=\"Veste softshell &quot;Club Nautique Merlimont&quot; - BEACH SPIRIT\" \/>\n<meta property=\"og:description\" content=\"La veste Octagon en softshell logot\u00e9e &quot;Club Nautique Merlimont&quot;est \u00e9l\u00e9gante, styl\u00e9e et compacte. Le softshell avec renfort thermique offre une \u00e9lasticit\u00e9 naturelle pour plus de souplesse et une membrane \u00e0 3 couches pour une vraie respirabilit\u00e9. La finition imperm\u00e9able et coupe-vent vous prot\u00e8ge contre les intemp\u00e9ries et le tissu 300 g\/m\u00b2 apporte un poids rassurant. Elle est tr\u00e8s pratique gr\u00e2ce \u00e0 ses deux poches zipp\u00e9es.\" \/>\n<meta property=\"og:url\" content=\"https:\/\/www.beachspirit.fr\/bs\/produit\/veste-softshell-club-nautique-merlimont\/\" \/>\n<meta property=\"og:site_name\" content=\"BEACH SPIRIT\" \/>\n<meta property=\"article:publisher\" content=\"https:\/\/www.facebook.com\/beachspirit.fr\/\" \/>\n<meta property=\"article:modified_time\" content=\"2025-10-31T11:56:07+00:00\" \/>\n<meta property=\"og:image\" content=\"https:\/\/www.beachspirit.fr\/bs\/wp-content\/uploads\/2025\/07\/rg194_navy_sealgrey_-logo.jpg\" \/>\n\t<meta property=\"og:image:width\" content=\"546\" \/>\n\t<meta property=\"og:image:height\" content=\"665\" \/>\n\t<meta property=\"og:image:type\" content=\"image\/jpeg\" \/>\n<meta name=\"twitter:card\" content=\"summary_large_image\" \/>\n<meta name=\"twitter:label1\" content=\"Dur\u00e9e de lecture estim\u00e9e\" \/>\n\t<meta name=\"twitter:data1\" content=\"2 minutes\" \/>\n<script type=\"application\/ld+json\" class=\"yoast-schema-graph\">{\"@context\":\"https:\\\/\\\/schema.org\",\"@graph\":[{\"@type\":\"WebPage\",\"@id\":\"https:\\\/\\\/www.beachspirit.fr\\\/bs\\\/produit\\\/veste-softshell-club-nautique-merlimont\\\/\",\"url\":\"https:\\\/\\\/www.beachspirit.fr\\\/bs\\\/produit\\\/veste-softshell-club-nautique-merlimont\\\/\",\"name\":\"Veste softshell \\\"Club Nautique Merlimont\\\" - BEACH SPIRIT\",\"isPartOf\":{\"@id\":\"https:\\\/\\\/www.beachspirit.fr\\\/bs\\\/#website\"},\"primaryImageOfPage\":{\"@id\":\"https:\\\/\\\/www.beachspirit.fr\\\/bs\\\/produit\\\/veste-softshell-club-nautique-merlimont\\\/#primaryimage\"},\"image\":{\"@id\":\"https:\\\/\\\/www.beachspirit.fr\\\/bs\\\/produit\\\/veste-softshell-club-nautique-merlimont\\\/#primaryimage\"},\"thumbnailUrl\":\"https:\\\/\\\/www.beachspirit.fr\\\/bs\\\/wp-content\\\/uploads\\\/2025\\\/07\\\/rg194_navy_sealgrey_-logo.jpg\",\"datePublished\":\"2025-07-29T16:25:54+00:00\",\"dateModified\":\"2025-10-31T11:56:07+00:00\",\"description\":\"La veste Octagon en softshell logot\u00e9e \\\"Club Nautique Merlimont\\\"est \u00e9l\u00e9gante, styl\u00e9e et compacte. Le softshell avec renfort thermique offre une \u00e9lasticit\u00e9 naturelle pour plus de souplesse et une membrane \u00e0 3 couches pour une vraie respirabilit\u00e9. La finition imperm\u00e9able et coupe-vent vous prot\u00e8ge contre les intemp\u00e9ries et le tissu 300 g\\\/m\u00b2 apporte un poids rassurant. Elle est tr\u00e8s pratique gr\u00e2ce \u00e0 ses deux poches zipp\u00e9es.\",\"breadcrumb\":{\"@id\":\"https:\\\/\\\/www.beachspirit.fr\\\/bs\\\/produit\\\/veste-softshell-club-nautique-merlimont\\\/#breadcrumb\"},\"inLanguage\":\"fr-FR\",\"potentialAction\":[{\"@type\":\"ReadAction\",\"target\":[\"https:\\\/\\\/www.beachspirit.fr\\\/bs\\\/produit\\\/veste-softshell-club-nautique-merlimont\\\/\"]}]},{\"@type\":\"ImageObject\",\"inLanguage\":\"fr-FR\",\"@id\":\"https:\\\/\\\/www.beachspirit.fr\\\/bs\\\/produit\\\/veste-softshell-club-nautique-merlimont\\\/#primaryimage\",\"url\":\"https:\\\/\\\/www.beachspirit.fr\\\/bs\\\/wp-content\\\/uploads\\\/2025\\\/07\\\/rg194_navy_sealgrey_-logo.jpg\",\"contentUrl\":\"https:\\\/\\\/www.beachspirit.fr\\\/bs\\\/wp-content\\\/uploads\\\/2025\\\/07\\\/rg194_navy_sealgrey_-logo.jpg\",\"width\":546,\"height\":665,\"caption\":\"veste softshell club nautique Merlimont\"},{\"@type\":\"BreadcrumbList\",\"@id\":\"https:\\\/\\\/www.beachspirit.fr\\\/bs\\\/produit\\\/veste-softshell-club-nautique-merlimont\\\/#breadcrumb\",\"itemListElement\":[{\"@type\":\"ListItem\",\"position\":1,\"name\":\"Accueil\",\"item\":\"https:\\\/\\\/www.beachspirit.fr\\\/bs\\\/\"},{\"@type\":\"ListItem\",\"position\":2,\"name\":\"Boutique\",\"item\":\"https:\\\/\\\/www.beachspirit.fr\\\/bs\\\/boutique\\\/\"},{\"@type\":\"ListItem\",\"position\":3,\"name\":\"Veste softshell \u00ab\u00a0Club Nautique Merlimont\u00a0\u00bb\"}]},{\"@type\":\"WebSite\",\"@id\":\"https:\\\/\\\/www.beachspirit.fr\\\/bs\\\/#website\",\"url\":\"https:\\\/\\\/www.beachspirit.fr\\\/bs\\\/\",\"name\":\"BEACH SPIRIT\",\"description\":\"beach spirit approved\",\"publisher\":{\"@id\":\"https:\\\/\\\/www.beachspirit.fr\\\/bs\\\/#organization\"},\"potentialAction\":[{\"@type\":\"SearchAction\",\"target\":{\"@type\":\"EntryPoint\",\"urlTemplate\":\"https:\\\/\\\/www.beachspirit.fr\\\/bs\\\/?s={search_term_string}\"},\"query-input\":{\"@type\":\"PropertyValueSpecification\",\"valueRequired\":true,\"valueName\":\"search_term_string\"}}],\"inLanguage\":\"fr-FR\"},{\"@type\":\"Organization\",\"@id\":\"https:\\\/\\\/www.beachspirit.fr\\\/bs\\\/#organization\",\"name\":\"BEACH SPIRIT\",\"url\":\"https:\\\/\\\/www.beachspirit.fr\\\/bs\\\/\",\"logo\":{\"@type\":\"ImageObject\",\"inLanguage\":\"fr-FR\",\"@id\":\"https:\\\/\\\/www.beachspirit.fr\\\/bs\\\/#\\\/schema\\\/logo\\\/image\\\/\",\"url\":\"http:\\\/\\\/www.beachspirit.fr\\\/bs\\\/wp-content\\\/uploads\\\/2020\\\/03\\\/logoBS-petit-2.png\",\"contentUrl\":\"http:\\\/\\\/www.beachspirit.fr\\\/bs\\\/wp-content\\\/uploads\\\/2020\\\/03\\\/logoBS-petit-2.png\",\"width\":200,\"height\":117,\"caption\":\"BEACH SPIRIT\"},\"image\":{\"@id\":\"https:\\\/\\\/www.beachspirit.fr\\\/bs\\\/#\\\/schema\\\/logo\\\/image\\\/\"},\"sameAs\":[\"https:\\\/\\\/www.facebook.com\\\/beachspirit.fr\\\/\",\"https:\\\/\\\/www.instagram.com\\\/beachspirit.fr\\\/\"]}]}<\/script>\n<!-- \/ Yoast SEO plugin. -->","yoast_head_json":{"title":"Veste softshell \"Club Nautique Merlimont\" - BEACH SPIRIT","description":"La veste Octagon en softshell logot\u00e9e \"Club Nautique Merlimont\"est \u00e9l\u00e9gante, styl\u00e9e et compacte. Le softshell avec renfort thermique offre une \u00e9lasticit\u00e9 naturelle pour plus de souplesse et une membrane \u00e0 3 couches pour une vraie respirabilit\u00e9. La finition imperm\u00e9able et coupe-vent vous prot\u00e8ge contre les intemp\u00e9ries et le tissu 300 g\/m\u00b2 apporte un poids rassurant. Elle est tr\u00e8s pratique gr\u00e2ce \u00e0 ses deux poches zipp\u00e9es.","robots":{"index":"index","follow":"follow","max-snippet":"max-snippet:-1","max-image-preview":"max-image-preview:large","max-video-preview":"max-video-preview:-1"},"canonical":"https:\/\/www.beachspirit.fr\/bs\/produit\/veste-softshell-club-nautique-merlimont\/","og_locale":"fr_FR","og_type":"article","og_title":"Veste softshell \"Club Nautique Merlimont\" - BEACH SPIRIT","og_description":"La veste Octagon en softshell logot\u00e9e \"Club Nautique Merlimont\"est \u00e9l\u00e9gante, styl\u00e9e et compacte. Le softshell avec renfort thermique offre une \u00e9lasticit\u00e9 naturelle pour plus de souplesse et une membrane \u00e0 3 couches pour une vraie respirabilit\u00e9. La finition imperm\u00e9able et coupe-vent vous prot\u00e8ge contre les intemp\u00e9ries et le tissu 300 g\/m\u00b2 apporte un poids rassurant. Elle est tr\u00e8s pratique gr\u00e2ce \u00e0 ses deux poches zipp\u00e9es.","og_url":"https:\/\/www.beachspirit.fr\/bs\/produit\/veste-softshell-club-nautique-merlimont\/","og_site_name":"BEACH SPIRIT","article_publisher":"https:\/\/www.facebook.com\/beachspirit.fr\/","article_modified_time":"2025-10-31T11:56:07+00:00","og_image":[{"width":546,"height":665,"url":"https:\/\/www.beachspirit.fr\/bs\/wp-content\/uploads\/2025\/07\/rg194_navy_sealgrey_-logo.jpg","type":"image\/jpeg"}],"twitter_card":"summary_large_image","twitter_misc":{"Dur\u00e9e de lecture estim\u00e9e":"2 minutes"},"schema":{"@context":"https:\/\/schema.org","@graph":[{"@type":"WebPage","@id":"https:\/\/www.beachspirit.fr\/bs\/produit\/veste-softshell-club-nautique-merlimont\/","url":"https:\/\/www.beachspirit.fr\/bs\/produit\/veste-softshell-club-nautique-merlimont\/","name":"Veste softshell \"Club Nautique Merlimont\" - BEACH SPIRIT","isPartOf":{"@id":"https:\/\/www.beachspirit.fr\/bs\/#website"},"primaryImageOfPage":{"@id":"https:\/\/www.beachspirit.fr\/bs\/produit\/veste-softshell-club-nautique-merlimont\/#primaryimage"},"image":{"@id":"https:\/\/www.beachspirit.fr\/bs\/produit\/veste-softshell-club-nautique-merlimont\/#primaryimage"},"thumbnailUrl":"https:\/\/www.beachspirit.fr\/bs\/wp-content\/uploads\/2025\/07\/rg194_navy_sealgrey_-logo.jpg","datePublished":"2025-07-29T16:25:54+00:00","dateModified":"2025-10-31T11:56:07+00:00","description":"La veste Octagon en softshell logot\u00e9e \"Club Nautique Merlimont\"est \u00e9l\u00e9gante, styl\u00e9e et compacte. Le softshell avec renfort thermique offre une \u00e9lasticit\u00e9 naturelle pour plus de souplesse et une membrane \u00e0 3 couches pour une vraie respirabilit\u00e9. La finition imperm\u00e9able et coupe-vent vous prot\u00e8ge contre les intemp\u00e9ries et le tissu 300 g\/m\u00b2 apporte un poids rassurant. Elle est tr\u00e8s pratique gr\u00e2ce \u00e0 ses deux poches zipp\u00e9es.","breadcrumb":{"@id":"https:\/\/www.beachspirit.fr\/bs\/produit\/veste-softshell-club-nautique-merlimont\/#breadcrumb"},"inLanguage":"fr-FR","potentialAction":[{"@type":"ReadAction","target":["https:\/\/www.beachspirit.fr\/bs\/produit\/veste-softshell-club-nautique-merlimont\/"]}]},{"@type":"ImageObject","inLanguage":"fr-FR","@id":"https:\/\/www.beachspirit.fr\/bs\/produit\/veste-softshell-club-nautique-merlimont\/#primaryimage","url":"https:\/\/www.beachspirit.fr\/bs\/wp-content\/uploads\/2025\/07\/rg194_navy_sealgrey_-logo.jpg","contentUrl":"https:\/\/www.beachspirit.fr\/bs\/wp-content\/uploads\/2025\/07\/rg194_navy_sealgrey_-logo.jpg","width":546,"height":665,"caption":"veste softshell club nautique Merlimont"},{"@type":"BreadcrumbList","@id":"https:\/\/www.beachspirit.fr\/bs\/produit\/veste-softshell-club-nautique-merlimont\/#breadcrumb","itemListElement":[{"@type":"ListItem","position":1,"name":"Accueil","item":"https:\/\/www.beachspirit.fr\/bs\/"},{"@type":"ListItem","position":2,"name":"Boutique","item":"https:\/\/www.beachspirit.fr\/bs\/boutique\/"},{"@type":"ListItem","position":3,"name":"Veste softshell \u00ab\u00a0Club Nautique Merlimont\u00a0\u00bb"}]},{"@type":"WebSite","@id":"https:\/\/www.beachspirit.fr\/bs\/#website","url":"https:\/\/www.beachspirit.fr\/bs\/","name":"BEACH SPIRIT","description":"beach spirit approved","publisher":{"@id":"https:\/\/www.beachspirit.fr\/bs\/#organization"},"potentialAction":[{"@type":"SearchAction","target":{"@type":"EntryPoint","urlTemplate":"https:\/\/www.beachspirit.fr\/bs\/?s={search_term_string}"},"query-input":{"@type":"PropertyValueSpecification","valueRequired":true,"valueName":"search_term_string"}}],"inLanguage":"fr-FR"},{"@type":"Organization","@id":"https:\/\/www.beachspirit.fr\/bs\/#organization","name":"BEACH SPIRIT","url":"https:\/\/www.beachspirit.fr\/bs\/","logo":{"@type":"ImageObject","inLanguage":"fr-FR","@id":"https:\/\/www.beachspirit.fr\/bs\/#\/schema\/logo\/image\/","url":"http:\/\/www.beachspirit.fr\/bs\/wp-content\/uploads\/2020\/03\/logoBS-petit-2.png","contentUrl":"http:\/\/www.beachspirit.fr\/bs\/wp-content\/uploads\/2020\/03\/logoBS-petit-2.png","width":200,"height":117,"caption":"BEACH SPIRIT"},"image":{"@id":"https:\/\/www.beachspirit.fr\/bs\/#\/schema\/logo\/image\/"},"sameAs":["https:\/\/www.facebook.com\/beachspirit.fr\/","https:\/\/www.instagram.com\/beachspirit.fr\/"]}]}},"_links":{"self":[{"href":"https:\/\/www.beachspirit.fr\/bs\/wp-json\/wp\/v2\/product\/29511","targetHints":{"allow":["GET"]}}],"collection":[{"href":"https:\/\/www.beachspirit.fr\/bs\/wp-json\/wp\/v2\/product"}],"about":[{"href":"https:\/\/www.beachspirit.fr\/bs\/wp-json\/wp\/v2\/types\/product"}],"replies":[{"embeddable":true,"href":"https:\/\/www.beachspirit.fr\/bs\/wp-json\/wp\/v2\/comments?post=29511"}],"wp:featuredmedia":[{"embeddable":true,"href":"https:\/\/www.beachspirit.fr\/bs\/wp-json\/wp\/v2\/media\/29512"}],"wp:attachment":[{"href":"https:\/\/www.beachspirit.fr\/bs\/wp-json\/wp\/v2\/media?parent=29511"}],"wp:term":[{"taxonomy":"product_brand","embeddable":true,"href":"https:\/\/www.beachspirit.fr\/bs\/wp-json\/wp\/v2\/product_brand?post=29511"},{"taxonomy":"product_cat","embeddable":true,"href":"https:\/\/www.beachspirit.fr\/bs\/wp-json\/wp\/v2\/product_cat?post=29511"},{"taxonomy":"product_tag","embeddable":true,"href":"https:\/\/www.beachspirit.fr\/bs\/wp-json\/wp\/v2\/product_tag?post=29511"}],"curies":[{"name":"wp","href":"https:\/\/api.w.org\/{rel}","templated":true}]}}