{"id":29517,"date":"2025-08-01T08:07:23","date_gmt":"2025-08-01T07:07:23","guid":{"rendered":"https:\/\/www.beachspirit.fr\/bs\/?post_type=product&#038;p=29517"},"modified":"2025-08-01T08:11:55","modified_gmt":"2025-08-01T07:11:55","slug":"rail-de-chariot-decoute-viadana-ref-24-45h","status":"publish","type":"product","link":"https:\/\/www.beachspirit.fr\/bs\/produit\/rail-de-chariot-decoute-viadana-ref-24-45h\/","title":{"rendered":"Rail de chariot d&rsquo;ecoute viadana ref 24.45H"},"content":{"rendered":"<h3><span style=\"color: #ff6600;\">Rail de chariot d&rsquo;ecoute viadana ref 24.45H<\/span><\/h3>\n<p>Rail de chariot d&rsquo;\u00e9coute Viadana ref 24.45H en alu anodis\u00e9 pour <a href=\"https:\/\/fr.wikipedia.org\/wiki\/Chariot_d%27%C3%A9coute\" target=\"_blank\" rel=\"noopener\">chariot d&rsquo;\u00e9coute<\/a> viadana<\/p>\n<p>Vendu en longueur 50 cm (autres longueurs sur remande)<\/p>\n<p>&nbsp;<\/p>\n<p>Pour toute question <a href=\"https:\/\/www.beachspirit.fr\/bs\/nous-contacter\/\" target=\"_blank\" rel=\"noopener\">contactez nous<\/a><\/p>\n<p>&nbsp;<\/p>\n<p>&nbsp;<\/p>\n","protected":false},"excerpt":{"rendered":"<h2><span style=\"color: #ff6600;\">Rail de chariot d&rsquo;ecoute viadana ref 24.45H<\/span><\/h2>\n","protected":false},"featured_media":29519,"comment_status":"closed","ping_status":"closed","template":"","meta":[],"product_brand":[],"product_cat":[18,546,361],"product_tag":[],"class_list":{"0":"post-29517","1":"product","2":"type-product","3":"status-publish","4":"has-post-thumbnail","6":"product_cat-accastillage-poulies-voile-char-a-voile-bateau","7":"product_cat-char-a-voile-classes-2-et-3","8":"product_cat-articles-techniques-voile-char-a-voile","9":"product_shipping_class-tarif-suivant-poids","11":"first","12":"instock","13":"purchasable","14":"product-type-simple"},"yoast_head":"<!-- This site is optimized with the Yoast SEO plugin v27.4 - https:\/\/yoast.com\/product\/yoast-seo-wordpress\/ -->\n<title>Rail de chariot d&#039;ecoute viadana ref 24.45H - BEACH SPIRIT<\/title>\n<meta name=\"description\" content=\"Rail de chariot d&#039;\u00e9coute Viadana ref 24.45H en alu anodis\u00e9 pour chariot d&#039;\u00e9coute viadana ref 24.43Vendu en longueur 50 cm (autres longueurs sur remande\" \/>\n<meta name=\"robots\" content=\"index, follow, max-snippet:-1, max-image-preview:large, max-video-preview:-1\" \/>\n<link rel=\"canonical\" href=\"https:\/\/www.beachspirit.fr\/bs\/produit\/rail-de-chariot-decoute-viadana-ref-24-45h\/\" \/>\n<meta property=\"og:locale\" content=\"fr_FR\" \/>\n<meta property=\"og:type\" content=\"article\" \/>\n<meta property=\"og:title\" content=\"Rail de chariot d&#039;ecoute viadana ref 24.45H - BEACH SPIRIT\" \/>\n<meta property=\"og:description\" content=\"Rail de chariot d&#039;\u00e9coute Viadana ref 24.45H en alu anodis\u00e9 pour chariot d&#039;\u00e9coute viadana ref 24.43Vendu en longueur 50 cm (autres longueurs sur remande\" \/>\n<meta property=\"og:url\" content=\"https:\/\/www.beachspirit.fr\/bs\/produit\/rail-de-chariot-decoute-viadana-ref-24-45h\/\" \/>\n<meta property=\"og:site_name\" content=\"BEACH SPIRIT\" \/>\n<meta property=\"article:publisher\" content=\"https:\/\/www.facebook.com\/beachspirit.fr\/\" \/>\n<meta property=\"article:modified_time\" content=\"2025-08-01T07:11:55+00:00\" \/>\n<meta property=\"og:image\" content=\"https:\/\/www.beachspirit.fr\/bs\/wp-content\/uploads\/2025\/08\/Capture-rail-24.45H-1.jpg\" \/>\n\t<meta property=\"og:image:width\" content=\"312\" \/>\n\t<meta property=\"og:image:height\" content=\"249\" \/>\n\t<meta property=\"og:image:type\" content=\"image\/jpeg\" \/>\n<meta name=\"twitter:card\" content=\"summary_large_image\" \/>\n<meta name=\"twitter:label1\" content=\"Dur\u00e9e de lecture estim\u00e9e\" \/>\n\t<meta name=\"twitter:data1\" content=\"1 minute\" \/>\n<script type=\"application\/ld+json\" class=\"yoast-schema-graph\">{\"@context\":\"https:\\\/\\\/schema.org\",\"@graph\":[{\"@type\":\"WebPage\",\"@id\":\"https:\\\/\\\/www.beachspirit.fr\\\/bs\\\/produit\\\/rail-de-chariot-decoute-viadana-ref-24-45h\\\/\",\"url\":\"https:\\\/\\\/www.beachspirit.fr\\\/bs\\\/produit\\\/rail-de-chariot-decoute-viadana-ref-24-45h\\\/\",\"name\":\"Rail de chariot d'ecoute viadana ref 24.45H - BEACH SPIRIT\",\"isPartOf\":{\"@id\":\"https:\\\/\\\/www.beachspirit.fr\\\/bs\\\/#website\"},\"primaryImageOfPage\":{\"@id\":\"https:\\\/\\\/www.beachspirit.fr\\\/bs\\\/produit\\\/rail-de-chariot-decoute-viadana-ref-24-45h\\\/#primaryimage\"},\"image\":{\"@id\":\"https:\\\/\\\/www.beachspirit.fr\\\/bs\\\/produit\\\/rail-de-chariot-decoute-viadana-ref-24-45h\\\/#primaryimage\"},\"thumbnailUrl\":\"https:\\\/\\\/www.beachspirit.fr\\\/bs\\\/wp-content\\\/uploads\\\/2025\\\/08\\\/Capture-rail-24.45H-1.jpg\",\"datePublished\":\"2025-08-01T07:07:23+00:00\",\"dateModified\":\"2025-08-01T07:11:55+00:00\",\"description\":\"Rail de chariot d'\u00e9coute Viadana ref 24.45H en alu anodis\u00e9 pour chariot d'\u00e9coute viadana ref 24.43Vendu en longueur 50 cm (autres longueurs sur remande\",\"breadcrumb\":{\"@id\":\"https:\\\/\\\/www.beachspirit.fr\\\/bs\\\/produit\\\/rail-de-chariot-decoute-viadana-ref-24-45h\\\/#breadcrumb\"},\"inLanguage\":\"fr-FR\",\"potentialAction\":[{\"@type\":\"ReadAction\",\"target\":[\"https:\\\/\\\/www.beachspirit.fr\\\/bs\\\/produit\\\/rail-de-chariot-decoute-viadana-ref-24-45h\\\/\"]}]},{\"@type\":\"ImageObject\",\"inLanguage\":\"fr-FR\",\"@id\":\"https:\\\/\\\/www.beachspirit.fr\\\/bs\\\/produit\\\/rail-de-chariot-decoute-viadana-ref-24-45h\\\/#primaryimage\",\"url\":\"https:\\\/\\\/www.beachspirit.fr\\\/bs\\\/wp-content\\\/uploads\\\/2025\\\/08\\\/Capture-rail-24.45H-1.jpg\",\"contentUrl\":\"https:\\\/\\\/www.beachspirit.fr\\\/bs\\\/wp-content\\\/uploads\\\/2025\\\/08\\\/Capture-rail-24.45H-1.jpg\",\"width\":312,\"height\":249,\"caption\":\"rail chariot ecoute\"},{\"@type\":\"BreadcrumbList\",\"@id\":\"https:\\\/\\\/www.beachspirit.fr\\\/bs\\\/produit\\\/rail-de-chariot-decoute-viadana-ref-24-45h\\\/#breadcrumb\",\"itemListElement\":[{\"@type\":\"ListItem\",\"position\":1,\"name\":\"Accueil\",\"item\":\"https:\\\/\\\/www.beachspirit.fr\\\/bs\\\/\"},{\"@type\":\"ListItem\",\"position\":2,\"name\":\"Boutique\",\"item\":\"https:\\\/\\\/www.beachspirit.fr\\\/bs\\\/boutique\\\/\"},{\"@type\":\"ListItem\",\"position\":3,\"name\":\"Rail de chariot d&rsquo;ecoute viadana ref 24.45H\"}]},{\"@type\":\"WebSite\",\"@id\":\"https:\\\/\\\/www.beachspirit.fr\\\/bs\\\/#website\",\"url\":\"https:\\\/\\\/www.beachspirit.fr\\\/bs\\\/\",\"name\":\"BEACH SPIRIT\",\"description\":\"beach spirit approved\",\"publisher\":{\"@id\":\"https:\\\/\\\/www.beachspirit.fr\\\/bs\\\/#organization\"},\"potentialAction\":[{\"@type\":\"SearchAction\",\"target\":{\"@type\":\"EntryPoint\",\"urlTemplate\":\"https:\\\/\\\/www.beachspirit.fr\\\/bs\\\/?s={search_term_string}\"},\"query-input\":{\"@type\":\"PropertyValueSpecification\",\"valueRequired\":true,\"valueName\":\"search_term_string\"}}],\"inLanguage\":\"fr-FR\"},{\"@type\":\"Organization\",\"@id\":\"https:\\\/\\\/www.beachspirit.fr\\\/bs\\\/#organization\",\"name\":\"BEACH SPIRIT\",\"url\":\"https:\\\/\\\/www.beachspirit.fr\\\/bs\\\/\",\"logo\":{\"@type\":\"ImageObject\",\"inLanguage\":\"fr-FR\",\"@id\":\"https:\\\/\\\/www.beachspirit.fr\\\/bs\\\/#\\\/schema\\\/logo\\\/image\\\/\",\"url\":\"http:\\\/\\\/www.beachspirit.fr\\\/bs\\\/wp-content\\\/uploads\\\/2020\\\/03\\\/logoBS-petit-2.png\",\"contentUrl\":\"http:\\\/\\\/www.beachspirit.fr\\\/bs\\\/wp-content\\\/uploads\\\/2020\\\/03\\\/logoBS-petit-2.png\",\"width\":200,\"height\":117,\"caption\":\"BEACH SPIRIT\"},\"image\":{\"@id\":\"https:\\\/\\\/www.beachspirit.fr\\\/bs\\\/#\\\/schema\\\/logo\\\/image\\\/\"},\"sameAs\":[\"https:\\\/\\\/www.facebook.com\\\/beachspirit.fr\\\/\",\"https:\\\/\\\/www.instagram.com\\\/beachspirit.fr\\\/\"]}]}<\/script>\n<!-- \/ Yoast SEO plugin. -->","yoast_head_json":{"title":"Rail de chariot d'ecoute viadana ref 24.45H - BEACH SPIRIT","description":"Rail de chariot d'\u00e9coute Viadana ref 24.45H en alu anodis\u00e9 pour chariot d'\u00e9coute viadana ref 24.43Vendu en longueur 50 cm (autres longueurs sur remande","robots":{"index":"index","follow":"follow","max-snippet":"max-snippet:-1","max-image-preview":"max-image-preview:large","max-video-preview":"max-video-preview:-1"},"canonical":"https:\/\/www.beachspirit.fr\/bs\/produit\/rail-de-chariot-decoute-viadana-ref-24-45h\/","og_locale":"fr_FR","og_type":"article","og_title":"Rail de chariot d'ecoute viadana ref 24.45H - BEACH SPIRIT","og_description":"Rail de chariot d'\u00e9coute Viadana ref 24.45H en alu anodis\u00e9 pour chariot d'\u00e9coute viadana ref 24.43Vendu en longueur 50 cm (autres longueurs sur remande","og_url":"https:\/\/www.beachspirit.fr\/bs\/produit\/rail-de-chariot-decoute-viadana-ref-24-45h\/","og_site_name":"BEACH SPIRIT","article_publisher":"https:\/\/www.facebook.com\/beachspirit.fr\/","article_modified_time":"2025-08-01T07:11:55+00:00","og_image":[{"width":312,"height":249,"url":"https:\/\/www.beachspirit.fr\/bs\/wp-content\/uploads\/2025\/08\/Capture-rail-24.45H-1.jpg","type":"image\/jpeg"}],"twitter_card":"summary_large_image","twitter_misc":{"Dur\u00e9e de lecture estim\u00e9e":"1 minute"},"schema":{"@context":"https:\/\/schema.org","@graph":[{"@type":"WebPage","@id":"https:\/\/www.beachspirit.fr\/bs\/produit\/rail-de-chariot-decoute-viadana-ref-24-45h\/","url":"https:\/\/www.beachspirit.fr\/bs\/produit\/rail-de-chariot-decoute-viadana-ref-24-45h\/","name":"Rail de chariot d'ecoute viadana ref 24.45H - BEACH SPIRIT","isPartOf":{"@id":"https:\/\/www.beachspirit.fr\/bs\/#website"},"primaryImageOfPage":{"@id":"https:\/\/www.beachspirit.fr\/bs\/produit\/rail-de-chariot-decoute-viadana-ref-24-45h\/#primaryimage"},"image":{"@id":"https:\/\/www.beachspirit.fr\/bs\/produit\/rail-de-chariot-decoute-viadana-ref-24-45h\/#primaryimage"},"thumbnailUrl":"https:\/\/www.beachspirit.fr\/bs\/wp-content\/uploads\/2025\/08\/Capture-rail-24.45H-1.jpg","datePublished":"2025-08-01T07:07:23+00:00","dateModified":"2025-08-01T07:11:55+00:00","description":"Rail de chariot d'\u00e9coute Viadana ref 24.45H en alu anodis\u00e9 pour chariot d'\u00e9coute viadana ref 24.43Vendu en longueur 50 cm (autres longueurs sur remande","breadcrumb":{"@id":"https:\/\/www.beachspirit.fr\/bs\/produit\/rail-de-chariot-decoute-viadana-ref-24-45h\/#breadcrumb"},"inLanguage":"fr-FR","potentialAction":[{"@type":"ReadAction","target":["https:\/\/www.beachspirit.fr\/bs\/produit\/rail-de-chariot-decoute-viadana-ref-24-45h\/"]}]},{"@type":"ImageObject","inLanguage":"fr-FR","@id":"https:\/\/www.beachspirit.fr\/bs\/produit\/rail-de-chariot-decoute-viadana-ref-24-45h\/#primaryimage","url":"https:\/\/www.beachspirit.fr\/bs\/wp-content\/uploads\/2025\/08\/Capture-rail-24.45H-1.jpg","contentUrl":"https:\/\/www.beachspirit.fr\/bs\/wp-content\/uploads\/2025\/08\/Capture-rail-24.45H-1.jpg","width":312,"height":249,"caption":"rail chariot ecoute"},{"@type":"BreadcrumbList","@id":"https:\/\/www.beachspirit.fr\/bs\/produit\/rail-de-chariot-decoute-viadana-ref-24-45h\/#breadcrumb","itemListElement":[{"@type":"ListItem","position":1,"name":"Accueil","item":"https:\/\/www.beachspirit.fr\/bs\/"},{"@type":"ListItem","position":2,"name":"Boutique","item":"https:\/\/www.beachspirit.fr\/bs\/boutique\/"},{"@type":"ListItem","position":3,"name":"Rail de chariot d&rsquo;ecoute viadana ref 24.45H"}]},{"@type":"WebSite","@id":"https:\/\/www.beachspirit.fr\/bs\/#website","url":"https:\/\/www.beachspirit.fr\/bs\/","name":"BEACH SPIRIT","description":"beach spirit approved","publisher":{"@id":"https:\/\/www.beachspirit.fr\/bs\/#organization"},"potentialAction":[{"@type":"SearchAction","target":{"@type":"EntryPoint","urlTemplate":"https:\/\/www.beachspirit.fr\/bs\/?s={search_term_string}"},"query-input":{"@type":"PropertyValueSpecification","valueRequired":true,"valueName":"search_term_string"}}],"inLanguage":"fr-FR"},{"@type":"Organization","@id":"https:\/\/www.beachspirit.fr\/bs\/#organization","name":"BEACH SPIRIT","url":"https:\/\/www.beachspirit.fr\/bs\/","logo":{"@type":"ImageObject","inLanguage":"fr-FR","@id":"https:\/\/www.beachspirit.fr\/bs\/#\/schema\/logo\/image\/","url":"http:\/\/www.beachspirit.fr\/bs\/wp-content\/uploads\/2020\/03\/logoBS-petit-2.png","contentUrl":"http:\/\/www.beachspirit.fr\/bs\/wp-content\/uploads\/2020\/03\/logoBS-petit-2.png","width":200,"height":117,"caption":"BEACH SPIRIT"},"image":{"@id":"https:\/\/www.beachspirit.fr\/bs\/#\/schema\/logo\/image\/"},"sameAs":["https:\/\/www.facebook.com\/beachspirit.fr\/","https:\/\/www.instagram.com\/beachspirit.fr\/"]}]}},"_links":{"self":[{"href":"https:\/\/www.beachspirit.fr\/bs\/wp-json\/wp\/v2\/product\/29517","targetHints":{"allow":["GET"]}}],"collection":[{"href":"https:\/\/www.beachspirit.fr\/bs\/wp-json\/wp\/v2\/product"}],"about":[{"href":"https:\/\/www.beachspirit.fr\/bs\/wp-json\/wp\/v2\/types\/product"}],"replies":[{"embeddable":true,"href":"https:\/\/www.beachspirit.fr\/bs\/wp-json\/wp\/v2\/comments?post=29517"}],"wp:featuredmedia":[{"embeddable":true,"href":"https:\/\/www.beachspirit.fr\/bs\/wp-json\/wp\/v2\/media\/29519"}],"wp:attachment":[{"href":"https:\/\/www.beachspirit.fr\/bs\/wp-json\/wp\/v2\/media?parent=29517"}],"wp:term":[{"taxonomy":"product_brand","embeddable":true,"href":"https:\/\/www.beachspirit.fr\/bs\/wp-json\/wp\/v2\/product_brand?post=29517"},{"taxonomy":"product_cat","embeddable":true,"href":"https:\/\/www.beachspirit.fr\/bs\/wp-json\/wp\/v2\/product_cat?post=29517"},{"taxonomy":"product_tag","embeddable":true,"href":"https:\/\/www.beachspirit.fr\/bs\/wp-json\/wp\/v2\/product_tag?post=29517"}],"curies":[{"name":"wp","href":"https:\/\/api.w.org\/{rel}","templated":true}]}}