{"id":29646,"date":"2025-12-17T10:26:47","date_gmt":"2025-12-17T09:26:47","guid":{"rendered":"https:\/\/www.beachspirit.fr\/bs\/?post_type=product&#038;p=29646"},"modified":"2025-12-17T13:50:27","modified_gmt":"2025-12-17T12:50:27","slug":"hoodie-epaismonoski","status":"publish","type":"product","link":"https:\/\/www.beachspirit.fr\/bs\/produit\/hoodie-epaismonoski\/","title":{"rendered":"Hoodie \u00e9pais\u00a0\u00bbMonoski\u00a0\u00bb"},"content":{"rendered":"<h3><span style=\"color: #ff6600;\">Hoodie \u00e9pais \u00ab\u00a0Monoski\u00a0\u00bb<\/span><\/h3>\n<p>On n&rsquo;est pas nombreux mais on est pas tout seul,\u00a0 faites le savoir !!<\/p>\n<p>Hoodie \u00e9pais confortable et chaud avec design original beach spirit approved \u00ab\u00a0<a href=\"https:\/\/fr.wikipedia.org\/wiki\/Monoski\" target=\"_blank\" rel=\"noopener\">monoski less is more\u00a0\u00bb<\/a><\/p>\n<p>Description<\/p>\n<p>Sweat \u00e0 capuche ( hoodie) \u00e9pais. Finition double surpiq\u00fbre. Capuche \u00e0 trois empi\u00e8cements doubl\u00e9e en Jersey. Finition coutures plates sur la poche. Cordons de serrage plats. Poche kangourou. Poignets et ourlet c\u00f4tel\u00e9s 2&#215;1. Dessus en coton doux pour une impression facile.<\/p>\n<dl class=\"dl-inline mb-1\">\n<dt class=\"text-muted\">Mati\u00e8re :70% Coton, 30% Polyester<\/dt>\n<dt class=\"text-muted\">Grammage :\u00a0330 g\/m\u00b2<\/dt>\n<dt class=\"text-muted\">Taille :\u00a0<b>XS<\/b>\u00a049cm\u00a0<b>S<\/b>\u00a052cm\u00a0<b>M<\/b>\u00a056cm\u00a0<b>L<\/b>\u00a060cm\u00a0<b>XL<\/b>\u00a064cm\u00a0<b>2XL<\/b>\u00a068cm\u00a0<b>3XL<\/b>\u00a072cm<\/dt>\n<dt>\n<dl>\n<dt>Instructions de Lavage :\u00a0Lavage en machine \u00e0 30\u00b0 retourn\u00e9. Ne pas utiliser de Javel. S\u00e8che-linge \u00e0 basse temp\u00e9rature<\/dt>\n<\/dl>\n<\/dt>\n<\/dl>\n<p>Pour toute question <a href=\"https:\/\/www.beachspirit.fr\/bs\/nous-contacter\/\" target=\"_blank\" rel=\"noopener\">contactez nous<\/a><\/p>\n","protected":false},"excerpt":{"rendered":"<h2><span style=\"color: #ff6600;\">Hoodie \u00e9pais \u00ab\u00a0Monoski\u00a0\u00bb<\/span><\/h2>\n","protected":false},"featured_media":29649,"comment_status":"open","ping_status":"closed","template":"","meta":[],"product_brand":[],"product_cat":[560,578,591,428],"product_tag":[],"class_list":{"0":"post-29646","1":"product","2":"type-product","3":"status-publish","4":"has-post-thumbnail","6":"product_cat-beach-spirit-exclusive","7":"product_cat-idees-cadeaux-noel","8":"product_cat-monoski","9":"product_cat-sportwear-spirit","10":"product_shipping_class-tarif-suivant-poids","12":"first","13":"onbackorder","14":"purchasable","15":"product-type-variable"},"yoast_head":"<!-- This site is optimized with the Yoast SEO plugin v27.4 - https:\/\/yoast.com\/product\/yoast-seo-wordpress\/ -->\n<title>Hoodie \u00e9pais&quot;Monoski&quot; - BEACH SPIRIT<\/title>\n<meta name=\"description\" content=\"On n&#039;est pas nombreux mais on est pas tout seul,\u00a0 faites le savoir !!Hoodie \u00e9pais confortable et chaud avec design original &quot;monoski&quot;\" \/>\n<meta name=\"robots\" content=\"index, follow, max-snippet:-1, max-image-preview:large, max-video-preview:-1\" \/>\n<link rel=\"canonical\" href=\"https:\/\/www.beachspirit.fr\/bs\/produit\/hoodie-epaismonoski\/\" \/>\n<meta property=\"og:locale\" content=\"fr_FR\" \/>\n<meta property=\"og:type\" content=\"article\" \/>\n<meta property=\"og:title\" content=\"Hoodie \u00e9pais&quot;Monoski&quot; - BEACH SPIRIT\" \/>\n<meta property=\"og:description\" content=\"On n&#039;est pas nombreux mais on est pas tout seul,\u00a0 faites le savoir !!Hoodie \u00e9pais confortable et chaud avec design original &quot;monoski&quot;\" \/>\n<meta property=\"og:url\" content=\"https:\/\/www.beachspirit.fr\/bs\/produit\/hoodie-epaismonoski\/\" \/>\n<meta property=\"og:site_name\" content=\"BEACH SPIRIT\" \/>\n<meta property=\"article:publisher\" content=\"https:\/\/www.facebook.com\/beachspirit.fr\/\" \/>\n<meta property=\"article:modified_time\" content=\"2025-12-17T12:50:27+00:00\" \/>\n<meta property=\"og:image\" content=\"https:\/\/www.beachspirit.fr\/bs\/wp-content\/uploads\/2025\/12\/9b553b3d-2384-485e-973a-4a7c93541e22.jpg\" \/>\n\t<meta property=\"og:image:width\" content=\"1536\" \/>\n\t<meta property=\"og:image:height\" content=\"2048\" \/>\n\t<meta property=\"og:image:type\" content=\"image\/jpeg\" \/>\n<meta name=\"twitter:card\" content=\"summary_large_image\" \/>\n<meta name=\"twitter:label1\" content=\"Dur\u00e9e de lecture estim\u00e9e\" \/>\n\t<meta name=\"twitter:data1\" content=\"1 minute\" \/>\n<script type=\"application\/ld+json\" class=\"yoast-schema-graph\">{\"@context\":\"https:\\\/\\\/schema.org\",\"@graph\":[{\"@type\":\"WebPage\",\"@id\":\"https:\\\/\\\/www.beachspirit.fr\\\/bs\\\/produit\\\/hoodie-epaismonoski\\\/\",\"url\":\"https:\\\/\\\/www.beachspirit.fr\\\/bs\\\/produit\\\/hoodie-epaismonoski\\\/\",\"name\":\"Hoodie \u00e9pais\\\"Monoski\\\" - BEACH SPIRIT\",\"isPartOf\":{\"@id\":\"https:\\\/\\\/www.beachspirit.fr\\\/bs\\\/#website\"},\"primaryImageOfPage\":{\"@id\":\"https:\\\/\\\/www.beachspirit.fr\\\/bs\\\/produit\\\/hoodie-epaismonoski\\\/#primaryimage\"},\"image\":{\"@id\":\"https:\\\/\\\/www.beachspirit.fr\\\/bs\\\/produit\\\/hoodie-epaismonoski\\\/#primaryimage\"},\"thumbnailUrl\":\"https:\\\/\\\/www.beachspirit.fr\\\/bs\\\/wp-content\\\/uploads\\\/2025\\\/12\\\/9b553b3d-2384-485e-973a-4a7c93541e22.jpg\",\"datePublished\":\"2025-12-17T09:26:47+00:00\",\"dateModified\":\"2025-12-17T12:50:27+00:00\",\"description\":\"On n'est pas nombreux mais on est pas tout seul,\u00a0 faites le savoir !!Hoodie \u00e9pais confortable et chaud avec design original \\\"monoski\\\"\",\"breadcrumb\":{\"@id\":\"https:\\\/\\\/www.beachspirit.fr\\\/bs\\\/produit\\\/hoodie-epaismonoski\\\/#breadcrumb\"},\"inLanguage\":\"fr-FR\",\"potentialAction\":[{\"@type\":\"ReadAction\",\"target\":[\"https:\\\/\\\/www.beachspirit.fr\\\/bs\\\/produit\\\/hoodie-epaismonoski\\\/\"]}]},{\"@type\":\"ImageObject\",\"inLanguage\":\"fr-FR\",\"@id\":\"https:\\\/\\\/www.beachspirit.fr\\\/bs\\\/produit\\\/hoodie-epaismonoski\\\/#primaryimage\",\"url\":\"https:\\\/\\\/www.beachspirit.fr\\\/bs\\\/wp-content\\\/uploads\\\/2025\\\/12\\\/9b553b3d-2384-485e-973a-4a7c93541e22.jpg\",\"contentUrl\":\"https:\\\/\\\/www.beachspirit.fr\\\/bs\\\/wp-content\\\/uploads\\\/2025\\\/12\\\/9b553b3d-2384-485e-973a-4a7c93541e22.jpg\",\"width\":1536,\"height\":2048,\"caption\":\"Hoodie monoski\"},{\"@type\":\"BreadcrumbList\",\"@id\":\"https:\\\/\\\/www.beachspirit.fr\\\/bs\\\/produit\\\/hoodie-epaismonoski\\\/#breadcrumb\",\"itemListElement\":[{\"@type\":\"ListItem\",\"position\":1,\"name\":\"Accueil\",\"item\":\"https:\\\/\\\/www.beachspirit.fr\\\/bs\\\/\"},{\"@type\":\"ListItem\",\"position\":2,\"name\":\"Boutique\",\"item\":\"https:\\\/\\\/www.beachspirit.fr\\\/bs\\\/boutique\\\/\"},{\"@type\":\"ListItem\",\"position\":3,\"name\":\"Hoodie \u00e9pais\u00a0\u00bbMonoski\u00a0\u00bb\"}]},{\"@type\":\"WebSite\",\"@id\":\"https:\\\/\\\/www.beachspirit.fr\\\/bs\\\/#website\",\"url\":\"https:\\\/\\\/www.beachspirit.fr\\\/bs\\\/\",\"name\":\"BEACH SPIRIT\",\"description\":\"beach spirit approved\",\"publisher\":{\"@id\":\"https:\\\/\\\/www.beachspirit.fr\\\/bs\\\/#organization\"},\"potentialAction\":[{\"@type\":\"SearchAction\",\"target\":{\"@type\":\"EntryPoint\",\"urlTemplate\":\"https:\\\/\\\/www.beachspirit.fr\\\/bs\\\/?s={search_term_string}\"},\"query-input\":{\"@type\":\"PropertyValueSpecification\",\"valueRequired\":true,\"valueName\":\"search_term_string\"}}],\"inLanguage\":\"fr-FR\"},{\"@type\":\"Organization\",\"@id\":\"https:\\\/\\\/www.beachspirit.fr\\\/bs\\\/#organization\",\"name\":\"BEACH SPIRIT\",\"url\":\"https:\\\/\\\/www.beachspirit.fr\\\/bs\\\/\",\"logo\":{\"@type\":\"ImageObject\",\"inLanguage\":\"fr-FR\",\"@id\":\"https:\\\/\\\/www.beachspirit.fr\\\/bs\\\/#\\\/schema\\\/logo\\\/image\\\/\",\"url\":\"http:\\\/\\\/www.beachspirit.fr\\\/bs\\\/wp-content\\\/uploads\\\/2020\\\/03\\\/logoBS-petit-2.png\",\"contentUrl\":\"http:\\\/\\\/www.beachspirit.fr\\\/bs\\\/wp-content\\\/uploads\\\/2020\\\/03\\\/logoBS-petit-2.png\",\"width\":200,\"height\":117,\"caption\":\"BEACH SPIRIT\"},\"image\":{\"@id\":\"https:\\\/\\\/www.beachspirit.fr\\\/bs\\\/#\\\/schema\\\/logo\\\/image\\\/\"},\"sameAs\":[\"https:\\\/\\\/www.facebook.com\\\/beachspirit.fr\\\/\",\"https:\\\/\\\/www.instagram.com\\\/beachspirit.fr\\\/\"]}]}<\/script>\n<!-- \/ Yoast SEO plugin. -->","yoast_head_json":{"title":"Hoodie \u00e9pais\"Monoski\" - BEACH SPIRIT","description":"On n'est pas nombreux mais on est pas tout seul,\u00a0 faites le savoir !!Hoodie \u00e9pais confortable et chaud avec design original \"monoski\"","robots":{"index":"index","follow":"follow","max-snippet":"max-snippet:-1","max-image-preview":"max-image-preview:large","max-video-preview":"max-video-preview:-1"},"canonical":"https:\/\/www.beachspirit.fr\/bs\/produit\/hoodie-epaismonoski\/","og_locale":"fr_FR","og_type":"article","og_title":"Hoodie \u00e9pais\"Monoski\" - BEACH SPIRIT","og_description":"On n'est pas nombreux mais on est pas tout seul,\u00a0 faites le savoir !!Hoodie \u00e9pais confortable et chaud avec design original \"monoski\"","og_url":"https:\/\/www.beachspirit.fr\/bs\/produit\/hoodie-epaismonoski\/","og_site_name":"BEACH SPIRIT","article_publisher":"https:\/\/www.facebook.com\/beachspirit.fr\/","article_modified_time":"2025-12-17T12:50:27+00:00","og_image":[{"width":1536,"height":2048,"url":"https:\/\/www.beachspirit.fr\/bs\/wp-content\/uploads\/2025\/12\/9b553b3d-2384-485e-973a-4a7c93541e22.jpg","type":"image\/jpeg"}],"twitter_card":"summary_large_image","twitter_misc":{"Dur\u00e9e de lecture estim\u00e9e":"1 minute"},"schema":{"@context":"https:\/\/schema.org","@graph":[{"@type":"WebPage","@id":"https:\/\/www.beachspirit.fr\/bs\/produit\/hoodie-epaismonoski\/","url":"https:\/\/www.beachspirit.fr\/bs\/produit\/hoodie-epaismonoski\/","name":"Hoodie \u00e9pais\"Monoski\" - BEACH SPIRIT","isPartOf":{"@id":"https:\/\/www.beachspirit.fr\/bs\/#website"},"primaryImageOfPage":{"@id":"https:\/\/www.beachspirit.fr\/bs\/produit\/hoodie-epaismonoski\/#primaryimage"},"image":{"@id":"https:\/\/www.beachspirit.fr\/bs\/produit\/hoodie-epaismonoski\/#primaryimage"},"thumbnailUrl":"https:\/\/www.beachspirit.fr\/bs\/wp-content\/uploads\/2025\/12\/9b553b3d-2384-485e-973a-4a7c93541e22.jpg","datePublished":"2025-12-17T09:26:47+00:00","dateModified":"2025-12-17T12:50:27+00:00","description":"On n'est pas nombreux mais on est pas tout seul,\u00a0 faites le savoir !!Hoodie \u00e9pais confortable et chaud avec design original \"monoski\"","breadcrumb":{"@id":"https:\/\/www.beachspirit.fr\/bs\/produit\/hoodie-epaismonoski\/#breadcrumb"},"inLanguage":"fr-FR","potentialAction":[{"@type":"ReadAction","target":["https:\/\/www.beachspirit.fr\/bs\/produit\/hoodie-epaismonoski\/"]}]},{"@type":"ImageObject","inLanguage":"fr-FR","@id":"https:\/\/www.beachspirit.fr\/bs\/produit\/hoodie-epaismonoski\/#primaryimage","url":"https:\/\/www.beachspirit.fr\/bs\/wp-content\/uploads\/2025\/12\/9b553b3d-2384-485e-973a-4a7c93541e22.jpg","contentUrl":"https:\/\/www.beachspirit.fr\/bs\/wp-content\/uploads\/2025\/12\/9b553b3d-2384-485e-973a-4a7c93541e22.jpg","width":1536,"height":2048,"caption":"Hoodie monoski"},{"@type":"BreadcrumbList","@id":"https:\/\/www.beachspirit.fr\/bs\/produit\/hoodie-epaismonoski\/#breadcrumb","itemListElement":[{"@type":"ListItem","position":1,"name":"Accueil","item":"https:\/\/www.beachspirit.fr\/bs\/"},{"@type":"ListItem","position":2,"name":"Boutique","item":"https:\/\/www.beachspirit.fr\/bs\/boutique\/"},{"@type":"ListItem","position":3,"name":"Hoodie \u00e9pais\u00a0\u00bbMonoski\u00a0\u00bb"}]},{"@type":"WebSite","@id":"https:\/\/www.beachspirit.fr\/bs\/#website","url":"https:\/\/www.beachspirit.fr\/bs\/","name":"BEACH SPIRIT","description":"beach spirit approved","publisher":{"@id":"https:\/\/www.beachspirit.fr\/bs\/#organization"},"potentialAction":[{"@type":"SearchAction","target":{"@type":"EntryPoint","urlTemplate":"https:\/\/www.beachspirit.fr\/bs\/?s={search_term_string}"},"query-input":{"@type":"PropertyValueSpecification","valueRequired":true,"valueName":"search_term_string"}}],"inLanguage":"fr-FR"},{"@type":"Organization","@id":"https:\/\/www.beachspirit.fr\/bs\/#organization","name":"BEACH SPIRIT","url":"https:\/\/www.beachspirit.fr\/bs\/","logo":{"@type":"ImageObject","inLanguage":"fr-FR","@id":"https:\/\/www.beachspirit.fr\/bs\/#\/schema\/logo\/image\/","url":"http:\/\/www.beachspirit.fr\/bs\/wp-content\/uploads\/2020\/03\/logoBS-petit-2.png","contentUrl":"http:\/\/www.beachspirit.fr\/bs\/wp-content\/uploads\/2020\/03\/logoBS-petit-2.png","width":200,"height":117,"caption":"BEACH SPIRIT"},"image":{"@id":"https:\/\/www.beachspirit.fr\/bs\/#\/schema\/logo\/image\/"},"sameAs":["https:\/\/www.facebook.com\/beachspirit.fr\/","https:\/\/www.instagram.com\/beachspirit.fr\/"]}]}},"_links":{"self":[{"href":"https:\/\/www.beachspirit.fr\/bs\/wp-json\/wp\/v2\/product\/29646","targetHints":{"allow":["GET"]}}],"collection":[{"href":"https:\/\/www.beachspirit.fr\/bs\/wp-json\/wp\/v2\/product"}],"about":[{"href":"https:\/\/www.beachspirit.fr\/bs\/wp-json\/wp\/v2\/types\/product"}],"replies":[{"embeddable":true,"href":"https:\/\/www.beachspirit.fr\/bs\/wp-json\/wp\/v2\/comments?post=29646"}],"wp:featuredmedia":[{"embeddable":true,"href":"https:\/\/www.beachspirit.fr\/bs\/wp-json\/wp\/v2\/media\/29649"}],"wp:attachment":[{"href":"https:\/\/www.beachspirit.fr\/bs\/wp-json\/wp\/v2\/media?parent=29646"}],"wp:term":[{"taxonomy":"product_brand","embeddable":true,"href":"https:\/\/www.beachspirit.fr\/bs\/wp-json\/wp\/v2\/product_brand?post=29646"},{"taxonomy":"product_cat","embeddable":true,"href":"https:\/\/www.beachspirit.fr\/bs\/wp-json\/wp\/v2\/product_cat?post=29646"},{"taxonomy":"product_tag","embeddable":true,"href":"https:\/\/www.beachspirit.fr\/bs\/wp-json\/wp\/v2\/product_tag?post=29646"}],"curies":[{"name":"wp","href":"https:\/\/api.w.org\/{rel}","templated":true}]}}