{"id":29665,"date":"2025-12-28T17:27:35","date_gmt":"2025-12-28T16:27:35","guid":{"rendered":"https:\/\/www.beachspirit.fr\/bs\/?post_type=product&#038;p=29665"},"modified":"2026-04-06T11:33:16","modified_gmt":"2026-04-06T10:33:16","slug":"roulements-a-billes-acier-et-inox-pour-char-a-voile","status":"publish","type":"product","link":"https:\/\/www.beachspirit.fr\/bs\/produit\/roulements-a-billes-acier-et-inox-pour-char-a-voile\/","title":{"rendered":"Roulements \u00e0 Billes acier et inox pour char \u00e0 voile"},"content":{"rendered":"<h3><span style=\"color: #ff6600;\">Roulements \u00e0 Billes acier et inox pour chars \u00e0 voile<\/span><\/h3>\n<p>Voici les r\u00e9f\u00e9rences des principaux <a href=\"https:\/\/fr.wikipedia.org\/wiki\/Roulement_m%C3%A9canique\" target=\"_blank\" rel=\"noopener\">roulements<\/a> \u00e9tanches (2RS) \u00e0 billes en acier ou inox (S) utilis\u00e9s en char \u00e0 voile (blokart, mini, NSJ, chars loisirs, promo, standart, speed sail, kite buggy, classes 2&amp;3\u00b0<\/p>\n<table width=\"1021\">\n<tbody>\n<tr>\n<td width=\"216\">R\u00e9f\u00e9rence roulements<\/td>\n<td width=\"90\">\u00d8 int (mm)<\/td>\n<td width=\"90\">\u00d8ext (mm)<\/td>\n<td width=\"107\">\u00e9paisseur (mm)<\/td>\n<td width=\"60\">Mati\u00e8re<\/td>\n<td width=\"458\">Usage courant char \u00e0 voile<\/td>\n<\/tr>\n<tr>\n<td width=\"216\">6201 2RS<\/td>\n<td width=\"90\">12<\/td>\n<td width=\"90\">32<\/td>\n<td width=\"107\">10<\/td>\n<td width=\"60\">acier<\/td>\n<td width=\"458\">Rlts fourche<\/td>\n<\/tr>\n<tr>\n<td width=\"216\">S 6201 2RS<\/td>\n<td width=\"90\">12<\/td>\n<td width=\"90\">32<\/td>\n<td width=\"107\">10<\/td>\n<td width=\"60\">inox<\/td>\n<td width=\"458\">Rlts fourche sans amortisseur (gonflage pneu max1,2 bar)<\/td>\n<\/tr>\n<tr>\n<td width=\"216\">S 6202 2RS<\/td>\n<td width=\"90\">15<\/td>\n<td width=\"90\">35<\/td>\n<td width=\"107\">11<\/td>\n<td width=\"60\">inox<\/td>\n<td width=\"458\">jantes speed sail, blokart axe \u00d8 15<\/td>\n<\/tr>\n<tr>\n<td width=\"216\">6003 2RS<\/td>\n<td width=\"90\">17<\/td>\n<td width=\"90\">35<\/td>\n<td width=\"107\">10<\/td>\n<td width=\"60\">acier<\/td>\n<td width=\"458\">jantes blokart axe \u00d817<\/td>\n<\/tr>\n<tr>\n<td width=\"216\">S 6004 2RS<\/td>\n<td width=\"90\">20<\/td>\n<td width=\"90\">42<\/td>\n<td width=\"107\">12<\/td>\n<td width=\"60\">inox<\/td>\n<td width=\"458\">jantes AR 17&Prime;char \u00ab\u00a0Standart\u00a0\u00bb aluminium batons\u00a0 1\u00e8re g\u00e9n\u00e9ration + certaines jantes 2,50&Prime; x 8 (roues de \u00ab\u00a0400\u00a0\u00bb)<\/td>\n<\/tr>\n<tr>\n<td width=\"216\">S 6204 2RS<\/p>\n<p>&nbsp;<\/p>\n<p>S 6204 2RS C3<\/td>\n<td width=\"90\">20<\/p>\n<p>&nbsp;<\/p>\n<p>20<\/td>\n<td width=\"90\">47<\/p>\n<p>&nbsp;<\/p>\n<p>47<\/td>\n<td width=\"107\">14<\/p>\n<p>&nbsp;<\/p>\n<p>14<\/td>\n<td width=\"60\">inox<\/p>\n<p>&nbsp;<\/p>\n<p>inox<\/td>\n<td width=\"458\">majorit\u00e9 jantes 2,50&Prime; x 8 (roues de \u00ab\u00a0400\u00a0\u00bb) +jantes AR 17&Prime; char \u00ab\u00a0Standart\u00a0\u00bb aluminium \u00e0 batons<\/p>\n<p>majorit\u00e9 jantes 2,50&Prime; x 8 (roues de \u00ab\u00a0400\u00a0\u00bb) +jantes AR 17&Prime; char \u00ab\u00a0Standart\u00a0\u00bb aluminium \u00e0 batons<\/td>\n<\/tr>\n<tr>\n<td width=\"216\">S 6304 2RS C3<\/td>\n<td width=\"90\">25<\/td>\n<td width=\"90\">47<\/td>\n<td width=\"107\">12<\/td>\n<td width=\"60\">inox<\/td>\n<td width=\"458\">Rlts ext majorit\u00e9\u00a0 jantes \u00d815&Prime;\u00a0 Cl3\/Cl 2<\/td>\n<\/tr>\n<tr>\n<td width=\"216\">S 6305 2RS C3<\/td>\n<td width=\"90\">25<\/td>\n<td width=\"90\">62<\/td>\n<td width=\"107\">17<\/td>\n<td width=\"60\">inox<\/td>\n<td width=\"458\">Rlts int majorit\u00e9 jantes \u00d815&Prime;\u00a0 Cl3\/Cl 2<\/td>\n<\/tr>\n<tr>\n<td width=\"216\">S 6205 2RS C3<\/td>\n<td width=\"90\">25<\/td>\n<td width=\"90\">52<\/td>\n<td width=\"107\">15<\/td>\n<td width=\"60\">inox<\/td>\n<td width=\"458\">Rlts jantes AMX \u00d826&Prime; Cl3\/Cl2<\/td>\n<\/tr>\n<\/tbody>\n<\/table>\n<p>Les roulements \u00e0 billes inox ont l&rsquo;avantage de mieux resister \u00e0 la corrosion<\/p>\n<p>Les roulements \u00e0 billes avec jeux \u00ab\u00a0C3\u00a0\u00bb sont plus adapt\u00e9s aux fortes charges et vitesses \u00e9lev\u00e9es.<\/p>\n<p>Les roulements \u00e0 billes Allemands \u00ab\u00a0LFD\u00a0\u00bb vendus par Beach Spirit ont tous \u00e9t\u00e9 test\u00e9s et approuv\u00e9s en \u00e9cole et comp\u00e9tition.<\/p>\n<p>Pour tous renseignements ou r\u00e9f\u00e9rences non pr\u00e9sent\u00e9es ici, <a href=\"https:\/\/www.beachspirit.fr\/bs\/nous-contacter\/\" target=\"_blank\" rel=\"noopener\">contactez nous<\/a><\/p>\n","protected":false},"excerpt":{"rendered":"<h2><span style=\"color: #ff6600;\">Roulements \u00e0 Billes acier et inox pour chars \u00e0 voile<\/span><\/h2>\n","protected":false},"featured_media":29684,"comment_status":"closed","ping_status":"closed","template":"","meta":[],"product_brand":[],"product_cat":[545,546,547,549,548,361,550,22],"product_tag":[],"class_list":{"0":"post-29665","1":"product","2":"type-product","3":"status-publish","4":"has-post-thumbnail","6":"product_cat-blokart","7":"product_cat-char-a-voile-classes-2-et-3","8":"product_cat-chars-a-voile-classes-5-promo-standart-mini-loisir","9":"product_cat-articles-techniques-pour-kite-buggy","10":"product_cat-articles-techniques-speed-sail","11":"product_cat-articles-techniques-voile-char-a-voile","12":"product_cat-roulements-char-a-voile","13":"product_cat-roulements-roues-pneus-char-a-voile","14":"product_shipping_class-tarif-suivant-poids","16":"first","17":"instock","18":"purchasable","19":"product-type-variable"},"yoast_head":"<!-- This site is optimized with the Yoast SEO plugin v27.3 - https:\/\/yoast.com\/product\/yoast-seo-wordpress\/ -->\n<title>Roulements \u00e0 Billes acier et inox pour char \u00e0 voile - BEACH SPIRIT<\/title>\n<meta name=\"description\" content=\"Voici les r\u00e9f\u00e9rences des principaux roulements \u00e0 billes en acier ou inox utilis\u00e9s en char \u00e0 voile Les roulements \u00e0 billes Allemands &quot;LFD&quot; vendus par Beach Spirit ont tous \u00e9t\u00e9 test\u00e9s et approuv\u00e9s en \u00e9cole et comp\u00e9tition.\" \/>\n<meta name=\"robots\" content=\"index, follow, max-snippet:-1, max-image-preview:large, max-video-preview:-1\" \/>\n<link rel=\"canonical\" href=\"https:\/\/www.beachspirit.fr\/bs\/produit\/roulements-a-billes-acier-et-inox-pour-char-a-voile\/\" \/>\n<meta property=\"og:locale\" content=\"fr_FR\" \/>\n<meta property=\"og:type\" content=\"article\" \/>\n<meta property=\"og:title\" content=\"Roulements \u00e0 Billes acier et inox pour char \u00e0 voile - BEACH SPIRIT\" \/>\n<meta property=\"og:description\" content=\"Voici les r\u00e9f\u00e9rences des principaux roulements \u00e0 billes en acier ou inox utilis\u00e9s en char \u00e0 voile Les roulements \u00e0 billes Allemands &quot;LFD&quot; vendus par Beach Spirit ont tous \u00e9t\u00e9 test\u00e9s et approuv\u00e9s en \u00e9cole et comp\u00e9tition.\" \/>\n<meta property=\"og:url\" content=\"https:\/\/www.beachspirit.fr\/bs\/produit\/roulements-a-billes-acier-et-inox-pour-char-a-voile\/\" \/>\n<meta property=\"og:site_name\" content=\"BEACH SPIRIT\" \/>\n<meta property=\"article:publisher\" content=\"https:\/\/www.facebook.com\/beachspirit.fr\/\" \/>\n<meta property=\"article:modified_time\" content=\"2026-04-06T10:33:16+00:00\" \/>\n<meta property=\"og:image\" content=\"https:\/\/www.beachspirit.fr\/bs\/wp-content\/uploads\/2025\/12\/0cd79dd4-4472-440a-ba73-8660ef740e8c.jpg\" \/>\n\t<meta property=\"og:image:width\" content=\"1536\" \/>\n\t<meta property=\"og:image:height\" content=\"2048\" \/>\n\t<meta property=\"og:image:type\" content=\"image\/jpeg\" \/>\n<meta name=\"twitter:card\" content=\"summary_large_image\" \/>\n<meta name=\"twitter:label1\" content=\"Dur\u00e9e de lecture estim\u00e9e\" \/>\n\t<meta name=\"twitter:data1\" content=\"2 minutes\" \/>\n<script type=\"application\/ld+json\" class=\"yoast-schema-graph\">{\"@context\":\"https:\\\/\\\/schema.org\",\"@graph\":[{\"@type\":\"WebPage\",\"@id\":\"https:\\\/\\\/www.beachspirit.fr\\\/bs\\\/produit\\\/roulements-a-billes-acier-et-inox-pour-char-a-voile\\\/\",\"url\":\"https:\\\/\\\/www.beachspirit.fr\\\/bs\\\/produit\\\/roulements-a-billes-acier-et-inox-pour-char-a-voile\\\/\",\"name\":\"Roulements \u00e0 Billes acier et inox pour char \u00e0 voile - BEACH SPIRIT\",\"isPartOf\":{\"@id\":\"https:\\\/\\\/www.beachspirit.fr\\\/bs\\\/#website\"},\"primaryImageOfPage\":{\"@id\":\"https:\\\/\\\/www.beachspirit.fr\\\/bs\\\/produit\\\/roulements-a-billes-acier-et-inox-pour-char-a-voile\\\/#primaryimage\"},\"image\":{\"@id\":\"https:\\\/\\\/www.beachspirit.fr\\\/bs\\\/produit\\\/roulements-a-billes-acier-et-inox-pour-char-a-voile\\\/#primaryimage\"},\"thumbnailUrl\":\"https:\\\/\\\/www.beachspirit.fr\\\/bs\\\/wp-content\\\/uploads\\\/2025\\\/12\\\/0cd79dd4-4472-440a-ba73-8660ef740e8c.jpg\",\"datePublished\":\"2025-12-28T16:27:35+00:00\",\"dateModified\":\"2026-04-06T10:33:16+00:00\",\"description\":\"Voici les r\u00e9f\u00e9rences des principaux roulements \u00e0 billes en acier ou inox utilis\u00e9s en char \u00e0 voile Les roulements \u00e0 billes Allemands \\\"LFD\\\" vendus par Beach Spirit ont tous \u00e9t\u00e9 test\u00e9s et approuv\u00e9s en \u00e9cole et comp\u00e9tition.\",\"breadcrumb\":{\"@id\":\"https:\\\/\\\/www.beachspirit.fr\\\/bs\\\/produit\\\/roulements-a-billes-acier-et-inox-pour-char-a-voile\\\/#breadcrumb\"},\"inLanguage\":\"fr-FR\",\"potentialAction\":[{\"@type\":\"ReadAction\",\"target\":[\"https:\\\/\\\/www.beachspirit.fr\\\/bs\\\/produit\\\/roulements-a-billes-acier-et-inox-pour-char-a-voile\\\/\"]}]},{\"@type\":\"ImageObject\",\"inLanguage\":\"fr-FR\",\"@id\":\"https:\\\/\\\/www.beachspirit.fr\\\/bs\\\/produit\\\/roulements-a-billes-acier-et-inox-pour-char-a-voile\\\/#primaryimage\",\"url\":\"https:\\\/\\\/www.beachspirit.fr\\\/bs\\\/wp-content\\\/uploads\\\/2025\\\/12\\\/0cd79dd4-4472-440a-ba73-8660ef740e8c.jpg\",\"contentUrl\":\"https:\\\/\\\/www.beachspirit.fr\\\/bs\\\/wp-content\\\/uploads\\\/2025\\\/12\\\/0cd79dd4-4472-440a-ba73-8660ef740e8c.jpg\",\"width\":1536,\"height\":2048,\"caption\":\"Roulement billes acier inox char voile\"},{\"@type\":\"BreadcrumbList\",\"@id\":\"https:\\\/\\\/www.beachspirit.fr\\\/bs\\\/produit\\\/roulements-a-billes-acier-et-inox-pour-char-a-voile\\\/#breadcrumb\",\"itemListElement\":[{\"@type\":\"ListItem\",\"position\":1,\"name\":\"Accueil\",\"item\":\"https:\\\/\\\/www.beachspirit.fr\\\/bs\\\/\"},{\"@type\":\"ListItem\",\"position\":2,\"name\":\"Boutique\",\"item\":\"https:\\\/\\\/www.beachspirit.fr\\\/bs\\\/boutique\\\/\"},{\"@type\":\"ListItem\",\"position\":3,\"name\":\"Roulements \u00e0 Billes acier et inox pour char \u00e0 voile\"}]},{\"@type\":\"WebSite\",\"@id\":\"https:\\\/\\\/www.beachspirit.fr\\\/bs\\\/#website\",\"url\":\"https:\\\/\\\/www.beachspirit.fr\\\/bs\\\/\",\"name\":\"BEACH SPIRIT\",\"description\":\"beach spirit approved\",\"publisher\":{\"@id\":\"https:\\\/\\\/www.beachspirit.fr\\\/bs\\\/#organization\"},\"potentialAction\":[{\"@type\":\"SearchAction\",\"target\":{\"@type\":\"EntryPoint\",\"urlTemplate\":\"https:\\\/\\\/www.beachspirit.fr\\\/bs\\\/?s={search_term_string}\"},\"query-input\":{\"@type\":\"PropertyValueSpecification\",\"valueRequired\":true,\"valueName\":\"search_term_string\"}}],\"inLanguage\":\"fr-FR\"},{\"@type\":\"Organization\",\"@id\":\"https:\\\/\\\/www.beachspirit.fr\\\/bs\\\/#organization\",\"name\":\"BEACH SPIRIT\",\"url\":\"https:\\\/\\\/www.beachspirit.fr\\\/bs\\\/\",\"logo\":{\"@type\":\"ImageObject\",\"inLanguage\":\"fr-FR\",\"@id\":\"https:\\\/\\\/www.beachspirit.fr\\\/bs\\\/#\\\/schema\\\/logo\\\/image\\\/\",\"url\":\"http:\\\/\\\/www.beachspirit.fr\\\/bs\\\/wp-content\\\/uploads\\\/2020\\\/03\\\/logoBS-petit-2.png\",\"contentUrl\":\"http:\\\/\\\/www.beachspirit.fr\\\/bs\\\/wp-content\\\/uploads\\\/2020\\\/03\\\/logoBS-petit-2.png\",\"width\":200,\"height\":117,\"caption\":\"BEACH SPIRIT\"},\"image\":{\"@id\":\"https:\\\/\\\/www.beachspirit.fr\\\/bs\\\/#\\\/schema\\\/logo\\\/image\\\/\"},\"sameAs\":[\"https:\\\/\\\/www.facebook.com\\\/beachspirit.fr\\\/\",\"https:\\\/\\\/www.instagram.com\\\/beachspirit.fr\\\/\"]}]}<\/script>\n<!-- \/ Yoast SEO plugin. -->","yoast_head_json":{"title":"Roulements \u00e0 Billes acier et inox pour char \u00e0 voile - BEACH SPIRIT","description":"Voici les r\u00e9f\u00e9rences des principaux roulements \u00e0 billes en acier ou inox utilis\u00e9s en char \u00e0 voile Les roulements \u00e0 billes Allemands \"LFD\" vendus par Beach Spirit ont tous \u00e9t\u00e9 test\u00e9s et approuv\u00e9s en \u00e9cole et comp\u00e9tition.","robots":{"index":"index","follow":"follow","max-snippet":"max-snippet:-1","max-image-preview":"max-image-preview:large","max-video-preview":"max-video-preview:-1"},"canonical":"https:\/\/www.beachspirit.fr\/bs\/produit\/roulements-a-billes-acier-et-inox-pour-char-a-voile\/","og_locale":"fr_FR","og_type":"article","og_title":"Roulements \u00e0 Billes acier et inox pour char \u00e0 voile - BEACH SPIRIT","og_description":"Voici les r\u00e9f\u00e9rences des principaux roulements \u00e0 billes en acier ou inox utilis\u00e9s en char \u00e0 voile Les roulements \u00e0 billes Allemands \"LFD\" vendus par Beach Spirit ont tous \u00e9t\u00e9 test\u00e9s et approuv\u00e9s en \u00e9cole et comp\u00e9tition.","og_url":"https:\/\/www.beachspirit.fr\/bs\/produit\/roulements-a-billes-acier-et-inox-pour-char-a-voile\/","og_site_name":"BEACH SPIRIT","article_publisher":"https:\/\/www.facebook.com\/beachspirit.fr\/","article_modified_time":"2026-04-06T10:33:16+00:00","og_image":[{"width":1536,"height":2048,"url":"https:\/\/www.beachspirit.fr\/bs\/wp-content\/uploads\/2025\/12\/0cd79dd4-4472-440a-ba73-8660ef740e8c.jpg","type":"image\/jpeg"}],"twitter_card":"summary_large_image","twitter_misc":{"Dur\u00e9e de lecture estim\u00e9e":"2 minutes"},"schema":{"@context":"https:\/\/schema.org","@graph":[{"@type":"WebPage","@id":"https:\/\/www.beachspirit.fr\/bs\/produit\/roulements-a-billes-acier-et-inox-pour-char-a-voile\/","url":"https:\/\/www.beachspirit.fr\/bs\/produit\/roulements-a-billes-acier-et-inox-pour-char-a-voile\/","name":"Roulements \u00e0 Billes acier et inox pour char \u00e0 voile - BEACH SPIRIT","isPartOf":{"@id":"https:\/\/www.beachspirit.fr\/bs\/#website"},"primaryImageOfPage":{"@id":"https:\/\/www.beachspirit.fr\/bs\/produit\/roulements-a-billes-acier-et-inox-pour-char-a-voile\/#primaryimage"},"image":{"@id":"https:\/\/www.beachspirit.fr\/bs\/produit\/roulements-a-billes-acier-et-inox-pour-char-a-voile\/#primaryimage"},"thumbnailUrl":"https:\/\/www.beachspirit.fr\/bs\/wp-content\/uploads\/2025\/12\/0cd79dd4-4472-440a-ba73-8660ef740e8c.jpg","datePublished":"2025-12-28T16:27:35+00:00","dateModified":"2026-04-06T10:33:16+00:00","description":"Voici les r\u00e9f\u00e9rences des principaux roulements \u00e0 billes en acier ou inox utilis\u00e9s en char \u00e0 voile Les roulements \u00e0 billes Allemands \"LFD\" vendus par Beach Spirit ont tous \u00e9t\u00e9 test\u00e9s et approuv\u00e9s en \u00e9cole et comp\u00e9tition.","breadcrumb":{"@id":"https:\/\/www.beachspirit.fr\/bs\/produit\/roulements-a-billes-acier-et-inox-pour-char-a-voile\/#breadcrumb"},"inLanguage":"fr-FR","potentialAction":[{"@type":"ReadAction","target":["https:\/\/www.beachspirit.fr\/bs\/produit\/roulements-a-billes-acier-et-inox-pour-char-a-voile\/"]}]},{"@type":"ImageObject","inLanguage":"fr-FR","@id":"https:\/\/www.beachspirit.fr\/bs\/produit\/roulements-a-billes-acier-et-inox-pour-char-a-voile\/#primaryimage","url":"https:\/\/www.beachspirit.fr\/bs\/wp-content\/uploads\/2025\/12\/0cd79dd4-4472-440a-ba73-8660ef740e8c.jpg","contentUrl":"https:\/\/www.beachspirit.fr\/bs\/wp-content\/uploads\/2025\/12\/0cd79dd4-4472-440a-ba73-8660ef740e8c.jpg","width":1536,"height":2048,"caption":"Roulement billes acier inox char voile"},{"@type":"BreadcrumbList","@id":"https:\/\/www.beachspirit.fr\/bs\/produit\/roulements-a-billes-acier-et-inox-pour-char-a-voile\/#breadcrumb","itemListElement":[{"@type":"ListItem","position":1,"name":"Accueil","item":"https:\/\/www.beachspirit.fr\/bs\/"},{"@type":"ListItem","position":2,"name":"Boutique","item":"https:\/\/www.beachspirit.fr\/bs\/boutique\/"},{"@type":"ListItem","position":3,"name":"Roulements \u00e0 Billes acier et inox pour char \u00e0 voile"}]},{"@type":"WebSite","@id":"https:\/\/www.beachspirit.fr\/bs\/#website","url":"https:\/\/www.beachspirit.fr\/bs\/","name":"BEACH SPIRIT","description":"beach spirit approved","publisher":{"@id":"https:\/\/www.beachspirit.fr\/bs\/#organization"},"potentialAction":[{"@type":"SearchAction","target":{"@type":"EntryPoint","urlTemplate":"https:\/\/www.beachspirit.fr\/bs\/?s={search_term_string}"},"query-input":{"@type":"PropertyValueSpecification","valueRequired":true,"valueName":"search_term_string"}}],"inLanguage":"fr-FR"},{"@type":"Organization","@id":"https:\/\/www.beachspirit.fr\/bs\/#organization","name":"BEACH SPIRIT","url":"https:\/\/www.beachspirit.fr\/bs\/","logo":{"@type":"ImageObject","inLanguage":"fr-FR","@id":"https:\/\/www.beachspirit.fr\/bs\/#\/schema\/logo\/image\/","url":"http:\/\/www.beachspirit.fr\/bs\/wp-content\/uploads\/2020\/03\/logoBS-petit-2.png","contentUrl":"http:\/\/www.beachspirit.fr\/bs\/wp-content\/uploads\/2020\/03\/logoBS-petit-2.png","width":200,"height":117,"caption":"BEACH SPIRIT"},"image":{"@id":"https:\/\/www.beachspirit.fr\/bs\/#\/schema\/logo\/image\/"},"sameAs":["https:\/\/www.facebook.com\/beachspirit.fr\/","https:\/\/www.instagram.com\/beachspirit.fr\/"]}]}},"_links":{"self":[{"href":"https:\/\/www.beachspirit.fr\/bs\/wp-json\/wp\/v2\/product\/29665","targetHints":{"allow":["GET"]}}],"collection":[{"href":"https:\/\/www.beachspirit.fr\/bs\/wp-json\/wp\/v2\/product"}],"about":[{"href":"https:\/\/www.beachspirit.fr\/bs\/wp-json\/wp\/v2\/types\/product"}],"replies":[{"embeddable":true,"href":"https:\/\/www.beachspirit.fr\/bs\/wp-json\/wp\/v2\/comments?post=29665"}],"wp:featuredmedia":[{"embeddable":true,"href":"https:\/\/www.beachspirit.fr\/bs\/wp-json\/wp\/v2\/media\/29684"}],"wp:attachment":[{"href":"https:\/\/www.beachspirit.fr\/bs\/wp-json\/wp\/v2\/media?parent=29665"}],"wp:term":[{"taxonomy":"product_brand","embeddable":true,"href":"https:\/\/www.beachspirit.fr\/bs\/wp-json\/wp\/v2\/product_brand?post=29665"},{"taxonomy":"product_cat","embeddable":true,"href":"https:\/\/www.beachspirit.fr\/bs\/wp-json\/wp\/v2\/product_cat?post=29665"},{"taxonomy":"product_tag","embeddable":true,"href":"https:\/\/www.beachspirit.fr\/bs\/wp-json\/wp\/v2\/product_tag?post=29665"}],"curies":[{"name":"wp","href":"https:\/\/api.w.org\/{rel}","templated":true}]}}