{"id":29809,"date":"2026-04-02T14:23:35","date_gmt":"2026-04-02T13:23:35","guid":{"rendered":"https:\/\/www.beachspirit.fr\/bs\/?post_type=product&#038;p=29809"},"modified":"2026-04-02T14:30:03","modified_gmt":"2026-04-02T13:30:03","slug":"pneu-char-a-voile-4-80-8-chambre-a-air","status":"publish","type":"product","link":"https:\/\/www.beachspirit.fr\/bs\/produit\/pneu-char-a-voile-4-80-8-chambre-a-air\/","title":{"rendered":"Pneu Char \u00e0 voile 4.80-8 + Chambre \u00e0 Air"},"content":{"rendered":"<h3><span style=\"color: #ff9900;\">Pneu char \u00e0 voile <\/span><span style=\"color: #ff6600;\"><span style=\"color: #ff9900;\">4.80-8 + chambre \u00e0 air valve droite<\/span>\u00a0 \u00a0<\/span><\/h3>\n<p><span style=\"color: #000000;\">Marque : DELI<\/span><\/p>\n<p><span style=\"color: #000000;\">mod\u00e8le : S379<\/span><\/p>\n<p><span style=\"color: #000000;\">Type :pneu <a style=\"color: #000000;\" href=\"https:\/\/www.tiregom.fr\/guide\/auto\/pneu-voiture\/comment-lire-pneu\/structure-pneu-radial-diagonal-definition-explication\" target=\"_blank\" rel=\"noopener\">structure diagonale<\/a> 4.80-8 TT 4PR lign\u00e9s\u00a0 pour jantes 2.50&#215;8 + chambre \u00e0 air valve droite<\/span><\/p>\n<p><span style=\"color: #000000;\">Une question ? <a style=\"color: #000000;\" href=\"https:\/\/www.beachspirit.fr\/bs\/nous-contacter\/\" target=\"_blank\" rel=\"noopener noreferrer\">contactez nous<\/a><\/span><\/p>\n<p>&nbsp;<\/p>\n","protected":false},"excerpt":{"rendered":"<h2><span style=\"color: #ff9900;\">Pneus char \u00e0 voile 4.80-8\u00a0<\/span><\/h2>\n<p>&nbsp;<\/p>\n","protected":false},"featured_media":25698,"comment_status":"open","ping_status":"closed","template":"","meta":[],"product_brand":[],"product_cat":[546,547,549,361,562,22],"product_tag":[],"class_list":{"0":"post-29809","1":"product","2":"type-product","3":"status-publish","4":"has-post-thumbnail","6":"product_cat-char-a-voile-classes-2-et-3","7":"product_cat-chars-a-voile-classes-5-promo-standart-mini-loisir","8":"product_cat-articles-techniques-pour-kite-buggy","9":"product_cat-articles-techniques-voile-char-a-voile","10":"product_cat-roues-pneus-chambres-a-air","11":"product_cat-roulements-roues-pneus-char-a-voile","12":"product_shipping_class-tarif-suivant-poids","14":"first","15":"instock","16":"purchasable","17":"product-type-simple"},"yoast_head":"<!-- This site is optimized with the Yoast SEO plugin v27.4 - https:\/\/yoast.com\/product\/yoast-seo-wordpress\/ -->\n<title>Pneu Char \u00e0 voile 4.80-8 + Chambre \u00e0 Air BEACH SPIRIT<\/title>\n<meta name=\"description\" content=\"Pneu 4.80-8 4PR TT + chambre \u00e0 air pour chars \u00e0 voile \u00e9quip\u00e9s de jantes 2.50x8. ou chariots de mise \u00e0 l&#039;eau\" \/>\n<meta name=\"robots\" content=\"index, follow, max-snippet:-1, max-image-preview:large, max-video-preview:-1\" \/>\n<link rel=\"canonical\" href=\"https:\/\/www.beachspirit.fr\/bs\/produit\/pneu-char-a-voile-4-80-8-chambre-a-air\/\" \/>\n<meta property=\"og:locale\" content=\"fr_FR\" \/>\n<meta property=\"og:type\" content=\"article\" \/>\n<meta property=\"og:title\" content=\"Pneu Char \u00e0 voile 4.80-8 + Chambre \u00e0 Air BEACH SPIRIT\" \/>\n<meta property=\"og:description\" content=\"Pneu 4.80-8 4PR TT + chambre \u00e0 air pour chars \u00e0 voile \u00e9quip\u00e9s de jantes 2.50x8. ou chariots de mise \u00e0 l&#039;eau\" \/>\n<meta property=\"og:url\" content=\"https:\/\/www.beachspirit.fr\/bs\/produit\/pneu-char-a-voile-4-80-8-chambre-a-air\/\" \/>\n<meta property=\"og:site_name\" content=\"BEACH SPIRIT\" \/>\n<meta property=\"article:publisher\" content=\"https:\/\/www.facebook.com\/beachspirit.fr\/\" \/>\n<meta property=\"article:modified_time\" content=\"2026-04-02T13:30:03+00:00\" \/>\n<meta property=\"og:image\" content=\"https:\/\/www.beachspirit.fr\/bs\/wp-content\/uploads\/2020\/10\/v5501-4.80-8-4PR.jpg\" \/>\n\t<meta property=\"og:image:width\" content=\"265\" \/>\n\t<meta property=\"og:image:height\" content=\"265\" \/>\n\t<meta property=\"og:image:type\" content=\"image\/jpeg\" \/>\n<meta name=\"twitter:card\" content=\"summary_large_image\" \/>\n<meta name=\"twitter:label1\" content=\"Dur\u00e9e de lecture estim\u00e9e\" \/>\n\t<meta name=\"twitter:data1\" content=\"1 minute\" \/>\n<script type=\"application\/ld+json\" class=\"yoast-schema-graph\">{\"@context\":\"https:\\\/\\\/schema.org\",\"@graph\":[{\"@type\":\"WebPage\",\"@id\":\"https:\\\/\\\/www.beachspirit.fr\\\/bs\\\/produit\\\/pneu-char-a-voile-4-80-8-chambre-a-air\\\/\",\"url\":\"https:\\\/\\\/www.beachspirit.fr\\\/bs\\\/produit\\\/pneu-char-a-voile-4-80-8-chambre-a-air\\\/\",\"name\":\"Pneu Char \u00e0 voile 4.80-8 + Chambre \u00e0 Air BEACH SPIRIT\",\"isPartOf\":{\"@id\":\"https:\\\/\\\/www.beachspirit.fr\\\/bs\\\/#website\"},\"primaryImageOfPage\":{\"@id\":\"https:\\\/\\\/www.beachspirit.fr\\\/bs\\\/produit\\\/pneu-char-a-voile-4-80-8-chambre-a-air\\\/#primaryimage\"},\"image\":{\"@id\":\"https:\\\/\\\/www.beachspirit.fr\\\/bs\\\/produit\\\/pneu-char-a-voile-4-80-8-chambre-a-air\\\/#primaryimage\"},\"thumbnailUrl\":\"https:\\\/\\\/www.beachspirit.fr\\\/bs\\\/wp-content\\\/uploads\\\/2020\\\/10\\\/v5501-4.80-8-4PR.jpg\",\"datePublished\":\"2026-04-02T13:23:35+00:00\",\"dateModified\":\"2026-04-02T13:30:03+00:00\",\"description\":\"Pneu 4.80-8 4PR TT + chambre \u00e0 air pour chars \u00e0 voile \u00e9quip\u00e9s de jantes 2.50x8. ou chariots de mise \u00e0 l'eau\",\"breadcrumb\":{\"@id\":\"https:\\\/\\\/www.beachspirit.fr\\\/bs\\\/produit\\\/pneu-char-a-voile-4-80-8-chambre-a-air\\\/#breadcrumb\"},\"inLanguage\":\"fr-FR\",\"potentialAction\":[{\"@type\":\"ReadAction\",\"target\":[\"https:\\\/\\\/www.beachspirit.fr\\\/bs\\\/produit\\\/pneu-char-a-voile-4-80-8-chambre-a-air\\\/\"]}]},{\"@type\":\"ImageObject\",\"inLanguage\":\"fr-FR\",\"@id\":\"https:\\\/\\\/www.beachspirit.fr\\\/bs\\\/produit\\\/pneu-char-a-voile-4-80-8-chambre-a-air\\\/#primaryimage\",\"url\":\"https:\\\/\\\/www.beachspirit.fr\\\/bs\\\/wp-content\\\/uploads\\\/2020\\\/10\\\/v5501-4.80-8-4PR.jpg\",\"contentUrl\":\"https:\\\/\\\/www.beachspirit.fr\\\/bs\\\/wp-content\\\/uploads\\\/2020\\\/10\\\/v5501-4.80-8-4PR.jpg\",\"width\":265,\"height\":265,\"caption\":\"pneus 4.80-8 + chambres\"},{\"@type\":\"BreadcrumbList\",\"@id\":\"https:\\\/\\\/www.beachspirit.fr\\\/bs\\\/produit\\\/pneu-char-a-voile-4-80-8-chambre-a-air\\\/#breadcrumb\",\"itemListElement\":[{\"@type\":\"ListItem\",\"position\":1,\"name\":\"Accueil\",\"item\":\"https:\\\/\\\/www.beachspirit.fr\\\/bs\\\/\"},{\"@type\":\"ListItem\",\"position\":2,\"name\":\"Boutique\",\"item\":\"https:\\\/\\\/www.beachspirit.fr\\\/bs\\\/boutique\\\/\"},{\"@type\":\"ListItem\",\"position\":3,\"name\":\"Pneu Char \u00e0 voile 4.80-8 + Chambre \u00e0 Air\"}]},{\"@type\":\"WebSite\",\"@id\":\"https:\\\/\\\/www.beachspirit.fr\\\/bs\\\/#website\",\"url\":\"https:\\\/\\\/www.beachspirit.fr\\\/bs\\\/\",\"name\":\"BEACH SPIRIT\",\"description\":\"beach spirit approved\",\"publisher\":{\"@id\":\"https:\\\/\\\/www.beachspirit.fr\\\/bs\\\/#organization\"},\"potentialAction\":[{\"@type\":\"SearchAction\",\"target\":{\"@type\":\"EntryPoint\",\"urlTemplate\":\"https:\\\/\\\/www.beachspirit.fr\\\/bs\\\/?s={search_term_string}\"},\"query-input\":{\"@type\":\"PropertyValueSpecification\",\"valueRequired\":true,\"valueName\":\"search_term_string\"}}],\"inLanguage\":\"fr-FR\"},{\"@type\":\"Organization\",\"@id\":\"https:\\\/\\\/www.beachspirit.fr\\\/bs\\\/#organization\",\"name\":\"BEACH SPIRIT\",\"url\":\"https:\\\/\\\/www.beachspirit.fr\\\/bs\\\/\",\"logo\":{\"@type\":\"ImageObject\",\"inLanguage\":\"fr-FR\",\"@id\":\"https:\\\/\\\/www.beachspirit.fr\\\/bs\\\/#\\\/schema\\\/logo\\\/image\\\/\",\"url\":\"http:\\\/\\\/www.beachspirit.fr\\\/bs\\\/wp-content\\\/uploads\\\/2020\\\/03\\\/logoBS-petit-2.png\",\"contentUrl\":\"http:\\\/\\\/www.beachspirit.fr\\\/bs\\\/wp-content\\\/uploads\\\/2020\\\/03\\\/logoBS-petit-2.png\",\"width\":200,\"height\":117,\"caption\":\"BEACH SPIRIT\"},\"image\":{\"@id\":\"https:\\\/\\\/www.beachspirit.fr\\\/bs\\\/#\\\/schema\\\/logo\\\/image\\\/\"},\"sameAs\":[\"https:\\\/\\\/www.facebook.com\\\/beachspirit.fr\\\/\",\"https:\\\/\\\/www.instagram.com\\\/beachspirit.fr\\\/\"]}]}<\/script>\n<!-- \/ Yoast SEO plugin. -->","yoast_head_json":{"title":"Pneu Char \u00e0 voile 4.80-8 + Chambre \u00e0 Air BEACH SPIRIT","description":"Pneu 4.80-8 4PR TT + chambre \u00e0 air pour chars \u00e0 voile \u00e9quip\u00e9s de jantes 2.50x8. ou chariots de mise \u00e0 l'eau","robots":{"index":"index","follow":"follow","max-snippet":"max-snippet:-1","max-image-preview":"max-image-preview:large","max-video-preview":"max-video-preview:-1"},"canonical":"https:\/\/www.beachspirit.fr\/bs\/produit\/pneu-char-a-voile-4-80-8-chambre-a-air\/","og_locale":"fr_FR","og_type":"article","og_title":"Pneu Char \u00e0 voile 4.80-8 + Chambre \u00e0 Air BEACH SPIRIT","og_description":"Pneu 4.80-8 4PR TT + chambre \u00e0 air pour chars \u00e0 voile \u00e9quip\u00e9s de jantes 2.50x8. ou chariots de mise \u00e0 l'eau","og_url":"https:\/\/www.beachspirit.fr\/bs\/produit\/pneu-char-a-voile-4-80-8-chambre-a-air\/","og_site_name":"BEACH SPIRIT","article_publisher":"https:\/\/www.facebook.com\/beachspirit.fr\/","article_modified_time":"2026-04-02T13:30:03+00:00","og_image":[{"width":265,"height":265,"url":"https:\/\/www.beachspirit.fr\/bs\/wp-content\/uploads\/2020\/10\/v5501-4.80-8-4PR.jpg","type":"image\/jpeg"}],"twitter_card":"summary_large_image","twitter_misc":{"Dur\u00e9e de lecture estim\u00e9e":"1 minute"},"schema":{"@context":"https:\/\/schema.org","@graph":[{"@type":"WebPage","@id":"https:\/\/www.beachspirit.fr\/bs\/produit\/pneu-char-a-voile-4-80-8-chambre-a-air\/","url":"https:\/\/www.beachspirit.fr\/bs\/produit\/pneu-char-a-voile-4-80-8-chambre-a-air\/","name":"Pneu Char \u00e0 voile 4.80-8 + Chambre \u00e0 Air BEACH SPIRIT","isPartOf":{"@id":"https:\/\/www.beachspirit.fr\/bs\/#website"},"primaryImageOfPage":{"@id":"https:\/\/www.beachspirit.fr\/bs\/produit\/pneu-char-a-voile-4-80-8-chambre-a-air\/#primaryimage"},"image":{"@id":"https:\/\/www.beachspirit.fr\/bs\/produit\/pneu-char-a-voile-4-80-8-chambre-a-air\/#primaryimage"},"thumbnailUrl":"https:\/\/www.beachspirit.fr\/bs\/wp-content\/uploads\/2020\/10\/v5501-4.80-8-4PR.jpg","datePublished":"2026-04-02T13:23:35+00:00","dateModified":"2026-04-02T13:30:03+00:00","description":"Pneu 4.80-8 4PR TT + chambre \u00e0 air pour chars \u00e0 voile \u00e9quip\u00e9s de jantes 2.50x8. ou chariots de mise \u00e0 l'eau","breadcrumb":{"@id":"https:\/\/www.beachspirit.fr\/bs\/produit\/pneu-char-a-voile-4-80-8-chambre-a-air\/#breadcrumb"},"inLanguage":"fr-FR","potentialAction":[{"@type":"ReadAction","target":["https:\/\/www.beachspirit.fr\/bs\/produit\/pneu-char-a-voile-4-80-8-chambre-a-air\/"]}]},{"@type":"ImageObject","inLanguage":"fr-FR","@id":"https:\/\/www.beachspirit.fr\/bs\/produit\/pneu-char-a-voile-4-80-8-chambre-a-air\/#primaryimage","url":"https:\/\/www.beachspirit.fr\/bs\/wp-content\/uploads\/2020\/10\/v5501-4.80-8-4PR.jpg","contentUrl":"https:\/\/www.beachspirit.fr\/bs\/wp-content\/uploads\/2020\/10\/v5501-4.80-8-4PR.jpg","width":265,"height":265,"caption":"pneus 4.80-8 + chambres"},{"@type":"BreadcrumbList","@id":"https:\/\/www.beachspirit.fr\/bs\/produit\/pneu-char-a-voile-4-80-8-chambre-a-air\/#breadcrumb","itemListElement":[{"@type":"ListItem","position":1,"name":"Accueil","item":"https:\/\/www.beachspirit.fr\/bs\/"},{"@type":"ListItem","position":2,"name":"Boutique","item":"https:\/\/www.beachspirit.fr\/bs\/boutique\/"},{"@type":"ListItem","position":3,"name":"Pneu Char \u00e0 voile 4.80-8 + Chambre \u00e0 Air"}]},{"@type":"WebSite","@id":"https:\/\/www.beachspirit.fr\/bs\/#website","url":"https:\/\/www.beachspirit.fr\/bs\/","name":"BEACH SPIRIT","description":"beach spirit approved","publisher":{"@id":"https:\/\/www.beachspirit.fr\/bs\/#organization"},"potentialAction":[{"@type":"SearchAction","target":{"@type":"EntryPoint","urlTemplate":"https:\/\/www.beachspirit.fr\/bs\/?s={search_term_string}"},"query-input":{"@type":"PropertyValueSpecification","valueRequired":true,"valueName":"search_term_string"}}],"inLanguage":"fr-FR"},{"@type":"Organization","@id":"https:\/\/www.beachspirit.fr\/bs\/#organization","name":"BEACH SPIRIT","url":"https:\/\/www.beachspirit.fr\/bs\/","logo":{"@type":"ImageObject","inLanguage":"fr-FR","@id":"https:\/\/www.beachspirit.fr\/bs\/#\/schema\/logo\/image\/","url":"http:\/\/www.beachspirit.fr\/bs\/wp-content\/uploads\/2020\/03\/logoBS-petit-2.png","contentUrl":"http:\/\/www.beachspirit.fr\/bs\/wp-content\/uploads\/2020\/03\/logoBS-petit-2.png","width":200,"height":117,"caption":"BEACH SPIRIT"},"image":{"@id":"https:\/\/www.beachspirit.fr\/bs\/#\/schema\/logo\/image\/"},"sameAs":["https:\/\/www.facebook.com\/beachspirit.fr\/","https:\/\/www.instagram.com\/beachspirit.fr\/"]}]}},"_links":{"self":[{"href":"https:\/\/www.beachspirit.fr\/bs\/wp-json\/wp\/v2\/product\/29809","targetHints":{"allow":["GET"]}}],"collection":[{"href":"https:\/\/www.beachspirit.fr\/bs\/wp-json\/wp\/v2\/product"}],"about":[{"href":"https:\/\/www.beachspirit.fr\/bs\/wp-json\/wp\/v2\/types\/product"}],"replies":[{"embeddable":true,"href":"https:\/\/www.beachspirit.fr\/bs\/wp-json\/wp\/v2\/comments?post=29809"}],"wp:featuredmedia":[{"embeddable":true,"href":"https:\/\/www.beachspirit.fr\/bs\/wp-json\/wp\/v2\/media\/25698"}],"wp:attachment":[{"href":"https:\/\/www.beachspirit.fr\/bs\/wp-json\/wp\/v2\/media?parent=29809"}],"wp:term":[{"taxonomy":"product_brand","embeddable":true,"href":"https:\/\/www.beachspirit.fr\/bs\/wp-json\/wp\/v2\/product_brand?post=29809"},{"taxonomy":"product_cat","embeddable":true,"href":"https:\/\/www.beachspirit.fr\/bs\/wp-json\/wp\/v2\/product_cat?post=29809"},{"taxonomy":"product_tag","embeddable":true,"href":"https:\/\/www.beachspirit.fr\/bs\/wp-json\/wp\/v2\/product_tag?post=29809"}],"curies":[{"name":"wp","href":"https:\/\/api.w.org\/{rel}","templated":true}]}}