{"id":29810,"date":"2026-04-02T14:43:23","date_gmt":"2026-04-02T13:43:23","guid":{"rendered":"https:\/\/www.beachspirit.fr\/bs\/?post_type=product&#038;p=29810"},"modified":"2026-04-03T10:49:06","modified_gmt":"2026-04-03T09:49:06","slug":"roulements-a-billes-inox-pour-char-a-voile","status":"publish","type":"product","link":"https:\/\/www.beachspirit.fr\/bs\/produit\/roulements-a-billes-inox-pour-char-a-voile\/","title":{"rendered":"Roulements \u00e0 Billes inox pour char \u00e0 voile BS"},"content":{"rendered":"<h3><span style=\"color: #ff6600;\">Roulements \u00e0 Billes\u00a0 inox pour chars \u00e0 voile<\/span><\/h3>\n<p><a href=\"https:\/\/fr.wikipedia.org\/wiki\/Roulement_m%C3%A9canique\" target=\"_blank\" rel=\"noopener\">roulements<\/a> \u00e9tanches (2RS) \u00e0 billes en\u00a0 inox (S) utilis\u00e9s en char \u00e0 voile<\/p>\n<p>Roulements S6204 2RS (20\/47\/14) utilis\u00e9s sur les roues mont\u00e9es sur axe \u00d820mm<\/p>\n<p>Roulements S6201 2RS (12\/32\/10) utilis\u00e9s sur les fourches de direction avec axe \u00d812mm<\/p>\n<p>Les roulements \u00e0 billes inox ont l&rsquo;avantage de mieux resister \u00e0 la corrosion<\/p>\n<p>&nbsp;<\/p>\n<p>Pour tous renseignements ou r\u00e9f\u00e9rences non pr\u00e9sent\u00e9es ici, <a href=\"https:\/\/www.beachspirit.fr\/bs\/nous-contacter\/\" target=\"_blank\" rel=\"noopener\">contactez nous<\/a><\/p>\n","protected":false},"excerpt":{"rendered":"<h2><span style=\"color: #ff6600;\">Roulements \u00e0 Billes acier et inox pour chars \u00e0 voile<\/span><\/h2>\n","protected":false},"featured_media":26544,"comment_status":"closed","ping_status":"closed","template":"","meta":[],"product_brand":[],"product_cat":[592,573],"product_tag":[],"class_list":{"0":"post-29810","1":"product","2":"type-product","3":"status-publish","4":"has-post-thumbnail","6":"product_cat-base-sud-touquet","7":"product_cat-boutique-club-sportwear-articles-vetements-technique","8":"product_shipping_class-tarif-suivant-poids","10":"first","11":"instock","12":"purchasable","13":"product-type-variable"},"yoast_head":"<!-- This site is optimized with the Yoast SEO plugin v27.4 - https:\/\/yoast.com\/product\/yoast-seo-wordpress\/ -->\n<title>Roulements \u00e0 Billes inox pour char \u00e0 voile BS - BEACH SPIRIT<\/title>\n<meta name=\"description\" content=\"roulements \u00e9tanches (2RS) \u00e0 billes en\u00a0 inox (S) utilis\u00e9s en char \u00e0 voile\u00a0Roulements S6204 2RS (20\/47\/14) utilis\u00e9s sur les roues mont\u00e9es sur axe \u00d820mmRoulements S6201 2RS (12\/32\/10) utilis\u00e9s sur les fourches de direction avec axe \u00d812mm\u00a0Les roulements \u00e0 billes inox ont l&#039;avantage de mieux resister \u00e0 la corrosion\" \/>\n<meta name=\"robots\" content=\"index, follow, max-snippet:-1, max-image-preview:large, max-video-preview:-1\" \/>\n<link rel=\"canonical\" href=\"https:\/\/www.beachspirit.fr\/bs\/produit\/roulements-a-billes-inox-pour-char-a-voile\/\" \/>\n<meta property=\"og:locale\" content=\"fr_FR\" \/>\n<meta property=\"og:type\" content=\"article\" \/>\n<meta property=\"og:title\" content=\"Roulements \u00e0 Billes inox pour char \u00e0 voile BS - BEACH SPIRIT\" \/>\n<meta property=\"og:description\" content=\"roulements \u00e9tanches (2RS) \u00e0 billes en\u00a0 inox (S) utilis\u00e9s en char \u00e0 voile\u00a0Roulements S6204 2RS (20\/47\/14) utilis\u00e9s sur les roues mont\u00e9es sur axe \u00d820mmRoulements S6201 2RS (12\/32\/10) utilis\u00e9s sur les fourches de direction avec axe \u00d812mm\u00a0Les roulements \u00e0 billes inox ont l&#039;avantage de mieux resister \u00e0 la corrosion\" \/>\n<meta property=\"og:url\" content=\"https:\/\/www.beachspirit.fr\/bs\/produit\/roulements-a-billes-inox-pour-char-a-voile\/\" \/>\n<meta property=\"og:site_name\" content=\"BEACH SPIRIT\" \/>\n<meta property=\"article:publisher\" content=\"https:\/\/www.facebook.com\/beachspirit.fr\/\" \/>\n<meta property=\"article:modified_time\" content=\"2026-04-03T09:49:06+00:00\" \/>\n<meta property=\"og:image\" content=\"https:\/\/www.beachspirit.fr\/bs\/wp-content\/uploads\/2016\/07\/6201-2rs-inox.jpg\" \/>\n\t<meta property=\"og:image:width\" content=\"253\" \/>\n\t<meta property=\"og:image:height\" content=\"253\" \/>\n\t<meta property=\"og:image:type\" content=\"image\/jpeg\" \/>\n<meta name=\"twitter:card\" content=\"summary_large_image\" \/>\n<meta name=\"twitter:label1\" content=\"Dur\u00e9e de lecture estim\u00e9e\" \/>\n\t<meta name=\"twitter:data1\" content=\"1 minute\" \/>\n<script type=\"application\/ld+json\" class=\"yoast-schema-graph\">{\"@context\":\"https:\\\/\\\/schema.org\",\"@graph\":[{\"@type\":\"WebPage\",\"@id\":\"https:\\\/\\\/www.beachspirit.fr\\\/bs\\\/produit\\\/roulements-a-billes-inox-pour-char-a-voile\\\/\",\"url\":\"https:\\\/\\\/www.beachspirit.fr\\\/bs\\\/produit\\\/roulements-a-billes-inox-pour-char-a-voile\\\/\",\"name\":\"Roulements \u00e0 Billes inox pour char \u00e0 voile BS - BEACH SPIRIT\",\"isPartOf\":{\"@id\":\"https:\\\/\\\/www.beachspirit.fr\\\/bs\\\/#website\"},\"primaryImageOfPage\":{\"@id\":\"https:\\\/\\\/www.beachspirit.fr\\\/bs\\\/produit\\\/roulements-a-billes-inox-pour-char-a-voile\\\/#primaryimage\"},\"image\":{\"@id\":\"https:\\\/\\\/www.beachspirit.fr\\\/bs\\\/produit\\\/roulements-a-billes-inox-pour-char-a-voile\\\/#primaryimage\"},\"thumbnailUrl\":\"https:\\\/\\\/www.beachspirit.fr\\\/bs\\\/wp-content\\\/uploads\\\/2016\\\/07\\\/6201-2rs-inox.jpg\",\"datePublished\":\"2026-04-02T13:43:23+00:00\",\"dateModified\":\"2026-04-03T09:49:06+00:00\",\"description\":\"roulements \u00e9tanches (2RS) \u00e0 billes en\u00a0 inox (S) utilis\u00e9s en char \u00e0 voile\u00a0Roulements S6204 2RS (20\\\/47\\\/14) utilis\u00e9s sur les roues mont\u00e9es sur axe \u00d820mmRoulements S6201 2RS (12\\\/32\\\/10) utilis\u00e9s sur les fourches de direction avec axe \u00d812mm\u00a0Les roulements \u00e0 billes inox ont l'avantage de mieux resister \u00e0 la corrosion\",\"breadcrumb\":{\"@id\":\"https:\\\/\\\/www.beachspirit.fr\\\/bs\\\/produit\\\/roulements-a-billes-inox-pour-char-a-voile\\\/#breadcrumb\"},\"inLanguage\":\"fr-FR\",\"potentialAction\":[{\"@type\":\"ReadAction\",\"target\":[\"https:\\\/\\\/www.beachspirit.fr\\\/bs\\\/produit\\\/roulements-a-billes-inox-pour-char-a-voile\\\/\"]}]},{\"@type\":\"ImageObject\",\"inLanguage\":\"fr-FR\",\"@id\":\"https:\\\/\\\/www.beachspirit.fr\\\/bs\\\/produit\\\/roulements-a-billes-inox-pour-char-a-voile\\\/#primaryimage\",\"url\":\"https:\\\/\\\/www.beachspirit.fr\\\/bs\\\/wp-content\\\/uploads\\\/2016\\\/07\\\/6201-2rs-inox.jpg\",\"contentUrl\":\"https:\\\/\\\/www.beachspirit.fr\\\/bs\\\/wp-content\\\/uploads\\\/2016\\\/07\\\/6201-2rs-inox.jpg\",\"width\":253,\"height\":253,\"caption\":\"roulements billes inox\"},{\"@type\":\"BreadcrumbList\",\"@id\":\"https:\\\/\\\/www.beachspirit.fr\\\/bs\\\/produit\\\/roulements-a-billes-inox-pour-char-a-voile\\\/#breadcrumb\",\"itemListElement\":[{\"@type\":\"ListItem\",\"position\":1,\"name\":\"Accueil\",\"item\":\"https:\\\/\\\/www.beachspirit.fr\\\/bs\\\/\"},{\"@type\":\"ListItem\",\"position\":2,\"name\":\"Boutique\",\"item\":\"https:\\\/\\\/www.beachspirit.fr\\\/bs\\\/boutique\\\/\"},{\"@type\":\"ListItem\",\"position\":3,\"name\":\"Roulements \u00e0 Billes inox pour char \u00e0 voile BS\"}]},{\"@type\":\"WebSite\",\"@id\":\"https:\\\/\\\/www.beachspirit.fr\\\/bs\\\/#website\",\"url\":\"https:\\\/\\\/www.beachspirit.fr\\\/bs\\\/\",\"name\":\"BEACH SPIRIT\",\"description\":\"beach spirit approved\",\"publisher\":{\"@id\":\"https:\\\/\\\/www.beachspirit.fr\\\/bs\\\/#organization\"},\"potentialAction\":[{\"@type\":\"SearchAction\",\"target\":{\"@type\":\"EntryPoint\",\"urlTemplate\":\"https:\\\/\\\/www.beachspirit.fr\\\/bs\\\/?s={search_term_string}\"},\"query-input\":{\"@type\":\"PropertyValueSpecification\",\"valueRequired\":true,\"valueName\":\"search_term_string\"}}],\"inLanguage\":\"fr-FR\"},{\"@type\":\"Organization\",\"@id\":\"https:\\\/\\\/www.beachspirit.fr\\\/bs\\\/#organization\",\"name\":\"BEACH SPIRIT\",\"url\":\"https:\\\/\\\/www.beachspirit.fr\\\/bs\\\/\",\"logo\":{\"@type\":\"ImageObject\",\"inLanguage\":\"fr-FR\",\"@id\":\"https:\\\/\\\/www.beachspirit.fr\\\/bs\\\/#\\\/schema\\\/logo\\\/image\\\/\",\"url\":\"http:\\\/\\\/www.beachspirit.fr\\\/bs\\\/wp-content\\\/uploads\\\/2020\\\/03\\\/logoBS-petit-2.png\",\"contentUrl\":\"http:\\\/\\\/www.beachspirit.fr\\\/bs\\\/wp-content\\\/uploads\\\/2020\\\/03\\\/logoBS-petit-2.png\",\"width\":200,\"height\":117,\"caption\":\"BEACH SPIRIT\"},\"image\":{\"@id\":\"https:\\\/\\\/www.beachspirit.fr\\\/bs\\\/#\\\/schema\\\/logo\\\/image\\\/\"},\"sameAs\":[\"https:\\\/\\\/www.facebook.com\\\/beachspirit.fr\\\/\",\"https:\\\/\\\/www.instagram.com\\\/beachspirit.fr\\\/\"]}]}<\/script>\n<!-- \/ Yoast SEO plugin. -->","yoast_head_json":{"title":"Roulements \u00e0 Billes inox pour char \u00e0 voile BS - BEACH SPIRIT","description":"roulements \u00e9tanches (2RS) \u00e0 billes en\u00a0 inox (S) utilis\u00e9s en char \u00e0 voile\u00a0Roulements S6204 2RS (20\/47\/14) utilis\u00e9s sur les roues mont\u00e9es sur axe \u00d820mmRoulements S6201 2RS (12\/32\/10) utilis\u00e9s sur les fourches de direction avec axe \u00d812mm\u00a0Les roulements \u00e0 billes inox ont l'avantage de mieux resister \u00e0 la corrosion","robots":{"index":"index","follow":"follow","max-snippet":"max-snippet:-1","max-image-preview":"max-image-preview:large","max-video-preview":"max-video-preview:-1"},"canonical":"https:\/\/www.beachspirit.fr\/bs\/produit\/roulements-a-billes-inox-pour-char-a-voile\/","og_locale":"fr_FR","og_type":"article","og_title":"Roulements \u00e0 Billes inox pour char \u00e0 voile BS - BEACH SPIRIT","og_description":"roulements \u00e9tanches (2RS) \u00e0 billes en\u00a0 inox (S) utilis\u00e9s en char \u00e0 voile\u00a0Roulements S6204 2RS (20\/47\/14) utilis\u00e9s sur les roues mont\u00e9es sur axe \u00d820mmRoulements S6201 2RS (12\/32\/10) utilis\u00e9s sur les fourches de direction avec axe \u00d812mm\u00a0Les roulements \u00e0 billes inox ont l'avantage de mieux resister \u00e0 la corrosion","og_url":"https:\/\/www.beachspirit.fr\/bs\/produit\/roulements-a-billes-inox-pour-char-a-voile\/","og_site_name":"BEACH SPIRIT","article_publisher":"https:\/\/www.facebook.com\/beachspirit.fr\/","article_modified_time":"2026-04-03T09:49:06+00:00","og_image":[{"width":253,"height":253,"url":"https:\/\/www.beachspirit.fr\/bs\/wp-content\/uploads\/2016\/07\/6201-2rs-inox.jpg","type":"image\/jpeg"}],"twitter_card":"summary_large_image","twitter_misc":{"Dur\u00e9e de lecture estim\u00e9e":"1 minute"},"schema":{"@context":"https:\/\/schema.org","@graph":[{"@type":"WebPage","@id":"https:\/\/www.beachspirit.fr\/bs\/produit\/roulements-a-billes-inox-pour-char-a-voile\/","url":"https:\/\/www.beachspirit.fr\/bs\/produit\/roulements-a-billes-inox-pour-char-a-voile\/","name":"Roulements \u00e0 Billes inox pour char \u00e0 voile BS - BEACH SPIRIT","isPartOf":{"@id":"https:\/\/www.beachspirit.fr\/bs\/#website"},"primaryImageOfPage":{"@id":"https:\/\/www.beachspirit.fr\/bs\/produit\/roulements-a-billes-inox-pour-char-a-voile\/#primaryimage"},"image":{"@id":"https:\/\/www.beachspirit.fr\/bs\/produit\/roulements-a-billes-inox-pour-char-a-voile\/#primaryimage"},"thumbnailUrl":"https:\/\/www.beachspirit.fr\/bs\/wp-content\/uploads\/2016\/07\/6201-2rs-inox.jpg","datePublished":"2026-04-02T13:43:23+00:00","dateModified":"2026-04-03T09:49:06+00:00","description":"roulements \u00e9tanches (2RS) \u00e0 billes en\u00a0 inox (S) utilis\u00e9s en char \u00e0 voile\u00a0Roulements S6204 2RS (20\/47\/14) utilis\u00e9s sur les roues mont\u00e9es sur axe \u00d820mmRoulements S6201 2RS (12\/32\/10) utilis\u00e9s sur les fourches de direction avec axe \u00d812mm\u00a0Les roulements \u00e0 billes inox ont l'avantage de mieux resister \u00e0 la corrosion","breadcrumb":{"@id":"https:\/\/www.beachspirit.fr\/bs\/produit\/roulements-a-billes-inox-pour-char-a-voile\/#breadcrumb"},"inLanguage":"fr-FR","potentialAction":[{"@type":"ReadAction","target":["https:\/\/www.beachspirit.fr\/bs\/produit\/roulements-a-billes-inox-pour-char-a-voile\/"]}]},{"@type":"ImageObject","inLanguage":"fr-FR","@id":"https:\/\/www.beachspirit.fr\/bs\/produit\/roulements-a-billes-inox-pour-char-a-voile\/#primaryimage","url":"https:\/\/www.beachspirit.fr\/bs\/wp-content\/uploads\/2016\/07\/6201-2rs-inox.jpg","contentUrl":"https:\/\/www.beachspirit.fr\/bs\/wp-content\/uploads\/2016\/07\/6201-2rs-inox.jpg","width":253,"height":253,"caption":"roulements billes inox"},{"@type":"BreadcrumbList","@id":"https:\/\/www.beachspirit.fr\/bs\/produit\/roulements-a-billes-inox-pour-char-a-voile\/#breadcrumb","itemListElement":[{"@type":"ListItem","position":1,"name":"Accueil","item":"https:\/\/www.beachspirit.fr\/bs\/"},{"@type":"ListItem","position":2,"name":"Boutique","item":"https:\/\/www.beachspirit.fr\/bs\/boutique\/"},{"@type":"ListItem","position":3,"name":"Roulements \u00e0 Billes inox pour char \u00e0 voile BS"}]},{"@type":"WebSite","@id":"https:\/\/www.beachspirit.fr\/bs\/#website","url":"https:\/\/www.beachspirit.fr\/bs\/","name":"BEACH SPIRIT","description":"beach spirit approved","publisher":{"@id":"https:\/\/www.beachspirit.fr\/bs\/#organization"},"potentialAction":[{"@type":"SearchAction","target":{"@type":"EntryPoint","urlTemplate":"https:\/\/www.beachspirit.fr\/bs\/?s={search_term_string}"},"query-input":{"@type":"PropertyValueSpecification","valueRequired":true,"valueName":"search_term_string"}}],"inLanguage":"fr-FR"},{"@type":"Organization","@id":"https:\/\/www.beachspirit.fr\/bs\/#organization","name":"BEACH SPIRIT","url":"https:\/\/www.beachspirit.fr\/bs\/","logo":{"@type":"ImageObject","inLanguage":"fr-FR","@id":"https:\/\/www.beachspirit.fr\/bs\/#\/schema\/logo\/image\/","url":"http:\/\/www.beachspirit.fr\/bs\/wp-content\/uploads\/2020\/03\/logoBS-petit-2.png","contentUrl":"http:\/\/www.beachspirit.fr\/bs\/wp-content\/uploads\/2020\/03\/logoBS-petit-2.png","width":200,"height":117,"caption":"BEACH SPIRIT"},"image":{"@id":"https:\/\/www.beachspirit.fr\/bs\/#\/schema\/logo\/image\/"},"sameAs":["https:\/\/www.facebook.com\/beachspirit.fr\/","https:\/\/www.instagram.com\/beachspirit.fr\/"]}]}},"_links":{"self":[{"href":"https:\/\/www.beachspirit.fr\/bs\/wp-json\/wp\/v2\/product\/29810","targetHints":{"allow":["GET"]}}],"collection":[{"href":"https:\/\/www.beachspirit.fr\/bs\/wp-json\/wp\/v2\/product"}],"about":[{"href":"https:\/\/www.beachspirit.fr\/bs\/wp-json\/wp\/v2\/types\/product"}],"replies":[{"embeddable":true,"href":"https:\/\/www.beachspirit.fr\/bs\/wp-json\/wp\/v2\/comments?post=29810"}],"wp:featuredmedia":[{"embeddable":true,"href":"https:\/\/www.beachspirit.fr\/bs\/wp-json\/wp\/v2\/media\/26544"}],"wp:attachment":[{"href":"https:\/\/www.beachspirit.fr\/bs\/wp-json\/wp\/v2\/media?parent=29810"}],"wp:term":[{"taxonomy":"product_brand","embeddable":true,"href":"https:\/\/www.beachspirit.fr\/bs\/wp-json\/wp\/v2\/product_brand?post=29810"},{"taxonomy":"product_cat","embeddable":true,"href":"https:\/\/www.beachspirit.fr\/bs\/wp-json\/wp\/v2\/product_cat?post=29810"},{"taxonomy":"product_tag","embeddable":true,"href":"https:\/\/www.beachspirit.fr\/bs\/wp-json\/wp\/v2\/product_tag?post=29810"}],"curies":[{"name":"wp","href":"https:\/\/api.w.org\/{rel}","templated":true}]}}