{"id":29824,"date":"2026-04-02T15:09:34","date_gmt":"2026-04-02T14:09:34","guid":{"rendered":"https:\/\/www.beachspirit.fr\/bs\/?post_type=product&#038;p=29824"},"modified":"2026-04-03T11:09:20","modified_gmt":"2026-04-03T10:09:20","slug":"poulie-simple-a-billes-viadana-38mm-v11-80-bs","status":"publish","type":"product","link":"https:\/\/www.beachspirit.fr\/bs\/produit\/poulie-simple-a-billes-viadana-38mm-v11-80-bs\/","title":{"rendered":"Poulie simple \u00e0 billes viadana 38mm V11.80 BS"},"content":{"rendered":"<h3><span style=\"color: #ff6600;\">Poulie simple \u00e0 billes char et bateau viadana 38mm<\/span><\/h3>\n<p>poulie simple \u00e0 billes de fabrication italienne, r\u00e9a de 38mm et joues pleines d&rsquo;un excellent rapport qualit\u00e9 prix cette poulie Viadana test\u00e9e et approuv\u00e9e en comp\u00e9tition est Id\u00e9ale pour le bateau et les chars \u00e0 voile \u00e9cole, loisir et Standart.<\/p>\n<p>A attacher avec un bout ou une manille diam 5mm ou plus (torse ou ronde suivant fixation)<\/p>\n<p>Ecoute pr\u00e9conis\u00e9e de diam 8mm<\/p>\n<p>&nbsp;<\/p>\n<p>Vous cherchez un produit sp\u00e9cifique :<\/p>\n<p><a href=\"http:\/\/www.viadana.it\/wp-content\/uploads\/2014\/04\/viadana_bassa.pdf\" target=\"_blank\" rel=\"noopener noreferrer\">http:\/\/www.viadana.it\/wp-content\/uploads\/2014\/04\/viadana_bassa.pdf <\/a>et n&rsquo;h\u00e9sitez pas \u00e0 nous <a href=\"https:\/\/www.beachspirit.fr\/bs\/nous-contacter\/\" target=\"_blank\" rel=\"noopener noreferrer\">contacter<\/a><\/p>\n","protected":false},"excerpt":{"rendered":"<h3><span style=\"color: #ff6600;\">Poulie simple <\/span><span style=\"color: #ff6600;\">38mm <\/span><span style=\"color: #ff6600;\">\u00e0 billes viadana\u00a0<\/span><\/h3>\n<p>&nbsp;<\/p>\n","protected":false},"featured_media":29364,"comment_status":"open","ping_status":"closed","template":"","meta":[],"product_brand":[],"product_cat":[592,573],"product_tag":[],"class_list":{"0":"post-29824","1":"product","2":"type-product","3":"status-publish","4":"has-post-thumbnail","6":"product_cat-base-sud-touquet","7":"product_cat-boutique-club-sportwear-articles-vetements-technique","8":"product_shipping_class-tarif-suivant-poids","10":"first","11":"instock","12":"purchasable","13":"product-type-simple"},"yoast_head":"<!-- This site is optimized with the Yoast SEO plugin v27.4 - https:\/\/yoast.com\/product\/yoast-seo-wordpress\/ -->\n<title>Poulie simple \u00e0 billes viadana 38mm V11.80 BS - BEACH SPIRIT<\/title>\n<meta name=\"description\" content=\"Poulie simple \u00e0 billes 38mm viadana. cette poulie peu ch\u00e8re et de qualit\u00e9e est parfaite pour les palans d&#039;ecoute de char \u00e0 voile loisir et le bateau\" \/>\n<meta name=\"robots\" content=\"index, follow, max-snippet:-1, max-image-preview:large, max-video-preview:-1\" \/>\n<link rel=\"canonical\" href=\"https:\/\/www.beachspirit.fr\/bs\/produit\/poulie-simple-a-billes-viadana-38mm-v11-80-bs\/\" \/>\n<meta property=\"og:locale\" content=\"fr_FR\" \/>\n<meta property=\"og:type\" content=\"article\" \/>\n<meta property=\"og:title\" content=\"Poulie simple \u00e0 billes viadana 38mm V11.80 BS - BEACH SPIRIT\" \/>\n<meta property=\"og:description\" content=\"Poulie simple \u00e0 billes 38mm viadana. cette poulie peu ch\u00e8re et de qualit\u00e9e est parfaite pour les palans d&#039;ecoute de char \u00e0 voile loisir et le bateau\" \/>\n<meta property=\"og:url\" content=\"https:\/\/www.beachspirit.fr\/bs\/produit\/poulie-simple-a-billes-viadana-38mm-v11-80-bs\/\" \/>\n<meta property=\"og:site_name\" content=\"BEACH SPIRIT\" \/>\n<meta property=\"article:publisher\" content=\"https:\/\/www.facebook.com\/beachspirit.fr\/\" \/>\n<meta property=\"article:modified_time\" content=\"2026-04-03T10:09:20+00:00\" \/>\n<meta property=\"og:image\" content=\"https:\/\/www.beachspirit.fr\/bs\/wp-content\/uploads\/2020\/04\/Capture-11.80.jpg\" \/>\n\t<meta property=\"og:image:width\" content=\"242\" \/>\n\t<meta property=\"og:image:height\" content=\"225\" \/>\n\t<meta property=\"og:image:type\" content=\"image\/jpeg\" \/>\n<meta name=\"twitter:card\" content=\"summary_large_image\" \/>\n<meta name=\"twitter:label1\" content=\"Dur\u00e9e de lecture estim\u00e9e\" \/>\n\t<meta name=\"twitter:data1\" content=\"1 minute\" \/>\n<script type=\"application\/ld+json\" class=\"yoast-schema-graph\">{\"@context\":\"https:\\\/\\\/schema.org\",\"@graph\":[{\"@type\":\"WebPage\",\"@id\":\"https:\\\/\\\/www.beachspirit.fr\\\/bs\\\/produit\\\/poulie-simple-a-billes-viadana-38mm-v11-80-bs\\\/\",\"url\":\"https:\\\/\\\/www.beachspirit.fr\\\/bs\\\/produit\\\/poulie-simple-a-billes-viadana-38mm-v11-80-bs\\\/\",\"name\":\"Poulie simple \u00e0 billes viadana 38mm V11.80 BS - BEACH SPIRIT\",\"isPartOf\":{\"@id\":\"https:\\\/\\\/www.beachspirit.fr\\\/bs\\\/#website\"},\"primaryImageOfPage\":{\"@id\":\"https:\\\/\\\/www.beachspirit.fr\\\/bs\\\/produit\\\/poulie-simple-a-billes-viadana-38mm-v11-80-bs\\\/#primaryimage\"},\"image\":{\"@id\":\"https:\\\/\\\/www.beachspirit.fr\\\/bs\\\/produit\\\/poulie-simple-a-billes-viadana-38mm-v11-80-bs\\\/#primaryimage\"},\"thumbnailUrl\":\"https:\\\/\\\/www.beachspirit.fr\\\/bs\\\/wp-content\\\/uploads\\\/2020\\\/04\\\/Capture-11.80.jpg\",\"datePublished\":\"2026-04-02T14:09:34+00:00\",\"dateModified\":\"2026-04-03T10:09:20+00:00\",\"description\":\"Poulie simple \u00e0 billes 38mm viadana. cette poulie peu ch\u00e8re et de qualit\u00e9e est parfaite pour les palans d'ecoute de char \u00e0 voile loisir et le bateau\",\"breadcrumb\":{\"@id\":\"https:\\\/\\\/www.beachspirit.fr\\\/bs\\\/produit\\\/poulie-simple-a-billes-viadana-38mm-v11-80-bs\\\/#breadcrumb\"},\"inLanguage\":\"fr-FR\",\"potentialAction\":[{\"@type\":\"ReadAction\",\"target\":[\"https:\\\/\\\/www.beachspirit.fr\\\/bs\\\/produit\\\/poulie-simple-a-billes-viadana-38mm-v11-80-bs\\\/\"]}]},{\"@type\":\"ImageObject\",\"inLanguage\":\"fr-FR\",\"@id\":\"https:\\\/\\\/www.beachspirit.fr\\\/bs\\\/produit\\\/poulie-simple-a-billes-viadana-38mm-v11-80-bs\\\/#primaryimage\",\"url\":\"https:\\\/\\\/www.beachspirit.fr\\\/bs\\\/wp-content\\\/uploads\\\/2020\\\/04\\\/Capture-11.80.jpg\",\"contentUrl\":\"https:\\\/\\\/www.beachspirit.fr\\\/bs\\\/wp-content\\\/uploads\\\/2020\\\/04\\\/Capture-11.80.jpg\",\"width\":242,\"height\":225,\"caption\":\"poulie bateau char \u00e0 voile viadana\"},{\"@type\":\"BreadcrumbList\",\"@id\":\"https:\\\/\\\/www.beachspirit.fr\\\/bs\\\/produit\\\/poulie-simple-a-billes-viadana-38mm-v11-80-bs\\\/#breadcrumb\",\"itemListElement\":[{\"@type\":\"ListItem\",\"position\":1,\"name\":\"Accueil\",\"item\":\"https:\\\/\\\/www.beachspirit.fr\\\/bs\\\/\"},{\"@type\":\"ListItem\",\"position\":2,\"name\":\"Boutique\",\"item\":\"https:\\\/\\\/www.beachspirit.fr\\\/bs\\\/boutique\\\/\"},{\"@type\":\"ListItem\",\"position\":3,\"name\":\"Poulie simple \u00e0 billes viadana 38mm V11.80 BS\"}]},{\"@type\":\"WebSite\",\"@id\":\"https:\\\/\\\/www.beachspirit.fr\\\/bs\\\/#website\",\"url\":\"https:\\\/\\\/www.beachspirit.fr\\\/bs\\\/\",\"name\":\"BEACH SPIRIT\",\"description\":\"beach spirit approved\",\"publisher\":{\"@id\":\"https:\\\/\\\/www.beachspirit.fr\\\/bs\\\/#organization\"},\"potentialAction\":[{\"@type\":\"SearchAction\",\"target\":{\"@type\":\"EntryPoint\",\"urlTemplate\":\"https:\\\/\\\/www.beachspirit.fr\\\/bs\\\/?s={search_term_string}\"},\"query-input\":{\"@type\":\"PropertyValueSpecification\",\"valueRequired\":true,\"valueName\":\"search_term_string\"}}],\"inLanguage\":\"fr-FR\"},{\"@type\":\"Organization\",\"@id\":\"https:\\\/\\\/www.beachspirit.fr\\\/bs\\\/#organization\",\"name\":\"BEACH SPIRIT\",\"url\":\"https:\\\/\\\/www.beachspirit.fr\\\/bs\\\/\",\"logo\":{\"@type\":\"ImageObject\",\"inLanguage\":\"fr-FR\",\"@id\":\"https:\\\/\\\/www.beachspirit.fr\\\/bs\\\/#\\\/schema\\\/logo\\\/image\\\/\",\"url\":\"http:\\\/\\\/www.beachspirit.fr\\\/bs\\\/wp-content\\\/uploads\\\/2020\\\/03\\\/logoBS-petit-2.png\",\"contentUrl\":\"http:\\\/\\\/www.beachspirit.fr\\\/bs\\\/wp-content\\\/uploads\\\/2020\\\/03\\\/logoBS-petit-2.png\",\"width\":200,\"height\":117,\"caption\":\"BEACH SPIRIT\"},\"image\":{\"@id\":\"https:\\\/\\\/www.beachspirit.fr\\\/bs\\\/#\\\/schema\\\/logo\\\/image\\\/\"},\"sameAs\":[\"https:\\\/\\\/www.facebook.com\\\/beachspirit.fr\\\/\",\"https:\\\/\\\/www.instagram.com\\\/beachspirit.fr\\\/\"]}]}<\/script>\n<!-- \/ Yoast SEO plugin. -->","yoast_head_json":{"title":"Poulie simple \u00e0 billes viadana 38mm V11.80 BS - BEACH SPIRIT","description":"Poulie simple \u00e0 billes 38mm viadana. cette poulie peu ch\u00e8re et de qualit\u00e9e est parfaite pour les palans d'ecoute de char \u00e0 voile loisir et le bateau","robots":{"index":"index","follow":"follow","max-snippet":"max-snippet:-1","max-image-preview":"max-image-preview:large","max-video-preview":"max-video-preview:-1"},"canonical":"https:\/\/www.beachspirit.fr\/bs\/produit\/poulie-simple-a-billes-viadana-38mm-v11-80-bs\/","og_locale":"fr_FR","og_type":"article","og_title":"Poulie simple \u00e0 billes viadana 38mm V11.80 BS - BEACH SPIRIT","og_description":"Poulie simple \u00e0 billes 38mm viadana. cette poulie peu ch\u00e8re et de qualit\u00e9e est parfaite pour les palans d'ecoute de char \u00e0 voile loisir et le bateau","og_url":"https:\/\/www.beachspirit.fr\/bs\/produit\/poulie-simple-a-billes-viadana-38mm-v11-80-bs\/","og_site_name":"BEACH SPIRIT","article_publisher":"https:\/\/www.facebook.com\/beachspirit.fr\/","article_modified_time":"2026-04-03T10:09:20+00:00","og_image":[{"width":242,"height":225,"url":"https:\/\/www.beachspirit.fr\/bs\/wp-content\/uploads\/2020\/04\/Capture-11.80.jpg","type":"image\/jpeg"}],"twitter_card":"summary_large_image","twitter_misc":{"Dur\u00e9e de lecture estim\u00e9e":"1 minute"},"schema":{"@context":"https:\/\/schema.org","@graph":[{"@type":"WebPage","@id":"https:\/\/www.beachspirit.fr\/bs\/produit\/poulie-simple-a-billes-viadana-38mm-v11-80-bs\/","url":"https:\/\/www.beachspirit.fr\/bs\/produit\/poulie-simple-a-billes-viadana-38mm-v11-80-bs\/","name":"Poulie simple \u00e0 billes viadana 38mm V11.80 BS - BEACH SPIRIT","isPartOf":{"@id":"https:\/\/www.beachspirit.fr\/bs\/#website"},"primaryImageOfPage":{"@id":"https:\/\/www.beachspirit.fr\/bs\/produit\/poulie-simple-a-billes-viadana-38mm-v11-80-bs\/#primaryimage"},"image":{"@id":"https:\/\/www.beachspirit.fr\/bs\/produit\/poulie-simple-a-billes-viadana-38mm-v11-80-bs\/#primaryimage"},"thumbnailUrl":"https:\/\/www.beachspirit.fr\/bs\/wp-content\/uploads\/2020\/04\/Capture-11.80.jpg","datePublished":"2026-04-02T14:09:34+00:00","dateModified":"2026-04-03T10:09:20+00:00","description":"Poulie simple \u00e0 billes 38mm viadana. cette poulie peu ch\u00e8re et de qualit\u00e9e est parfaite pour les palans d'ecoute de char \u00e0 voile loisir et le bateau","breadcrumb":{"@id":"https:\/\/www.beachspirit.fr\/bs\/produit\/poulie-simple-a-billes-viadana-38mm-v11-80-bs\/#breadcrumb"},"inLanguage":"fr-FR","potentialAction":[{"@type":"ReadAction","target":["https:\/\/www.beachspirit.fr\/bs\/produit\/poulie-simple-a-billes-viadana-38mm-v11-80-bs\/"]}]},{"@type":"ImageObject","inLanguage":"fr-FR","@id":"https:\/\/www.beachspirit.fr\/bs\/produit\/poulie-simple-a-billes-viadana-38mm-v11-80-bs\/#primaryimage","url":"https:\/\/www.beachspirit.fr\/bs\/wp-content\/uploads\/2020\/04\/Capture-11.80.jpg","contentUrl":"https:\/\/www.beachspirit.fr\/bs\/wp-content\/uploads\/2020\/04\/Capture-11.80.jpg","width":242,"height":225,"caption":"poulie bateau char \u00e0 voile viadana"},{"@type":"BreadcrumbList","@id":"https:\/\/www.beachspirit.fr\/bs\/produit\/poulie-simple-a-billes-viadana-38mm-v11-80-bs\/#breadcrumb","itemListElement":[{"@type":"ListItem","position":1,"name":"Accueil","item":"https:\/\/www.beachspirit.fr\/bs\/"},{"@type":"ListItem","position":2,"name":"Boutique","item":"https:\/\/www.beachspirit.fr\/bs\/boutique\/"},{"@type":"ListItem","position":3,"name":"Poulie simple \u00e0 billes viadana 38mm V11.80 BS"}]},{"@type":"WebSite","@id":"https:\/\/www.beachspirit.fr\/bs\/#website","url":"https:\/\/www.beachspirit.fr\/bs\/","name":"BEACH SPIRIT","description":"beach spirit approved","publisher":{"@id":"https:\/\/www.beachspirit.fr\/bs\/#organization"},"potentialAction":[{"@type":"SearchAction","target":{"@type":"EntryPoint","urlTemplate":"https:\/\/www.beachspirit.fr\/bs\/?s={search_term_string}"},"query-input":{"@type":"PropertyValueSpecification","valueRequired":true,"valueName":"search_term_string"}}],"inLanguage":"fr-FR"},{"@type":"Organization","@id":"https:\/\/www.beachspirit.fr\/bs\/#organization","name":"BEACH SPIRIT","url":"https:\/\/www.beachspirit.fr\/bs\/","logo":{"@type":"ImageObject","inLanguage":"fr-FR","@id":"https:\/\/www.beachspirit.fr\/bs\/#\/schema\/logo\/image\/","url":"http:\/\/www.beachspirit.fr\/bs\/wp-content\/uploads\/2020\/03\/logoBS-petit-2.png","contentUrl":"http:\/\/www.beachspirit.fr\/bs\/wp-content\/uploads\/2020\/03\/logoBS-petit-2.png","width":200,"height":117,"caption":"BEACH SPIRIT"},"image":{"@id":"https:\/\/www.beachspirit.fr\/bs\/#\/schema\/logo\/image\/"},"sameAs":["https:\/\/www.facebook.com\/beachspirit.fr\/","https:\/\/www.instagram.com\/beachspirit.fr\/"]}]}},"_links":{"self":[{"href":"https:\/\/www.beachspirit.fr\/bs\/wp-json\/wp\/v2\/product\/29824","targetHints":{"allow":["GET"]}}],"collection":[{"href":"https:\/\/www.beachspirit.fr\/bs\/wp-json\/wp\/v2\/product"}],"about":[{"href":"https:\/\/www.beachspirit.fr\/bs\/wp-json\/wp\/v2\/types\/product"}],"replies":[{"embeddable":true,"href":"https:\/\/www.beachspirit.fr\/bs\/wp-json\/wp\/v2\/comments?post=29824"}],"wp:featuredmedia":[{"embeddable":true,"href":"https:\/\/www.beachspirit.fr\/bs\/wp-json\/wp\/v2\/media\/29364"}],"wp:attachment":[{"href":"https:\/\/www.beachspirit.fr\/bs\/wp-json\/wp\/v2\/media?parent=29824"}],"wp:term":[{"taxonomy":"product_brand","embeddable":true,"href":"https:\/\/www.beachspirit.fr\/bs\/wp-json\/wp\/v2\/product_brand?post=29824"},{"taxonomy":"product_cat","embeddable":true,"href":"https:\/\/www.beachspirit.fr\/bs\/wp-json\/wp\/v2\/product_cat?post=29824"},{"taxonomy":"product_tag","embeddable":true,"href":"https:\/\/www.beachspirit.fr\/bs\/wp-json\/wp\/v2\/product_tag?post=29824"}],"curies":[{"name":"wp","href":"https:\/\/api.w.org\/{rel}","templated":true}]}}