{"id":29826,"date":"2026-04-02T15:21:41","date_gmt":"2026-04-02T14:21:41","guid":{"rendered":"https:\/\/www.beachspirit.fr\/bs\/?post_type=product&#038;p=29826"},"modified":"2026-04-03T10:34:34","modified_gmt":"2026-04-03T09:34:34","slug":"poulies-winch-debrayable-viadana-57-mm-v14-10-bs","status":"publish","type":"product","link":"https:\/\/www.beachspirit.fr\/bs\/produit\/poulies-winch-debrayable-viadana-57-mm-v14-10-bs\/","title":{"rendered":"Poulie winch d\u00e9brayable Viadana 57 mm V14.10 BS"},"content":{"rendered":"<h3><span style=\"color: #ff6600;\">Poulie winch bateau char \u00e0 voile Viadana 57 mm ref 14.10<\/span><\/h3>\n<p>Poulie winch d\u00e9brayable de fabrication italienne, r\u00e9a 57 mm, \u00e9merillon orientable et blocable. cette poulie \u00e0 billes Viadana d&rsquo;un tr\u00e8s bon rapport qualit\u00e9 prix est\u00a0 Id\u00e9ale en bateau, notamment en d\u00e9riveur et en char \u00e0 voile blokart\/mini\/loisirs\/promo\/5\/Stdt.<\/p>\n<p><span style=\"color: #000000;\">Vous cherchez un produit sp\u00e9cifique :<\/span><\/p>\n<p><a href=\"http:\/\/www.viadana.it\/wp-content\/uploads\/2014\/04\/viadana_bassa.pdf\" target=\"_blank\" rel=\"noopener noreferrer\">http:\/\/www.viadana.it\/wp-content\/uploads\/2014\/04\/viadana_bassa.pdf <\/a><span style=\"color: #000000;\">et n&rsquo;h\u00e9sitez pas \u00e0 nous <\/span><a href=\"https:\/\/www.beachspirit.fr\/bs\/nous-contacter\/\" target=\"_blank\" rel=\"noopener noreferrer\">contacter<\/a><\/p>\n","protected":false},"excerpt":{"rendered":"<h2><span style=\"color: #ff6600;\">Poulie winch d\u00e9brayable Viadana 57 mm (ref 14.10)<\/span><\/h2>\n","protected":false},"featured_media":1653,"comment_status":"open","ping_status":"closed","template":"","meta":[],"product_brand":[],"product_cat":[592,573],"product_tag":[],"class_list":{"0":"post-29826","1":"product","2":"type-product","3":"status-publish","4":"has-post-thumbnail","6":"product_cat-base-sud-touquet","7":"product_cat-boutique-club-sportwear-articles-vetements-technique","8":"product_shipping_class-tarif-suivant-poids","10":"first","11":"instock","12":"purchasable","13":"product-type-simple"},"yoast_head":"<!-- This site is optimized with the Yoast SEO plugin v27.4 - https:\/\/yoast.com\/product\/yoast-seo-wordpress\/ -->\n<title>Poulie winch d\u00e9brayable Viadana 57 mm V14.10 BS - BEACH SPIRIT<\/title>\n<meta name=\"description\" content=\"Poulie winch d\u00e9brayable 57mm. Indispensable pour les efforts longs, cette poulie de fabrication italienne est parfaite en char \u00e0 voile bateau et d\u00e9riveur.\" \/>\n<meta name=\"robots\" content=\"index, follow, max-snippet:-1, max-image-preview:large, max-video-preview:-1\" \/>\n<link rel=\"canonical\" href=\"https:\/\/www.beachspirit.fr\/bs\/produit\/poulies-winch-debrayable-viadana-57-mm-v14-10-bs\/\" \/>\n<meta property=\"og:locale\" content=\"fr_FR\" \/>\n<meta property=\"og:type\" content=\"article\" \/>\n<meta property=\"og:title\" content=\"Poulie winch d\u00e9brayable Viadana 57 mm V14.10 BS - BEACH SPIRIT\" \/>\n<meta property=\"og:description\" content=\"Poulie winch d\u00e9brayable 57mm. Indispensable pour les efforts longs, cette poulie de fabrication italienne est parfaite en char \u00e0 voile bateau et d\u00e9riveur.\" \/>\n<meta property=\"og:url\" content=\"https:\/\/www.beachspirit.fr\/bs\/produit\/poulies-winch-debrayable-viadana-57-mm-v14-10-bs\/\" \/>\n<meta property=\"og:site_name\" content=\"BEACH SPIRIT\" \/>\n<meta property=\"article:publisher\" content=\"https:\/\/www.facebook.com\/beachspirit.fr\/\" \/>\n<meta property=\"article:modified_time\" content=\"2026-04-03T09:34:34+00:00\" \/>\n<meta property=\"og:image\" content=\"https:\/\/www.beachspirit.fr\/bs\/wp-content\/uploads\/2016\/02\/VIADANA-WINCH.jpg\" \/>\n\t<meta property=\"og:image:width\" content=\"500\" \/>\n\t<meta property=\"og:image:height\" content=\"500\" \/>\n\t<meta property=\"og:image:type\" content=\"image\/jpeg\" \/>\n<meta name=\"twitter:card\" content=\"summary_large_image\" \/>\n<meta name=\"twitter:label1\" content=\"Dur\u00e9e de lecture estim\u00e9e\" \/>\n\t<meta name=\"twitter:data1\" content=\"1 minute\" \/>\n<script type=\"application\/ld+json\" class=\"yoast-schema-graph\">{\"@context\":\"https:\\\/\\\/schema.org\",\"@graph\":[{\"@type\":\"WebPage\",\"@id\":\"https:\\\/\\\/www.beachspirit.fr\\\/bs\\\/produit\\\/poulies-winch-debrayable-viadana-57-mm-v14-10-bs\\\/\",\"url\":\"https:\\\/\\\/www.beachspirit.fr\\\/bs\\\/produit\\\/poulies-winch-debrayable-viadana-57-mm-v14-10-bs\\\/\",\"name\":\"Poulie winch d\u00e9brayable Viadana 57 mm V14.10 BS - BEACH SPIRIT\",\"isPartOf\":{\"@id\":\"https:\\\/\\\/www.beachspirit.fr\\\/bs\\\/#website\"},\"primaryImageOfPage\":{\"@id\":\"https:\\\/\\\/www.beachspirit.fr\\\/bs\\\/produit\\\/poulies-winch-debrayable-viadana-57-mm-v14-10-bs\\\/#primaryimage\"},\"image\":{\"@id\":\"https:\\\/\\\/www.beachspirit.fr\\\/bs\\\/produit\\\/poulies-winch-debrayable-viadana-57-mm-v14-10-bs\\\/#primaryimage\"},\"thumbnailUrl\":\"https:\\\/\\\/www.beachspirit.fr\\\/bs\\\/wp-content\\\/uploads\\\/2016\\\/02\\\/VIADANA-WINCH.jpg\",\"datePublished\":\"2026-04-02T14:21:41+00:00\",\"dateModified\":\"2026-04-03T09:34:34+00:00\",\"description\":\"Poulie winch d\u00e9brayable 57mm. Indispensable pour les efforts longs, cette poulie de fabrication italienne est parfaite en char \u00e0 voile bateau et d\u00e9riveur.\",\"breadcrumb\":{\"@id\":\"https:\\\/\\\/www.beachspirit.fr\\\/bs\\\/produit\\\/poulies-winch-debrayable-viadana-57-mm-v14-10-bs\\\/#breadcrumb\"},\"inLanguage\":\"fr-FR\",\"potentialAction\":[{\"@type\":\"ReadAction\",\"target\":[\"https:\\\/\\\/www.beachspirit.fr\\\/bs\\\/produit\\\/poulies-winch-debrayable-viadana-57-mm-v14-10-bs\\\/\"]}]},{\"@type\":\"ImageObject\",\"inLanguage\":\"fr-FR\",\"@id\":\"https:\\\/\\\/www.beachspirit.fr\\\/bs\\\/produit\\\/poulies-winch-debrayable-viadana-57-mm-v14-10-bs\\\/#primaryimage\",\"url\":\"https:\\\/\\\/www.beachspirit.fr\\\/bs\\\/wp-content\\\/uploads\\\/2016\\\/02\\\/VIADANA-WINCH.jpg\",\"contentUrl\":\"https:\\\/\\\/www.beachspirit.fr\\\/bs\\\/wp-content\\\/uploads\\\/2016\\\/02\\\/VIADANA-WINCH.jpg\",\"width\":500,\"height\":500,\"caption\":\"poulie winch 57mm bateau char \u00e0 voile\"},{\"@type\":\"BreadcrumbList\",\"@id\":\"https:\\\/\\\/www.beachspirit.fr\\\/bs\\\/produit\\\/poulies-winch-debrayable-viadana-57-mm-v14-10-bs\\\/#breadcrumb\",\"itemListElement\":[{\"@type\":\"ListItem\",\"position\":1,\"name\":\"Accueil\",\"item\":\"https:\\\/\\\/www.beachspirit.fr\\\/bs\\\/\"},{\"@type\":\"ListItem\",\"position\":2,\"name\":\"Boutique\",\"item\":\"https:\\\/\\\/www.beachspirit.fr\\\/bs\\\/boutique\\\/\"},{\"@type\":\"ListItem\",\"position\":3,\"name\":\"Poulie winch d\u00e9brayable Viadana 57 mm V14.10 BS\"}]},{\"@type\":\"WebSite\",\"@id\":\"https:\\\/\\\/www.beachspirit.fr\\\/bs\\\/#website\",\"url\":\"https:\\\/\\\/www.beachspirit.fr\\\/bs\\\/\",\"name\":\"BEACH SPIRIT\",\"description\":\"beach spirit approved\",\"publisher\":{\"@id\":\"https:\\\/\\\/www.beachspirit.fr\\\/bs\\\/#organization\"},\"potentialAction\":[{\"@type\":\"SearchAction\",\"target\":{\"@type\":\"EntryPoint\",\"urlTemplate\":\"https:\\\/\\\/www.beachspirit.fr\\\/bs\\\/?s={search_term_string}\"},\"query-input\":{\"@type\":\"PropertyValueSpecification\",\"valueRequired\":true,\"valueName\":\"search_term_string\"}}],\"inLanguage\":\"fr-FR\"},{\"@type\":\"Organization\",\"@id\":\"https:\\\/\\\/www.beachspirit.fr\\\/bs\\\/#organization\",\"name\":\"BEACH SPIRIT\",\"url\":\"https:\\\/\\\/www.beachspirit.fr\\\/bs\\\/\",\"logo\":{\"@type\":\"ImageObject\",\"inLanguage\":\"fr-FR\",\"@id\":\"https:\\\/\\\/www.beachspirit.fr\\\/bs\\\/#\\\/schema\\\/logo\\\/image\\\/\",\"url\":\"http:\\\/\\\/www.beachspirit.fr\\\/bs\\\/wp-content\\\/uploads\\\/2020\\\/03\\\/logoBS-petit-2.png\",\"contentUrl\":\"http:\\\/\\\/www.beachspirit.fr\\\/bs\\\/wp-content\\\/uploads\\\/2020\\\/03\\\/logoBS-petit-2.png\",\"width\":200,\"height\":117,\"caption\":\"BEACH SPIRIT\"},\"image\":{\"@id\":\"https:\\\/\\\/www.beachspirit.fr\\\/bs\\\/#\\\/schema\\\/logo\\\/image\\\/\"},\"sameAs\":[\"https:\\\/\\\/www.facebook.com\\\/beachspirit.fr\\\/\",\"https:\\\/\\\/www.instagram.com\\\/beachspirit.fr\\\/\"]}]}<\/script>\n<!-- \/ Yoast SEO plugin. -->","yoast_head_json":{"title":"Poulie winch d\u00e9brayable Viadana 57 mm V14.10 BS - BEACH SPIRIT","description":"Poulie winch d\u00e9brayable 57mm. Indispensable pour les efforts longs, cette poulie de fabrication italienne est parfaite en char \u00e0 voile bateau et d\u00e9riveur.","robots":{"index":"index","follow":"follow","max-snippet":"max-snippet:-1","max-image-preview":"max-image-preview:large","max-video-preview":"max-video-preview:-1"},"canonical":"https:\/\/www.beachspirit.fr\/bs\/produit\/poulies-winch-debrayable-viadana-57-mm-v14-10-bs\/","og_locale":"fr_FR","og_type":"article","og_title":"Poulie winch d\u00e9brayable Viadana 57 mm V14.10 BS - BEACH SPIRIT","og_description":"Poulie winch d\u00e9brayable 57mm. Indispensable pour les efforts longs, cette poulie de fabrication italienne est parfaite en char \u00e0 voile bateau et d\u00e9riveur.","og_url":"https:\/\/www.beachspirit.fr\/bs\/produit\/poulies-winch-debrayable-viadana-57-mm-v14-10-bs\/","og_site_name":"BEACH SPIRIT","article_publisher":"https:\/\/www.facebook.com\/beachspirit.fr\/","article_modified_time":"2026-04-03T09:34:34+00:00","og_image":[{"width":500,"height":500,"url":"https:\/\/www.beachspirit.fr\/bs\/wp-content\/uploads\/2016\/02\/VIADANA-WINCH.jpg","type":"image\/jpeg"}],"twitter_card":"summary_large_image","twitter_misc":{"Dur\u00e9e de lecture estim\u00e9e":"1 minute"},"schema":{"@context":"https:\/\/schema.org","@graph":[{"@type":"WebPage","@id":"https:\/\/www.beachspirit.fr\/bs\/produit\/poulies-winch-debrayable-viadana-57-mm-v14-10-bs\/","url":"https:\/\/www.beachspirit.fr\/bs\/produit\/poulies-winch-debrayable-viadana-57-mm-v14-10-bs\/","name":"Poulie winch d\u00e9brayable Viadana 57 mm V14.10 BS - BEACH SPIRIT","isPartOf":{"@id":"https:\/\/www.beachspirit.fr\/bs\/#website"},"primaryImageOfPage":{"@id":"https:\/\/www.beachspirit.fr\/bs\/produit\/poulies-winch-debrayable-viadana-57-mm-v14-10-bs\/#primaryimage"},"image":{"@id":"https:\/\/www.beachspirit.fr\/bs\/produit\/poulies-winch-debrayable-viadana-57-mm-v14-10-bs\/#primaryimage"},"thumbnailUrl":"https:\/\/www.beachspirit.fr\/bs\/wp-content\/uploads\/2016\/02\/VIADANA-WINCH.jpg","datePublished":"2026-04-02T14:21:41+00:00","dateModified":"2026-04-03T09:34:34+00:00","description":"Poulie winch d\u00e9brayable 57mm. Indispensable pour les efforts longs, cette poulie de fabrication italienne est parfaite en char \u00e0 voile bateau et d\u00e9riveur.","breadcrumb":{"@id":"https:\/\/www.beachspirit.fr\/bs\/produit\/poulies-winch-debrayable-viadana-57-mm-v14-10-bs\/#breadcrumb"},"inLanguage":"fr-FR","potentialAction":[{"@type":"ReadAction","target":["https:\/\/www.beachspirit.fr\/bs\/produit\/poulies-winch-debrayable-viadana-57-mm-v14-10-bs\/"]}]},{"@type":"ImageObject","inLanguage":"fr-FR","@id":"https:\/\/www.beachspirit.fr\/bs\/produit\/poulies-winch-debrayable-viadana-57-mm-v14-10-bs\/#primaryimage","url":"https:\/\/www.beachspirit.fr\/bs\/wp-content\/uploads\/2016\/02\/VIADANA-WINCH.jpg","contentUrl":"https:\/\/www.beachspirit.fr\/bs\/wp-content\/uploads\/2016\/02\/VIADANA-WINCH.jpg","width":500,"height":500,"caption":"poulie winch 57mm bateau char \u00e0 voile"},{"@type":"BreadcrumbList","@id":"https:\/\/www.beachspirit.fr\/bs\/produit\/poulies-winch-debrayable-viadana-57-mm-v14-10-bs\/#breadcrumb","itemListElement":[{"@type":"ListItem","position":1,"name":"Accueil","item":"https:\/\/www.beachspirit.fr\/bs\/"},{"@type":"ListItem","position":2,"name":"Boutique","item":"https:\/\/www.beachspirit.fr\/bs\/boutique\/"},{"@type":"ListItem","position":3,"name":"Poulie winch d\u00e9brayable Viadana 57 mm V14.10 BS"}]},{"@type":"WebSite","@id":"https:\/\/www.beachspirit.fr\/bs\/#website","url":"https:\/\/www.beachspirit.fr\/bs\/","name":"BEACH SPIRIT","description":"beach spirit approved","publisher":{"@id":"https:\/\/www.beachspirit.fr\/bs\/#organization"},"potentialAction":[{"@type":"SearchAction","target":{"@type":"EntryPoint","urlTemplate":"https:\/\/www.beachspirit.fr\/bs\/?s={search_term_string}"},"query-input":{"@type":"PropertyValueSpecification","valueRequired":true,"valueName":"search_term_string"}}],"inLanguage":"fr-FR"},{"@type":"Organization","@id":"https:\/\/www.beachspirit.fr\/bs\/#organization","name":"BEACH SPIRIT","url":"https:\/\/www.beachspirit.fr\/bs\/","logo":{"@type":"ImageObject","inLanguage":"fr-FR","@id":"https:\/\/www.beachspirit.fr\/bs\/#\/schema\/logo\/image\/","url":"http:\/\/www.beachspirit.fr\/bs\/wp-content\/uploads\/2020\/03\/logoBS-petit-2.png","contentUrl":"http:\/\/www.beachspirit.fr\/bs\/wp-content\/uploads\/2020\/03\/logoBS-petit-2.png","width":200,"height":117,"caption":"BEACH SPIRIT"},"image":{"@id":"https:\/\/www.beachspirit.fr\/bs\/#\/schema\/logo\/image\/"},"sameAs":["https:\/\/www.facebook.com\/beachspirit.fr\/","https:\/\/www.instagram.com\/beachspirit.fr\/"]}]}},"_links":{"self":[{"href":"https:\/\/www.beachspirit.fr\/bs\/wp-json\/wp\/v2\/product\/29826","targetHints":{"allow":["GET"]}}],"collection":[{"href":"https:\/\/www.beachspirit.fr\/bs\/wp-json\/wp\/v2\/product"}],"about":[{"href":"https:\/\/www.beachspirit.fr\/bs\/wp-json\/wp\/v2\/types\/product"}],"replies":[{"embeddable":true,"href":"https:\/\/www.beachspirit.fr\/bs\/wp-json\/wp\/v2\/comments?post=29826"}],"wp:featuredmedia":[{"embeddable":true,"href":"https:\/\/www.beachspirit.fr\/bs\/wp-json\/wp\/v2\/media\/1653"}],"wp:attachment":[{"href":"https:\/\/www.beachspirit.fr\/bs\/wp-json\/wp\/v2\/media?parent=29826"}],"wp:term":[{"taxonomy":"product_brand","embeddable":true,"href":"https:\/\/www.beachspirit.fr\/bs\/wp-json\/wp\/v2\/product_brand?post=29826"},{"taxonomy":"product_cat","embeddable":true,"href":"https:\/\/www.beachspirit.fr\/bs\/wp-json\/wp\/v2\/product_cat?post=29826"},{"taxonomy":"product_tag","embeddable":true,"href":"https:\/\/www.beachspirit.fr\/bs\/wp-json\/wp\/v2\/product_tag?post=29826"}],"curies":[{"name":"wp","href":"https:\/\/api.w.org\/{rel}","templated":true}]}}